{"id":3334,"date":"2021-09-29T20:44:12","date_gmt":"2021-09-29T20:44:12","guid":{"rendered":"https:\/\/demo.gloriathemes.com\/loquet\/demo\/?page_id=3334"},"modified":"2025-12-17T21:11:05","modified_gmt":"2025-12-17T21:11:05","slug":"pecas-do-mes","status":"publish","type":"page","link":"https:\/\/museurealcompanhiavelha.pt\/en\/pecas-do-mes\/","title":{"rendered":"Pe\u00e7as do M\u00eas"},"content":{"rendered":"<div data-elementor-type=\"wp-page\" data-elementor-id=\"3334\" class=\"elementor elementor-3334\" data-elementor-post-type=\"page\">\n\t\t\t\t\t\t<section class=\"elementor-section elementor-top-section elementor-element elementor-element-350e7e3 elementor-section-height-min-height elementor-section-stretched elementor-section-boxed elementor-section-height-default elementor-section-items-middle\" data-id=\"350e7e3\" data-element_type=\"section\" data-settings=\"{&quot;stretch_section&quot;:&quot;section-stretched&quot;,&quot;background_background&quot;:&quot;classic&quot;}\">\n\t\t\t\t\t\t\t<div class=\"elementor-background-overlay\"><\/div>\n\t\t\t\t\t\t\t<div class=\"elementor-container elementor-column-gap-no\">\n\t\t\t\t\t<div class=\"elementor-column elementor-col-100 elementor-top-column elementor-element elementor-element-2a466bb\" data-id=\"2a466bb\" data-element_type=\"column\">\n\t\t\t<div class=\"elementor-widget-wrap elementor-element-populated\">\n\t\t\t\t\t\t<div class=\"elementor-element elementor-element-6670a8f elementor-widget elementor-widget-heading\" data-id=\"6670a8f\" data-element_type=\"widget\" data-widget_type=\"heading.default\">\n\t\t\t\t\t<h1 class=\"elementor-heading-title elementor-size-default\">Object of the Month<\/h1>\t\t\t\t<\/div>\n\t\t\t\t\t<\/div>\n\t\t<\/div>\n\t\t\t\t\t<\/div>\n\t\t<\/section>\n\t\t\t\t<section class=\"elementor-section elementor-top-section elementor-element elementor-element-04b706b elementor-section-boxed elementor-section-height-default elementor-section-height-default\" data-id=\"04b706b\" data-element_type=\"section\">\n\t\t\t\t\t\t<div class=\"elementor-container elementor-column-gap-no\">\n\t\t\t\t\t<div class=\"elementor-column elementor-col-100 elementor-top-column elementor-element elementor-element-3a1869f\" data-id=\"3a1869f\" data-element_type=\"column\">\n\t\t\t<div class=\"elementor-widget-wrap elementor-element-populated\">\n\t\t\t\t\t\t<div class=\"elementor-element elementor-element-f9d5b38 elementor-widget elementor-widget-loquet-museums-widget\" data-id=\"f9d5b38\" data-element_type=\"widget\" data-widget_type=\"loquet-museums-widget.default\">\n\t\t\t\t<div class=\"elementor-widget-container\">\n\t\t\t\t\t<div class=\"gt-museum-listing  gt-style-2 gt-light gt-align-center\"><div class=\"gt-grid gt-grid-3 gt-spacing-20\"><div class=\"gt-grid-col\"><div class=\"gt-item\"><div class=\"gt-image\"><a href=\"https:\/\/museurealcompanhiavelha.pt\/en\/museum\/arrolhador\/\"><img fetchpriority=\"high\" decoding=\"async\" width=\"590\" height=\"440\" src=\"https:\/\/museurealcompanhiavelha.pt\/wp-content\/uploads\/2025\/12\/Real-Companhia-Velha-Museu-1-demarcacao-vinho-do-porto-\u2013-Arrolhador-590x440.jpg\" class=\"attachment-loquet-museum-1 size-loquet-museum-1 wp-post-image\" alt=\"\" title=\"\"><\/a><\/div><div class=\"gt-content\"><div class=\"gt-title\"><a href=\"https:\/\/museurealcompanhiavelha.pt\/en\/museum\/arrolhador\/\">Corking machine<\/a><\/div><div class=\"gt-text\"><p>Object of the month \u2013 May, 2023 Every month the Museum of the Oldest Appellation in the World highlights one of the many objects that are part of the collection shown in our permanent exhibition. Come and discover the object...<\/p>\n<\/div><div class=\"gt-line\"><\/div><div class=\"gt-details\"><div class=\"gt-detail-item\" title=\"Date of Establishment\" gt-tooltip=\"true\"><div class=\"gt-icon\"><svg xmlns=\"https:\/\/www.w3.org\/2000\/svg\" width=\"24\" height=\"24\" viewbox=\"0 0 24 24\" fill=\"none\" stroke=\"currentColor\" stroke-width=\"2\" stroke-linecap=\"round\" stroke-linejoin=\"round\"><rect x=\"3\" y=\"4\" width=\"18\" height=\"18\" rx=\"2\" ry=\"2\"><\/rect><line x1=\"16\" y1=\"2\" x2=\"16\" y2=\"6\"><\/line><line x1=\"8\" y1=\"2\" x2=\"8\" y2=\"6\"><\/line><line x1=\"3\" y1=\"10\" x2=\"21\" y2=\"10\"><\/line><\/svg><\/div>2023-05-01<\/div><\/div><\/div><\/div><\/div><div class=\"gt-grid-col\"><div class=\"gt-item\"><div class=\"gt-image\"><a href=\"https:\/\/museurealcompanhiavelha.pt\/en\/museum\/livro-de-contabilidade-4\/\"><img decoding=\"async\" width=\"590\" height=\"440\" src=\"https:\/\/museurealcompanhiavelha.pt\/wp-content\/uploads\/2025\/12\/Real-Companhia-Velha-Museu-1-demarcacao-vinho-do-porto-\u2013-Livro-de-contabilidade-4-590x440.jpg\" class=\"attachment-loquet-museum-1 size-loquet-museum-1 wp-post-image\" alt=\"\" title=\"\"><\/a><\/div><div class=\"gt-content\"><div class=\"gt-title\"><a href=\"https:\/\/museurealcompanhiavelha.pt\/en\/museum\/livro-de-contabilidade-4\/\">Accounting book<\/a><\/div><div class=\"gt-text\"><p>Object of the month \u2013 April, 2023 Every month the Museum of the Oldest Appellation in the World highlights one of the many objects that are part of the collection shown in our permanent exhibition. Come and discover the object...<\/p>\n<\/div><div class=\"gt-line\"><\/div><div class=\"gt-details\"><div class=\"gt-detail-item\" title=\"Date of Establishment\" gt-tooltip=\"true\"><div class=\"gt-icon\"><svg xmlns=\"https:\/\/www.w3.org\/2000\/svg\" width=\"24\" height=\"24\" viewbox=\"0 0 24 24\" fill=\"none\" stroke=\"currentColor\" stroke-width=\"2\" stroke-linecap=\"round\" stroke-linejoin=\"round\"><rect x=\"3\" y=\"4\" width=\"18\" height=\"18\" rx=\"2\" ry=\"2\"><\/rect><line x1=\"16\" y1=\"2\" x2=\"16\" y2=\"6\"><\/line><line x1=\"8\" y1=\"2\" x2=\"8\" y2=\"6\"><\/line><line x1=\"3\" y1=\"10\" x2=\"21\" y2=\"10\"><\/line><\/svg><\/div>2023-04-01<\/div><\/div><\/div><\/div><\/div><div class=\"gt-grid-col\"><div class=\"gt-item\"><div class=\"gt-image\"><a href=\"https:\/\/museurealcompanhiavelha.pt\/en\/museum\/matriz-de-impressao-cadp\/\"><img decoding=\"async\" width=\"590\" height=\"440\" src=\"https:\/\/museurealcompanhiavelha.pt\/wp-content\/uploads\/2025\/12\/Real-Companhia-Velha-Museu-1-demarcacao-vinho-do-porto-\u2013-Matriz-de-impressao-CADP-590x440.jpg\" class=\"attachment-loquet-museum-1 size-loquet-museum-1 wp-post-image\" alt=\"\" title=\"\"><\/a><\/div><div class=\"gt-content\"><div class=\"gt-title\"><a href=\"https:\/\/museurealcompanhiavelha.pt\/en\/museum\/matriz-de-impressao-cadp\/\">Print Matrix \u2013 CADP brand<\/a><\/div><div class=\"gt-text\"><p>Object of the month \u2013 March, 2023 Every month the Museum of the Oldest Appellation in the World highlights one of the many objects that are part of the collection shown in our permanent exhibition. Come and discover the object...<\/p>\n<\/div><div class=\"gt-line\"><\/div><div class=\"gt-details\"><div class=\"gt-detail-item\" title=\"Date of Establishment\" gt-tooltip=\"true\"><div class=\"gt-icon\"><svg xmlns=\"https:\/\/www.w3.org\/2000\/svg\" width=\"24\" height=\"24\" viewbox=\"0 0 24 24\" fill=\"none\" stroke=\"currentColor\" stroke-width=\"2\" stroke-linecap=\"round\" stroke-linejoin=\"round\"><rect x=\"3\" y=\"4\" width=\"18\" height=\"18\" rx=\"2\" ry=\"2\"><\/rect><line x1=\"16\" y1=\"2\" x2=\"16\" y2=\"6\"><\/line><line x1=\"8\" y1=\"2\" x2=\"8\" y2=\"6\"><\/line><line x1=\"3\" y1=\"10\" x2=\"21\" y2=\"10\"><\/line><\/svg><\/div>2023-03-01<\/div><\/div><\/div><\/div><\/div><div class=\"gt-grid-col\"><div class=\"gt-item\"><div class=\"gt-image\"><a href=\"https:\/\/museurealcompanhiavelha.pt\/en\/museum\/bomba-de-trasfega-2\/\"><img loading=\"lazy\" decoding=\"async\" width=\"590\" height=\"440\" src=\"https:\/\/museurealcompanhiavelha.pt\/wp-content\/uploads\/2025\/12\/Real-Companhia-Velha-Museu-1-demarcacao-vinho-do-porto-\u2013-Bomba-de-trasfega-2-590x440.jpg\" class=\"attachment-loquet-museum-1 size-loquet-museum-1 wp-post-image\" alt=\"\" title=\"\"><\/a><\/div><div class=\"gt-content\"><div class=\"gt-title\"><a href=\"https:\/\/museurealcompanhiavelha.pt\/en\/museum\/bomba-de-trasfega-2\/\">Transfer pump<\/a><\/div><div class=\"gt-text\"><p>Object of the month \u2013 February, 2023 Every month the Museum of the Oldest Appellation in the World highlights one of the many objects that are part of the collection shown in our permanent exhibition. Come and discover the object...<\/p>\n<\/div><div class=\"gt-line\"><\/div><div class=\"gt-details\"><div class=\"gt-detail-item\" title=\"Date of Establishment\" gt-tooltip=\"true\"><div class=\"gt-icon\"><svg xmlns=\"https:\/\/www.w3.org\/2000\/svg\" width=\"24\" height=\"24\" viewbox=\"0 0 24 24\" fill=\"none\" stroke=\"currentColor\" stroke-width=\"2\" stroke-linecap=\"round\" stroke-linejoin=\"round\"><rect x=\"3\" y=\"4\" width=\"18\" height=\"18\" rx=\"2\" ry=\"2\"><\/rect><line x1=\"16\" y1=\"2\" x2=\"16\" y2=\"6\"><\/line><line x1=\"8\" y1=\"2\" x2=\"8\" y2=\"6\"><\/line><line x1=\"3\" y1=\"10\" x2=\"21\" y2=\"10\"><\/line><\/svg><\/div>2023-02-01<\/div><\/div><\/div><\/div><\/div><div class=\"gt-grid-col\"><div class=\"gt-item\"><div class=\"gt-image\"><a href=\"https:\/\/museurealcompanhiavelha.pt\/en\/museum\/mascara-de-stencil-coroa\/\"><img loading=\"lazy\" decoding=\"async\" width=\"590\" height=\"440\" src=\"https:\/\/museurealcompanhiavelha.pt\/wp-content\/uploads\/2025\/12\/Real-Companhia-Velha-Museu-1-demarcacao-vinho-do-porto-\u2013-Mascara-de-Stencil-Coroa-590x440.jpg\" class=\"attachment-loquet-museum-1 size-loquet-museum-1 wp-post-image\" alt=\"\" title=\"\"><\/a><\/div><div class=\"gt-content\"><div class=\"gt-title\"><a href=\"https:\/\/museurealcompanhiavelha.pt\/en\/museum\/mascara-de-stencil-coroa\/\">Stencil mask \u201cCrown\u201d<\/a><\/div><div class=\"gt-text\"><p>Object of the month \u2013 January, 2023 Every month the Museum of the Oldest Appellation in the World highlights one of the many objects that are part of the collection shown in our permanent exhibition. Come and discover the object...<\/p>\n<\/div><div class=\"gt-line\"><\/div><div class=\"gt-details\"><div class=\"gt-detail-item\" title=\"Date of Establishment\" gt-tooltip=\"true\"><div class=\"gt-icon\"><svg xmlns=\"https:\/\/www.w3.org\/2000\/svg\" width=\"24\" height=\"24\" viewbox=\"0 0 24 24\" fill=\"none\" stroke=\"currentColor\" stroke-width=\"2\" stroke-linecap=\"round\" stroke-linejoin=\"round\"><rect x=\"3\" y=\"4\" width=\"18\" height=\"18\" rx=\"2\" ry=\"2\"><\/rect><line x1=\"16\" y1=\"2\" x2=\"16\" y2=\"6\"><\/line><line x1=\"8\" y1=\"2\" x2=\"8\" y2=\"6\"><\/line><line x1=\"3\" y1=\"10\" x2=\"21\" y2=\"10\"><\/line><\/svg><\/div>2023-01-01<\/div><\/div><\/div><\/div><\/div><div class=\"gt-grid-col\"><div class=\"gt-item\"><div class=\"gt-image\"><a href=\"https:\/\/museurealcompanhiavelha.pt\/en\/museum\/royal-oporto-tawny-40-anos\/\"><img loading=\"lazy\" decoding=\"async\" width=\"590\" height=\"440\" src=\"https:\/\/museurealcompanhiavelha.pt\/wp-content\/uploads\/2025\/12\/Real-Companhia-Velha-Museu-1-demarcacao-vinho-do-porto-\u2013-Royal-Oporto-Tawny-40-anos-590x440.jpg\" class=\"attachment-loquet-museum-1 size-loquet-museum-1 wp-post-image\" alt=\"\" title=\"\"><\/a><\/div><div class=\"gt-content\"><div class=\"gt-title\"><a href=\"https:\/\/museurealcompanhiavelha.pt\/en\/museum\/royal-oporto-tawny-40-anos\/\">Royal Oporto Tawny 40 years<\/a><\/div><div class=\"gt-text\"><p>Object of the month \u2013 December, 2022 Every month the Museum of the Oldest Appellation in the World highlights one of the many objects that are part of the collection shown in our permanent exhibition. Come and discover the object...<\/p>\n<\/div><div class=\"gt-line\"><\/div><div class=\"gt-details\"><div class=\"gt-detail-item\" title=\"Date of Establishment\" gt-tooltip=\"true\"><div class=\"gt-icon\"><svg xmlns=\"https:\/\/www.w3.org\/2000\/svg\" width=\"24\" height=\"24\" viewbox=\"0 0 24 24\" fill=\"none\" stroke=\"currentColor\" stroke-width=\"2\" stroke-linecap=\"round\" stroke-linejoin=\"round\"><rect x=\"3\" y=\"4\" width=\"18\" height=\"18\" rx=\"2\" ry=\"2\"><\/rect><line x1=\"16\" y1=\"2\" x2=\"16\" y2=\"6\"><\/line><line x1=\"8\" y1=\"2\" x2=\"8\" y2=\"6\"><\/line><line x1=\"3\" y1=\"10\" x2=\"21\" y2=\"10\"><\/line><\/svg><\/div>2022-12-01<\/div><\/div><\/div><\/div><\/div><div class=\"gt-grid-col\"><div class=\"gt-item\"><div class=\"gt-image\"><a href=\"https:\/\/museurealcompanhiavelha.pt\/en\/museum\/fotografia-armazem-da-real-companhia-velha\/\"><img loading=\"lazy\" decoding=\"async\" width=\"590\" height=\"440\" src=\"https:\/\/museurealcompanhiavelha.pt\/wp-content\/uploads\/2025\/12\/Real-Companhia-Velha-Museu-1-demarcacao-vinho-do-porto-\u2013-Fotografia-\u2013-Armazem-da-Real-Companhia-Velha-590x440.jpg\" class=\"attachment-loquet-museum-1 size-loquet-museum-1 wp-post-image\" alt=\"\" title=\"\"><\/a><\/div><div class=\"gt-content\"><div class=\"gt-title\"><a href=\"https:\/\/museurealcompanhiavelha.pt\/en\/museum\/fotografia-armazem-da-real-companhia-velha\/\">Real Companhia Velha\u2019s cellars photograph<\/a><\/div><div class=\"gt-text\"><p>Object of the month \u2013 November, 2022 Every month the Museum of the Oldest Appellation in the World highlights one of the many objects that are part of the collection shown in our permanent exhibition. Come and discover the object...<\/p>\n<\/div><div class=\"gt-line\"><\/div><div class=\"gt-details\"><div class=\"gt-detail-item\" title=\"Date of Establishment\" gt-tooltip=\"true\"><div class=\"gt-icon\"><svg xmlns=\"https:\/\/www.w3.org\/2000\/svg\" width=\"24\" height=\"24\" viewbox=\"0 0 24 24\" fill=\"none\" stroke=\"currentColor\" stroke-width=\"2\" stroke-linecap=\"round\" stroke-linejoin=\"round\"><rect x=\"3\" y=\"4\" width=\"18\" height=\"18\" rx=\"2\" ry=\"2\"><\/rect><line x1=\"16\" y1=\"2\" x2=\"16\" y2=\"6\"><\/line><line x1=\"8\" y1=\"2\" x2=\"8\" y2=\"6\"><\/line><line x1=\"3\" y1=\"10\" x2=\"21\" y2=\"10\"><\/line><\/svg><\/div>2022-11-01<\/div><\/div><\/div><\/div><\/div><div class=\"gt-grid-col\"><div class=\"gt-item\"><div class=\"gt-image\"><a href=\"https:\/\/museurealcompanhiavelha.pt\/en\/museum\/bomba-de-trasfega\/\"><img loading=\"lazy\" decoding=\"async\" width=\"590\" height=\"440\" src=\"https:\/\/museurealcompanhiavelha.pt\/wp-content\/uploads\/2025\/12\/Real-Companhia-Velha-Museu-1-demarcacao-vinho-do-porto-\u2013-Bomba-de-trasfega-590x440.jpg\" class=\"attachment-loquet-museum-1 size-loquet-museum-1 wp-post-image\" alt=\"\" title=\"\"><\/a><\/div><div class=\"gt-content\"><div class=\"gt-title\"><a href=\"https:\/\/museurealcompanhiavelha.pt\/en\/museum\/bomba-de-trasfega\/\">Transfer pump<\/a><\/div><div class=\"gt-text\"><p>Object of the month \u2013 October, 2022 Every month the Museum of the Oldest Appellation in the World highlights one of the many objects that are part of the collection shown in our permanent exhibition. Come and discover the object...<\/p>\n<\/div><div class=\"gt-line\"><\/div><div class=\"gt-details\"><div class=\"gt-detail-item\" title=\"Date of Establishment\" gt-tooltip=\"true\"><div class=\"gt-icon\"><svg xmlns=\"https:\/\/www.w3.org\/2000\/svg\" width=\"24\" height=\"24\" viewbox=\"0 0 24 24\" fill=\"none\" stroke=\"currentColor\" stroke-width=\"2\" stroke-linecap=\"round\" stroke-linejoin=\"round\"><rect x=\"3\" y=\"4\" width=\"18\" height=\"18\" rx=\"2\" ry=\"2\"><\/rect><line x1=\"16\" y1=\"2\" x2=\"16\" y2=\"6\"><\/line><line x1=\"8\" y1=\"2\" x2=\"8\" y2=\"6\"><\/line><line x1=\"3\" y1=\"10\" x2=\"21\" y2=\"10\"><\/line><\/svg><\/div>2022-10-01<\/div><\/div><\/div><\/div><\/div><div class=\"gt-grid-col\"><div class=\"gt-item\"><div class=\"gt-image\"><a href=\"https:\/\/museurealcompanhiavelha.pt\/en\/museum\/royal-oporto-tawny-20-anos\/\"><img loading=\"lazy\" decoding=\"async\" width=\"590\" height=\"440\" src=\"https:\/\/museurealcompanhiavelha.pt\/wp-content\/uploads\/2025\/12\/Real-Companhia-Velha-Museu-1-demarcacao-vinho-do-porto-\u2013-Royal-Oporto-Tawny-20-anos-590x440.jpg\" class=\"attachment-loquet-museum-1 size-loquet-museum-1 wp-post-image\" alt=\"\" title=\"\"><\/a><\/div><div class=\"gt-content\"><div class=\"gt-title\"><a href=\"https:\/\/museurealcompanhiavelha.pt\/en\/museum\/royal-oporto-tawny-20-anos\/\">Royal Oporto Tawny 20 Years<\/a><\/div><div class=\"gt-text\"><p>Object of the month \u2013 April, 2022 Every month the Museum of the Oldest Appellation in the World highlights one of the many objects that are part of the collection shown in our permanent exhibition. Come and discover the object...<\/p>\n<\/div><div class=\"gt-line\"><\/div><div class=\"gt-details\"><div class=\"gt-detail-item\" title=\"Date of Establishment\" gt-tooltip=\"true\"><div class=\"gt-icon\"><svg xmlns=\"https:\/\/www.w3.org\/2000\/svg\" width=\"24\" height=\"24\" viewbox=\"0 0 24 24\" fill=\"none\" stroke=\"currentColor\" stroke-width=\"2\" stroke-linecap=\"round\" stroke-linejoin=\"round\"><rect x=\"3\" y=\"4\" width=\"18\" height=\"18\" rx=\"2\" ry=\"2\"><\/rect><line x1=\"16\" y1=\"2\" x2=\"16\" y2=\"6\"><\/line><line x1=\"8\" y1=\"2\" x2=\"8\" y2=\"6\"><\/line><line x1=\"3\" y1=\"10\" x2=\"21\" y2=\"10\"><\/line><\/svg><\/div>2022-04-01<\/div><\/div><\/div><\/div><\/div><div class=\"gt-grid-col\"><div class=\"gt-item\"><div class=\"gt-image\"><a href=\"https:\/\/museurealcompanhiavelha.pt\/en\/museum\/fotografia-alto-douro-vinhateiro\/\"><img loading=\"lazy\" decoding=\"async\" width=\"590\" height=\"440\" src=\"https:\/\/museurealcompanhiavelha.pt\/wp-content\/uploads\/2025\/12\/Real-Companhia-Velha-Museu-1-demarcacao-vinho-do-porto-\u2013-Fotografia-\u2013-Alto-Douro-Vinhateiro-1-590x440.jpg\" class=\"attachment-loquet-museum-1 size-loquet-museum-1 wp-post-image\" alt=\"\" title=\"\"><\/a><\/div><div class=\"gt-content\"><div class=\"gt-title\"><a href=\"https:\/\/museurealcompanhiavelha.pt\/en\/museum\/fotografia-alto-douro-vinhateiro\/\">Upper Douro photograph<\/a><\/div><div class=\"gt-text\"><p>Object of the month \u2013 March, 2022 Every month the Museum of the Oldest Appellation in the World highlights one of the many objects that are part of the collection shown in our permanent exhibition. Come and discover the object...<\/p>\n<\/div><div class=\"gt-line\"><\/div><div class=\"gt-details\"><div class=\"gt-detail-item\" title=\"Date of Establishment\" gt-tooltip=\"true\"><div class=\"gt-icon\"><svg xmlns=\"https:\/\/www.w3.org\/2000\/svg\" width=\"24\" height=\"24\" viewbox=\"0 0 24 24\" fill=\"none\" stroke=\"currentColor\" stroke-width=\"2\" stroke-linecap=\"round\" stroke-linejoin=\"round\"><rect x=\"3\" y=\"4\" width=\"18\" height=\"18\" rx=\"2\" ry=\"2\"><\/rect><line x1=\"16\" y1=\"2\" x2=\"16\" y2=\"6\"><\/line><line x1=\"8\" y1=\"2\" x2=\"8\" y2=\"6\"><\/line><line x1=\"3\" y1=\"10\" x2=\"21\" y2=\"10\"><\/line><\/svg><\/div>2022-03-01<\/div><\/div><\/div><\/div><\/div><div class=\"gt-grid-col\"><div class=\"gt-item\"><div class=\"gt-image\"><a href=\"https:\/\/museurealcompanhiavelha.pt\/en\/museum\/mascara-stencil-copenhagen-2\/\"><img loading=\"lazy\" decoding=\"async\" width=\"590\" height=\"440\" src=\"https:\/\/museurealcompanhiavelha.pt\/wp-content\/uploads\/2025\/12\/Real-Companhia-Velha-Museu-1-demarcacao-vinho-do-porto-\u2013-Mascara-Stencil-\u2013-Copenhagen-590x440.jpg\" class=\"attachment-loquet-museum-1 size-loquet-museum-1 wp-post-image\" alt=\"\" title=\"\"><\/a><\/div><div class=\"gt-content\"><div class=\"gt-title\"><a href=\"https:\/\/museurealcompanhiavelha.pt\/en\/museum\/mascara-stencil-copenhagen-2\/\">Stencil mask \u201cCopenhagen\u201d<\/a><\/div><div class=\"gt-text\"><p>Object of the month \u2013 February, 2022 Every month the Museum of the Oldest Appellation in the World highlights one of the many objects that are part of the collection shown in our permanent exhibition. Come and discover the object...<\/p>\n<\/div><div class=\"gt-line\"><\/div><div class=\"gt-details\"><div class=\"gt-detail-item\" title=\"Date of Establishment\" gt-tooltip=\"true\"><div class=\"gt-icon\"><svg xmlns=\"https:\/\/www.w3.org\/2000\/svg\" width=\"24\" height=\"24\" viewbox=\"0 0 24 24\" fill=\"none\" stroke=\"currentColor\" stroke-width=\"2\" stroke-linecap=\"round\" stroke-linejoin=\"round\"><rect x=\"3\" y=\"4\" width=\"18\" height=\"18\" rx=\"2\" ry=\"2\"><\/rect><line x1=\"16\" y1=\"2\" x2=\"16\" y2=\"6\"><\/line><line x1=\"8\" y1=\"2\" x2=\"8\" y2=\"6\"><\/line><line x1=\"3\" y1=\"10\" x2=\"21\" y2=\"10\"><\/line><\/svg><\/div>2022-02-01<\/div><\/div><\/div><\/div><\/div><div class=\"gt-grid-col\"><div class=\"gt-item\"><div class=\"gt-image\"><a href=\"https:\/\/museurealcompanhiavelha.pt\/en\/museum\/tesoura-de-poda\/\"><img loading=\"lazy\" decoding=\"async\" width=\"590\" height=\"440\" src=\"https:\/\/museurealcompanhiavelha.pt\/wp-content\/uploads\/2025\/12\/Real-Companhia-Velha-Museu-1-demarcacao-vinho-do-porto-\u2013-Tesoura-de-poda-590x440.jpg\" class=\"attachment-loquet-museum-1 size-loquet-museum-1 wp-post-image\" alt=\"\" title=\"\"><\/a><\/div><div class=\"gt-content\"><div class=\"gt-title\"><a href=\"https:\/\/museurealcompanhiavelha.pt\/en\/museum\/tesoura-de-poda\/\">Pruning shears<\/a><\/div><div class=\"gt-text\"><p>Object of the month \u2013 January, 2022 Every month the Museum of the Oldest Appellation in the World highlights one of the many objects that are part of the collection shown in our permanent exhibition. Come and discover the object...<\/p>\n<\/div><div class=\"gt-line\"><\/div><div class=\"gt-details\"><div class=\"gt-detail-item\" title=\"Date of Establishment\" gt-tooltip=\"true\"><div class=\"gt-icon\"><svg xmlns=\"https:\/\/www.w3.org\/2000\/svg\" width=\"24\" height=\"24\" viewbox=\"0 0 24 24\" fill=\"none\" stroke=\"currentColor\" stroke-width=\"2\" stroke-linecap=\"round\" stroke-linejoin=\"round\"><rect x=\"3\" y=\"4\" width=\"18\" height=\"18\" rx=\"2\" ry=\"2\"><\/rect><line x1=\"16\" y1=\"2\" x2=\"16\" y2=\"6\"><\/line><line x1=\"8\" y1=\"2\" x2=\"8\" y2=\"6\"><\/line><line x1=\"3\" y1=\"10\" x2=\"21\" y2=\"10\"><\/line><\/svg><\/div>2022-01-01<\/div><\/div><\/div><\/div><\/div><\/div><div class=\"gt-pagination gt-style-1 gt-light gt-align-center\"><ul class='page-numbers'>\n\t<li><span aria-label=\"Page 1\" aria-current=\"page\" class=\"page-numbers current\" data-no-translation-aria-label=\"\">1<\/span><\/li>\n\t<li><a aria-label=\"Page 2\" class=\"page-numbers\" href=\"https:\/\/museurealcompanhiavelha.pt\/wp-json\/wp\/v2\/pages\/3334\/page\/2\/\" data-no-translation-aria-label=\"\">2<\/a><\/li>\n\t<li><a aria-label=\"Page 3\" class=\"page-numbers\" href=\"https:\/\/museurealcompanhiavelha.pt\/wp-json\/wp\/v2\/pages\/3334\/page\/3\/\" data-no-translation-aria-label=\"\">3<\/a><\/li>\n\t<li><a aria-label=\"Page 4\" class=\"page-numbers\" href=\"https:\/\/museurealcompanhiavelha.pt\/wp-json\/wp\/v2\/pages\/3334\/page\/4\/\" data-no-translation-aria-label=\"\">4<\/a><\/li>\n<\/ul>\n<\/div><\/div>\t\t\t\t<\/div>\n\t\t\t\t<\/div>\n\t\t\t\t\t<\/div>\n\t\t<\/div>\n\t\t\t\t\t<\/div>\n\t\t<\/section>\n\t\t\t\t<\/div>","protected":false},"excerpt":{"rendered":"<p>Pe\u00e7as do m\u00eas Pe\u00e7a 2 Pe\u00e7a do m\u00eas Janeiro 2026 Ol\u00e1 Mundo 2 2026-01-15Pe\u00e7a 1 Pe\u00e7a do m\u00eas Dezembro 2025 Ol\u00e1 Mundo 2025-12-18<\/p>","protected":false},"author":1,"featured_media":0,"parent":0,"menu_order":0,"comment_status":"closed","ping_status":"closed","template":"","meta":{"footnotes":""},"class_list":["post-3334","page","type-page","status-publish","hentry"],"_links":{"self":[{"href":"https:\/\/museurealcompanhiavelha.pt\/en\/wp-json\/wp\/v2\/pages\/3334","targetHints":{"allow":["GET"]}}],"collection":[{"href":"https:\/\/museurealcompanhiavelha.pt\/en\/wp-json\/wp\/v2\/pages"}],"about":[{"href":"https:\/\/museurealcompanhiavelha.pt\/en\/wp-json\/wp\/v2\/types\/page"}],"author":[{"embeddable":true,"href":"https:\/\/museurealcompanhiavelha.pt\/en\/wp-json\/wp\/v2\/users\/1"}],"replies":[{"embeddable":true,"href":"https:\/\/museurealcompanhiavelha.pt\/en\/wp-json\/wp\/v2\/comments?post=3334"}],"version-history":[{"count":22,"href":"https:\/\/museurealcompanhiavelha.pt\/en\/wp-json\/wp\/v2\/pages\/3334\/revisions"}],"predecessor-version":[{"id":8365,"href":"https:\/\/museurealcompanhiavelha.pt\/en\/wp-json\/wp\/v2\/pages\/3334\/revisions\/8365"}],"wp:attachment":[{"href":"https:\/\/museurealcompanhiavelha.pt\/en\/wp-json\/wp\/v2\/media?parent=3334"}],"curies":[{"name":"wp","href":"https:\/\/api.w.org\/{rel}","templated":true}]}}