{"id":8131,"date":"2025-12-11T18:56:38","date_gmt":"2025-12-11T18:56:38","guid":{"rendered":"https:\/\/museurealcompanhiavelha.pt\/?page_id=8131"},"modified":"2026-01-06T16:03:57","modified_gmt":"2026-01-06T16:03:57","slug":"real-companhia-velha","status":"publish","type":"page","link":"https:\/\/museurealcompanhiavelha.pt\/en\/real-companhia-velha\/","title":{"rendered":"Real Companhia Velha"},"content":{"rendered":"<div data-elementor-type=\"wp-page\" data-elementor-id=\"8131\" class=\"elementor elementor-8131\" data-elementor-post-type=\"page\">\n\t\t\t\t\t\t<section class=\"elementor-section elementor-top-section elementor-element elementor-element-e941ffb elementor-section-height-min-height elementor-section-stretched elementor-section-boxed elementor-section-height-default elementor-section-items-middle\" data-id=\"e941ffb\" data-element_type=\"section\" data-settings=\"{&quot;stretch_section&quot;:&quot;section-stretched&quot;,&quot;background_background&quot;:&quot;classic&quot;}\">\n\t\t\t\t\t\t\t<div class=\"elementor-background-overlay\"><\/div>\n\t\t\t\t\t\t\t<div class=\"elementor-container elementor-column-gap-no\">\n\t\t\t\t\t<div class=\"elementor-column elementor-col-100 elementor-top-column elementor-element elementor-element-698d45a\" data-id=\"698d45a\" data-element_type=\"column\">\n\t\t\t<div class=\"elementor-widget-wrap elementor-element-populated\">\n\t\t\t\t\t\t<div class=\"elementor-element elementor-element-89c0aa8 elementor-widget elementor-widget-heading\" data-id=\"89c0aa8\" data-element_type=\"widget\" data-widget_type=\"heading.default\">\n\t\t\t\t\t<h1 class=\"elementor-heading-title elementor-size-default\">Real Companhia Velha\n<\/h1>\t\t\t\t<\/div>\n\t\t\t\t\t<\/div>\n\t\t<\/div>\n\t\t\t\t\t<\/div>\n\t\t<\/section>\n\t\t\t\t<section class=\"elementor-section elementor-top-section elementor-element elementor-element-a51c647 elementor-section-stretched elementor-section-boxed elementor-section-height-default elementor-section-height-default\" data-id=\"a51c647\" data-element_type=\"section\" data-settings=\"{&quot;stretch_section&quot;:&quot;section-stretched&quot;,&quot;background_background&quot;:&quot;classic&quot;}\">\n\t\t\t\t\t\t<div class=\"elementor-container elementor-column-gap-no\">\n\t\t\t\t\t<div class=\"elementor-column elementor-col-50 elementor-top-column elementor-element elementor-element-4698a10\" data-id=\"4698a10\" data-element_type=\"column\">\n\t\t\t<div class=\"elementor-widget-wrap elementor-element-populated\">\n\t\t\t\t\t\t<div class=\"elementor-element elementor-element-83eeb8a elementor-widget elementor-widget-image\" data-id=\"83eeb8a\" data-element_type=\"widget\" data-widget_type=\"image.default\">\n\t\t\t\t\t\t\t\t\t\t\t\t\t\t\t<img fetchpriority=\"high\" decoding=\"async\" width=\"1400\" height=\"1400\" src=\"https:\/\/museurealcompanhiavelha.pt\/wp-content\/uploads\/2025\/11\/CECI7177-1.jpg\" class=\"attachment-full size-full wp-image-7315\" alt=\"\" srcset=\"https:\/\/museurealcompanhiavelha.pt\/wp-content\/uploads\/2025\/11\/CECI7177-1.jpg 1400w, https:\/\/museurealcompanhiavelha.pt\/wp-content\/uploads\/2025\/11\/CECI7177-1-300x300.jpg 300w, https:\/\/museurealcompanhiavelha.pt\/wp-content\/uploads\/2025\/11\/CECI7177-1-1024x1024.jpg 1024w, https:\/\/museurealcompanhiavelha.pt\/wp-content\/uploads\/2025\/11\/CECI7177-1-150x150.jpg 150w, https:\/\/museurealcompanhiavelha.pt\/wp-content\/uploads\/2025\/11\/CECI7177-1-768x768.jpg 768w, https:\/\/museurealcompanhiavelha.pt\/wp-content\/uploads\/2025\/11\/CECI7177-1-12x12.jpg 12w, https:\/\/museurealcompanhiavelha.pt\/wp-content\/uploads\/2025\/11\/CECI7177-1-100x100.jpg 100w, https:\/\/museurealcompanhiavelha.pt\/wp-content\/uploads\/2025\/11\/CECI7177-1-350x350.jpg 350w, https:\/\/museurealcompanhiavelha.pt\/wp-content\/uploads\/2025\/11\/CECI7177-1-650x650.jpg 650w, https:\/\/museurealcompanhiavelha.pt\/wp-content\/uploads\/2025\/11\/CECI7177-1-500x500.jpg 500w, https:\/\/museurealcompanhiavelha.pt\/wp-content\/uploads\/2025\/11\/CECI7177-1-415x415.jpg 415w, https:\/\/museurealcompanhiavelha.pt\/wp-content\/uploads\/2025\/11\/CECI7177-1-250x250.jpg 250w, https:\/\/museurealcompanhiavelha.pt\/wp-content\/uploads\/2025\/11\/CECI7177-1-600x600.jpg 600w\" sizes=\"(max-width: 1400px) 100vw, 1400px\" title=\"\">\t\t\t\t\t\t\t\t\t\t\t\t\t\t\t<\/div>\n\t\t\t\t\t<\/div>\n\t\t<\/div>\n\t\t\t\t<div class=\"elementor-column elementor-col-50 elementor-top-column elementor-element elementor-element-0a831af\" data-id=\"0a831af\" data-element_type=\"column\">\n\t\t\t<div class=\"elementor-widget-wrap elementor-element-populated\">\n\t\t\t\t\t\t<div class=\"elementor-element elementor-element-c0ebe2c elementor-widget elementor-widget-loquet-heading-widget\" data-id=\"c0ebe2c\" data-element_type=\"widget\" data-widget_type=\"loquet-heading-widget.default\">\n\t\t\t\t<div class=\"elementor-widget-container\">\n\t\t\t\t\t<div class=\"gt-module-title gt-style-1 gt-align-left gt-light\"><div class=\"gt-sub-title\"><span>Find out more<\/span><\/div><div class=\"gt-title\">Presentation &amp; History<\/div><\/div>\t\t\t\t<\/div>\n\t\t\t\t<\/div>\n\t\t\t\t<div class=\"elementor-element elementor-element-b9b96d0 elementor-widget elementor-widget-text-editor\" data-id=\"b9b96d0\" data-element_type=\"widget\" data-widget_type=\"text-editor.default\">\n\t\t\t\t\t\t\t\t\t<p class=\"translation-block\"><a href=\"https:\/\/realcompanhiavelha.pt\/\" target=\"_blank\" rel=\"noopener\">Real Companhia Velha<\/a> was founded by Royal Charter of King D. Jos\u00e9 I on the 10th September 1756. It has been a two-centuries old and prominent presence in the history of Portugal and particularly of the Northen region. It was, over 260 years ago, that it created, shaped, protected and elevated the Douro Demarcated Region, making it the first regulated wine region in the World.<\/p><p>When it was founded, this Chartered Company had many privileges and public powers and it had its own jurisdiction. Its origin lies in the economic and political context of the country in the mid-18th century. In particular the economic crisis linked to the export of Douro wine, and the trade and economic reorganisation carried out by the Prime Minister \u2013 Marquis of Pombal. The Companhia Geral da Agricultura das Vinhas do Alto Douro was incorporated by a large number of shareholders who were the \u201cGood Men\u201d from Porto and the main farmers in the Upper Douro region. Its main regulating mission, was based on the trade and the quality of the wine produced in Upper Douro region.<\/p><p>Through our Museum one can learn about the history of the oldest company in Portugal, which has uninterrupted activity for 269 years. Its history was marked by periods of great expansion and by the execution of major public works. Throughout that time, it overcame all vicissitudes and obstacles it faced. Real Companhia Velha is a company focused on the future yet proud of its past and it was with the intention of preserving and sharing its history that the Museum of the Oldest Appellation in the World was created.<\/p>\t\t\t\t\t\t\t\t<\/div>\n\t\t\t\t\t<\/div>\n\t\t<\/div>\n\t\t\t\t\t<\/div>\n\t\t<\/section>\n\t\t\t\t<\/div>","protected":false},"excerpt":{"rendered":"<p>Real Companhia Velha Saiba maisApresenta\u00e7\u00e3o &amp; Hist\u00f3ria A Real Companhia Velha institu\u00edda por Alvar\u00e1 R\u00e9gio de El-Rei D. Jos\u00e9 I, a 10 de Setembro de&#8230;<\/p>","protected":false},"author":1,"featured_media":0,"parent":0,"menu_order":0,"comment_status":"closed","ping_status":"closed","template":"elementor_header_footer","meta":{"footnotes":""},"class_list":["post-8131","page","type-page","status-publish","hentry"],"_links":{"self":[{"href":"https:\/\/museurealcompanhiavelha.pt\/en\/wp-json\/wp\/v2\/pages\/8131","targetHints":{"allow":["GET"]}}],"collection":[{"href":"https:\/\/museurealcompanhiavelha.pt\/en\/wp-json\/wp\/v2\/pages"}],"about":[{"href":"https:\/\/museurealcompanhiavelha.pt\/en\/wp-json\/wp\/v2\/types\/page"}],"author":[{"embeddable":true,"href":"https:\/\/museurealcompanhiavelha.pt\/en\/wp-json\/wp\/v2\/users\/1"}],"replies":[{"embeddable":true,"href":"https:\/\/museurealcompanhiavelha.pt\/en\/wp-json\/wp\/v2\/comments?post=8131"}],"version-history":[{"count":17,"href":"https:\/\/museurealcompanhiavelha.pt\/en\/wp-json\/wp\/v2\/pages\/8131\/revisions"}],"predecessor-version":[{"id":9181,"href":"https:\/\/museurealcompanhiavelha.pt\/en\/wp-json\/wp\/v2\/pages\/8131\/revisions\/9181"}],"wp:attachment":[{"href":"https:\/\/museurealcompanhiavelha.pt\/en\/wp-json\/wp\/v2\/media?parent=8131"}],"curies":[{"name":"wp","href":"https:\/\/api.w.org\/{rel}","templated":true}]}}