{"id":8303,"date":"2025-12-15T18:35:45","date_gmt":"2025-12-15T18:35:45","guid":{"rendered":"https:\/\/museurealcompanhiavelha.pt\/?page_id=8303"},"modified":"2026-04-01T15:26:12","modified_gmt":"2026-04-01T15:26:12","slug":"bilhetes","status":"publish","type":"page","link":"https:\/\/museurealcompanhiavelha.pt\/en\/bilhetes\/","title":{"rendered":"Tickets"},"content":{"rendered":"<div data-elementor-type=\"wp-page\" data-elementor-id=\"8303\" class=\"elementor elementor-8303\" data-elementor-post-type=\"page\">\n\t\t\t\t\t\t<section class=\"elementor-section elementor-top-section elementor-element elementor-element-e941ffb elementor-section-height-min-height elementor-section-stretched elementor-section-boxed elementor-section-height-default elementor-section-items-middle\" data-id=\"e941ffb\" data-element_type=\"section\" data-settings=\"{&quot;stretch_section&quot;:&quot;section-stretched&quot;,&quot;background_background&quot;:&quot;classic&quot;}\">\n\t\t\t\t\t\t\t<div class=\"elementor-background-overlay\"><\/div>\n\t\t\t\t\t\t\t<div class=\"elementor-container elementor-column-gap-no\">\n\t\t\t\t\t<div class=\"elementor-column elementor-col-100 elementor-top-column elementor-element elementor-element-698d45a\" data-id=\"698d45a\" data-element_type=\"column\">\n\t\t\t<div class=\"elementor-widget-wrap elementor-element-populated\">\n\t\t\t\t\t\t<div class=\"elementor-element elementor-element-89c0aa8 elementor-widget elementor-widget-heading\" data-id=\"89c0aa8\" data-element_type=\"widget\" data-widget_type=\"heading.default\">\n\t\t\t\t\t<h1 class=\"elementor-heading-title elementor-size-default\">Tickets<\/h1>\t\t\t\t<\/div>\n\t\t\t\t\t<\/div>\n\t\t<\/div>\n\t\t\t\t\t<\/div>\n\t\t<\/section>\n\t\t\t\t<section class=\"elementor-section elementor-top-section elementor-element elementor-element-9616212 elementor-section-content-middle elementor-section-boxed elementor-section-height-default elementor-section-height-default\" data-id=\"9616212\" data-element_type=\"section\">\n\t\t\t\t\t\t<div class=\"elementor-container elementor-column-gap-no\">\n\t\t\t\t\t<div class=\"elementor-column elementor-col-50 elementor-top-column elementor-element elementor-element-8bdb5de\" data-id=\"8bdb5de\" data-element_type=\"column\">\n\t\t\t<div class=\"elementor-widget-wrap elementor-element-populated\">\n\t\t\t\t\t\t<div class=\"elementor-element elementor-element-5f2eafb elementor-widget__width-initial elementor-widget elementor-widget-loquet-heading-widget\" data-id=\"5f2eafb\" data-element_type=\"widget\" data-widget_type=\"loquet-heading-widget.default\">\n\t\t\t\t<div class=\"elementor-widget-container\">\n\t\t\t\t\t<div class=\"gt-module-title gt-style-1 gt-align-left gt-light\"><div class=\"gt-sub-title\"><span>Experience the Museum of the Oldest Appellation in the World<\/span><\/div><div class=\"gt-title\">Tickets<\/div><\/div>\t\t\t\t<\/div>\n\t\t\t\t<\/div>\n\t\t\t\t<div class=\"elementor-element elementor-element-19a57c7 elementor-widget elementor-widget-heading\" data-id=\"19a57c7\" data-element_type=\"widget\" data-widget_type=\"heading.default\">\n\t\t\t\t\t<div class=\"elementor-heading-title elementor-size-default\">Permanent Exhibition<\/div>\t\t\t\t<\/div>\n\t\t\t\t<div class=\"elementor-element elementor-element-3e8e850 elementor-widget elementor-widget-text-editor\" data-id=\"3e8e850\" data-element_type=\"widget\" data-widget_type=\"text-editor.default\">\n\t\t\t\t\t\t\t\t\t<p>Come and discover the history of this company and its inseparable relationship with the history of Port wine, a product it has elevated as a symbol of this region.<\/p>\t\t\t\t\t\t\t\t<\/div>\n\t\t\t\t<div class=\"elementor-element elementor-element-f36d2f5 elementor-widget elementor-widget-shortcode\" data-id=\"f36d2f5\" data-element_type=\"widget\" data-widget_type=\"shortcode.default\">\n\t\t\t\t\t\t\t<div class=\"elementor-shortcode\">\n<div class=\"rcv-event-list rcv-event-list--cols-2 rcv-event-list--rows-1\">\n\n\t\t\t\t\t<div class=\"rcv-ev-card\"\n\t\t     data-event-id=\"1\"\n\t\t     data-event-name=\"Entrada Museu\"\n\t\t     data-min-price=\"5.00\"\n\t\t     data-popup-template=\"two-col\"\n\t\t     data-rest-base=\"https:\/\/museurealcompanhiavelha.pt\/en\/wp-json\/\"\n\t\t     data-nonce=\"672e93f6b1\"\n\t\t     data-add-to-cart=\"https:\/\/museurealcompanhiavelha.pt\/en\/cart\/\">\n\n\t\t\t<div class=\"rcv-ev-card__media\"\n\t\t\t     \t\t\t     style=\"background-image:url('https:\/\/museurealcompanhiavelha.pt\/wp-content\/uploads\/2026\/04\/Entrada-Simples.jpg')\"\n\t\t\t     \t\t\t     role=\"img\"\n\t\t\t     aria-label=\"Museum Entrance\">\n\t\t\t<\/div>\n\n\t\t\t<div class=\"rcv-ev-card__overlay\">\n\t\t\t\t<div class=\"rcv-ev-card__body\">\n\t\t\t\t\t<h3 class=\"rcv-ev-card__name\">Museum Entrance<\/h3>\n\t\t\t\t\t<div class=\"rcv-ev-card__meta\">\n\t\t\t\t\t\t\t\t\t\t\t\t\t\t\t\t\t\t<span class=\"rcv-ev-card__price-badge\">&euro;5<\/span>\n\t\t\t\t\t\t\t\t\t\t\t\t\t\t\t\t\t\t\t<span class=\"rcv-ev-card__desc\">Ticket includes access to Museum of the Oldest Appellation in the World\u2019s\npermanent exhibition<\/span>\n\t\t\t\t\t\t\t\t\t\t\t<\/div>\n\t\t\t\t\t<button type=\"button\" class=\"rcv-ev-card__btn rcv-ev-card__btn--book\">\n\t\t\t\t\t\tSelecionar data\t\t\t\t\t<\/button>\n\t\t\t\t<\/div>\n\t\t\t<\/div>\n\n\t\t<\/div>\n\t\n<\/div>\n\n\n<div id=\"rcv-ev-overlay\" class=\"rcv-ev-overlay\" aria-hidden=\"true\" role=\"dialog\" aria-modal=\"true\">\n\t<div class=\"rcv-ev-overlay__backdrop\"><\/div>\n\t<div class=\"rcv-ev-overlay__dialog\">\n\t\t<button type=\"button\" class=\"rcv-ev-overlay__close\" aria-label=\"Fechar\">\n\t\t\t<svg width=\"18\" height=\"18\" viewbox=\"0 0 18 18\" fill=\"none\" xmlns=\"http:\/\/www.w3.org\/2000\/svg\" aria-hidden=\"true\"><path d=\"M1 1L17 17M17 1L1 17\" stroke=\"currentColor\" stroke-width=\"2\" stroke-linecap=\"round\"\/><\/svg>\n\t\t<\/button>\n\t\t<div class=\"rcv-ev-overlay__content\"><\/div>\n\t<\/div>\n<\/div>\n\n<template id=\"rcv-bw-shell\">\n\n\t\t<div class=\"rcv-bw-step rcv-bw-step--calendar\" data-step=\"calendar\">\n\t\t<div class=\"rcv-bw-calendar\">\n\t\t\t<div class=\"rcv-bw-calendar__nav\">\n\t\t\t\t<div class=\"rcv-bw-cal__nav-selects\">\n\t\t\t\t\t<select class=\"rcv-bw-cal__month-select\" aria-label=\"M\u00eas\"><\/select>\n\t\t\t\t\t<select class=\"rcv-bw-cal__year-select\" aria-label=\"Ano\"><\/select>\n\t\t\t\t<\/div>\n\t\t\t\t<div class=\"rcv-bw-cal__nav-btns\">\n\t\t\t\t\t<button type=\"button\" class=\"rcv-bw-btn rcv-bw-cal__today\">Hoje<\/button>\n\t\t\t\t\t<button type=\"button\" class=\"rcv-bw-btn rcv-bw-btn--icon rcv-bw-cal__prev\" aria-label=\"M\u00eas anterior\">&#8249;<\/button>\n\t\t\t\t\t<button type=\"button\" class=\"rcv-bw-btn rcv-bw-btn--icon rcv-bw-cal__next\" aria-label=\"Pr\u00f3ximo m\u00eas\">&#8250;<\/button>\n\t\t\t\t<\/div>\n\t\t\t<\/div>\n\t\t\t<div class=\"rcv-bw-calendar__grid\"><\/div>\n\t\t<\/div>\n\t\t<div class=\"rcv-bw-slots-panel\" hidden>\n\t\t\t<p class=\"rcv-bw-slots-panel__date\"><\/p>\n\t\t\t<div class=\"rcv-bw-slots\"><\/div>\n\t\t<\/div>\n\t<\/div>\n\n\t\t<div class=\"rcv-bw-step rcv-bw-step--tickets\" data-step=\"tickets\" hidden>\n\n\t\t\t\t<div class=\"rcv-bw-booking-header\">\n\t\t\t<div class=\"rcv-bw-booking-header__img-wrap\"><\/div>\n\t\t\t<div class=\"rcv-bw-booking-header__info\">\n\t\t\t\t<h2 class=\"rcv-bw-booking-header__name\"><\/h2>\n\t\t\t\t<p class=\"rcv-bw-booking-header__slot\"><\/p>\n\t\t\t\t<p class=\"rcv-bw-booking-header__headline\"><\/p>\n\t\t\t<\/div>\n\t\t<\/div>\n\n\t\t<button type=\"button\" class=\"rcv-bw-back-link rcv-bw-back\" data-back=\"calendar\">\n\t\t\t&larr; Escolha uma data ou hora diferente\t\t<\/button>\n\n\t\t\t\t<div class=\"rcv-bw-ticket-layout\">\n\n\t\t\t<div class=\"rcv-bw-ticket-layout__main\">\n\t\t\t\t<h3 class=\"rcv-bw-ticket-layout__title\"><\/h3>\n\t\t\t\t<ul class=\"rcv-bw-ticket-types\"><\/ul>\n\n\t\t\t\t\t\t\t\t<div class=\"rcv-bw-extras\" hidden><\/div>\n\n\t\t\t\t\t\t\t\t<div class=\"rcv-bw-cancellation\" hidden><\/div>\n\t\t\t<\/div>\n\n\t\t\t<div class=\"rcv-bw-ticket-layout__sidebar\">\n\t\t\t\t<table class=\"rcv-bw-totals\">\n\t\t\t\t\t<tbody>\n\t\t\t\t\t\t<tr class=\"rcv-bw-totals__row rcv-bw-totals__row--subtotal\">\n\t\t\t\t\t\t\t<td>Subtotal<\/td>\n\t\t\t\t\t\t\t<td class=\"rcv-bw-totals__val rcv-bw-totals__val--subtotal\">\u2014<\/td>\n\t\t\t\t\t\t<\/tr>\n\t\t\t\t\t\t<tr class=\"rcv-bw-totals__row rcv-bw-totals__row--total\">\n\t\t\t\t\t\t\t<td>Total<\/td>\n\t\t\t\t\t\t\t<td class=\"rcv-bw-totals__val rcv-bw-totals__val--total\">\u2014<\/td>\n\t\t\t\t\t\t<\/tr>\n\t\t\t\t\t<\/tbody>\n\t\t\t\t<\/table>\n\t\t\t\t<button type=\"button\" class=\"rcv-bw-btn rcv-bw-btn--primary rcv-bw-btn--huge rcv-bw-add-to-cart\" disabled>\n\t\t\t\t\tAdicionar ao carrinho \u203a\n\t\t\t\t<\/button>\n\t\t\t\t<p class=\"rcv-bw-timer\" hidden><\/p>\n\t\t\t<\/div>\n\n\t\t<\/div>\t<\/div>\n\t<div class=\"rcv-bw-notice\" role=\"alert\" aria-live=\"polite\" hidden><\/div>\n\t<div class=\"rcv-bw-loader\" aria-hidden=\"true\" hidden>\n\t\t<span class=\"rcv-bw-spinner\"><\/span>\n\t<\/div>\n<\/template>\n\n<template id=\"rcv-bw-shell-two-col\">\n\t<div class=\"rcv-bw-popup\">\n\t\t<div class=\"rcv-bw-popup__left\"><\/div>\n\t\t<div class=\"rcv-bw-popup__right\"><\/div>\n\t<\/div>\n<\/template>\n<\/div>\n\t\t\t\t\t\t<\/div>\n\t\t\t\t<div class=\"elementor-element elementor-element-5e09e45 elementor-widget elementor-widget-heading\" data-id=\"5e09e45\" data-element_type=\"widget\" data-widget_type=\"heading.default\">\n\t\t\t\t\t<div class=\"elementor-heading-title elementor-size-default\">Permanent Exhibition and Port Wine Tastings<\/div>\t\t\t\t<\/div>\n\t\t\t\t<div class=\"elementor-element elementor-element-6a936e0 elementor-widget elementor-widget-text-editor\" data-id=\"6a936e0\" data-element_type=\"widget\" data-widget_type=\"text-editor.default\">\n\t\t\t\t\t\t\t\t\t<p>Discover the history of this company while deepening your connection to Port wine, culminating in a tasting experience that will allow you to savour the authenticity and tradition that have marked generations.<\/p>\t\t\t\t\t\t\t\t<\/div>\n\t\t\t\t<div class=\"elementor-element elementor-element-9f12dd2 elementor-widget elementor-widget-shortcode\" data-id=\"9f12dd2\" data-element_type=\"widget\" data-widget_type=\"shortcode.default\">\n\t\t\t\t\t\t\t<div class=\"elementor-shortcode\">\n<div class=\"rcv-event-list rcv-event-list--cols-2\">\n\n\t\t\t\t\t<div class=\"rcv-ev-card\"\n\t\t     data-event-id=\"2\"\n\t\t     data-event-name=\"Porto Experience\"\n\t\t     data-min-price=\"12.00\"\n\t\t     data-popup-template=\"two-col\"\n\t\t     data-rest-base=\"https:\/\/museurealcompanhiavelha.pt\/en\/wp-json\/\"\n\t\t     data-nonce=\"672e93f6b1\"\n\t\t     data-add-to-cart=\"https:\/\/museurealcompanhiavelha.pt\/en\/cart\/\">\n\n\t\t\t<div class=\"rcv-ev-card__media\"\n\t\t\t     \t\t\t     style=\"background-image:url('https:\/\/museurealcompanhiavelha.pt\/wp-content\/uploads\/2026\/04\/Porto-Experience-1.jpg')\"\n\t\t\t     \t\t\t     role=\"img\"\n\t\t\t     aria-label=\"Porto Experience\">\n\t\t\t<\/div>\n\n\t\t\t<div class=\"rcv-ev-card__overlay\">\n\t\t\t\t<div class=\"rcv-ev-card__body\">\n\t\t\t\t\t<h3 class=\"rcv-ev-card__name\">Porto Experience<\/h3>\n\t\t\t\t\t<div class=\"rcv-ev-card__meta\">\n\t\t\t\t\t\t\t\t\t\t\t\t\t\t\t\t\t\t<span class=\"rcv-ev-card__price-badge\">&euro;12<\/span>\n\t\t\t\t\t\t\t\t\t\t\t\t\t\t\t\t\t\t\t<span class=\"rcv-ev-card__desc\">Ticket includes access to Museum of the Oldest Appellation in the World\u2019s\npermanent exhibition followed by a 2 Port wine tasting.<\/span>\n\t\t\t\t\t\t\t\t\t\t\t<\/div>\n\t\t\t\t\t<button type=\"button\" class=\"rcv-ev-card__btn rcv-ev-card__btn--book\">\n\t\t\t\t\t\tSelecionar data\t\t\t\t\t<\/button>\n\t\t\t\t<\/div>\n\t\t\t<\/div>\n\n\t\t<\/div>\n\t\t\t\t\t<div class=\"rcv-ev-card\"\n\t\t     data-event-id=\"3\"\n\t\t     data-event-name=\"Enoteca Experience\"\n\t\t     data-min-price=\"22.00\"\n\t\t     data-popup-template=\"two-col\"\n\t\t     data-rest-base=\"https:\/\/museurealcompanhiavelha.pt\/en\/wp-json\/\"\n\t\t     data-nonce=\"672e93f6b1\"\n\t\t     data-add-to-cart=\"https:\/\/museurealcompanhiavelha.pt\/en\/cart\/\">\n\n\t\t\t<div class=\"rcv-ev-card__media\"\n\t\t\t     \t\t\t     style=\"background-image:url('https:\/\/museurealcompanhiavelha.pt\/wp-content\/uploads\/2026\/04\/Enoteca-Experience-2.jpg')\"\n\t\t\t     \t\t\t     role=\"img\"\n\t\t\t     aria-label=\"Enoteca Experience\">\n\t\t\t<\/div>\n\n\t\t\t<div class=\"rcv-ev-card__overlay\">\n\t\t\t\t<div class=\"rcv-ev-card__body\">\n\t\t\t\t\t<h3 class=\"rcv-ev-card__name\">Enoteca Experience<\/h3>\n\t\t\t\t\t<div class=\"rcv-ev-card__meta\">\n\t\t\t\t\t\t\t\t\t\t\t\t\t\t\t\t\t\t<span class=\"rcv-ev-card__price-badge\">&euro;22<\/span>\n\t\t\t\t\t\t\t\t\t\t\t\t\t\t\t\t\t\t\t<span class=\"rcv-ev-card__desc\">Ticket includes access to Museum of the Oldest Appellation in the World\u2019s permanent exhibition followed by a 4 Port wine tasting.<\/span>\n\t\t\t\t\t\t\t\t\t\t\t<\/div>\n\t\t\t\t\t<button type=\"button\" class=\"rcv-ev-card__btn rcv-ev-card__btn--book\">\n\t\t\t\t\t\tSelecionar data\t\t\t\t\t<\/button>\n\t\t\t\t<\/div>\n\t\t\t<\/div>\n\n\t\t<\/div>\n\t\n<\/div>\n\n<\/div>\n\t\t\t\t\t\t<\/div>\n\t\t\t\t<div class=\"elementor-element elementor-element-c2755a6 elementor-widget elementor-widget-heading\" data-id=\"c2755a6\" data-element_type=\"widget\" data-widget_type=\"heading.default\">\n\t\t\t\t\t<h2 class=\"elementor-heading-title elementor-size-default\">Port Wine Tasting Sets<\/h2>\t\t\t\t<\/div>\n\t\t\t\t<div class=\"elementor-element elementor-element-59f40c9 elementor-widget elementor-widget-text-editor\" data-id=\"59f40c9\" data-element_type=\"widget\" data-widget_type=\"text-editor.default\">\n\t\t\t\t\t\t\t\t\t<p>Enjoy an exclusive Port wine tasting, where you can appreciate its aromas, flavours and unique characteristics, guided by the heritage and mastery that distinguish this Company.<\/p>\t\t\t\t\t\t\t\t<\/div>\n\t\t\t\t<div class=\"elementor-element elementor-element-c6fb3a6 elementor-widget elementor-widget-shortcode\" data-id=\"c6fb3a6\" data-element_type=\"widget\" data-widget_type=\"shortcode.default\">\n\t\t\t\t\t\t\t<div class=\"elementor-shortcode\">\n<div class=\"rcv-event-list rcv-event-list--cols-2\">\n\n\t\t\t\t\t<div class=\"rcv-ev-card\"\n\t\t     data-event-id=\"4\"\n\t\t     data-event-name=\"Prova Cl\u00e1ssica\"\n\t\t     data-min-price=\"10.00\"\n\t\t     data-popup-template=\"two-col\"\n\t\t     data-rest-base=\"https:\/\/museurealcompanhiavelha.pt\/en\/wp-json\/\"\n\t\t     data-nonce=\"672e93f6b1\"\n\t\t     data-add-to-cart=\"https:\/\/museurealcompanhiavelha.pt\/en\/cart\/\">\n\n\t\t\t<div class=\"rcv-ev-card__media\"\n\t\t\t     \t\t\t     style=\"background-image:url('https:\/\/museurealcompanhiavelha.pt\/wp-content\/uploads\/2026\/04\/Prova-Classica-scaled.jpg')\"\n\t\t\t     \t\t\t     role=\"img\"\n\t\t\t     aria-label=\"Classic Tasting\">\n\t\t\t<\/div>\n\n\t\t\t<div class=\"rcv-ev-card__overlay\">\n\t\t\t\t<div class=\"rcv-ev-card__body\">\n\t\t\t\t\t<h3 class=\"rcv-ev-card__name\">Classic Tasting<\/h3>\n\t\t\t\t\t<div class=\"rcv-ev-card__meta\">\n\t\t\t\t\t\t\t\t\t\t\t\t\t\t\t\t\t\t<span class=\"rcv-ev-card__price-badge\">&euro;10<\/span>\n\t\t\t\t\t\t\t\t\t\t\t\t\t\t\t\t\t\t\t<span class=\"rcv-ev-card__desc\">Ticket only includes access to the Museum of the Oldest Appellation in the World\u2019s tasting room, where the selected wine tastings will be presented.<\/span>\n\t\t\t\t\t\t\t\t\t\t\t<\/div>\n\t\t\t\t\t<button type=\"button\" class=\"rcv-ev-card__btn rcv-ev-card__btn--book\">\n\t\t\t\t\t\tSelecionar data\t\t\t\t\t<\/button>\n\t\t\t\t<\/div>\n\t\t\t<\/div>\n\n\t\t<\/div>\n\t\t\t\t\t<div class=\"rcv-ev-card\"\n\t\t     data-event-id=\"5\"\n\t\t     data-event-name=\"Prova Premium\"\n\t\t     data-min-price=\"20.00\"\n\t\t     data-popup-template=\"two-col\"\n\t\t     data-rest-base=\"https:\/\/museurealcompanhiavelha.pt\/en\/wp-json\/\"\n\t\t     data-nonce=\"672e93f6b1\"\n\t\t     data-add-to-cart=\"https:\/\/museurealcompanhiavelha.pt\/en\/cart\/\">\n\n\t\t\t<div class=\"rcv-ev-card__media\"\n\t\t\t     \t\t\t     style=\"background-image:url('https:\/\/museurealcompanhiavelha.pt\/wp-content\/uploads\/2026\/04\/Prova-Premium.jpg')\"\n\t\t\t     \t\t\t     role=\"img\"\n\t\t\t     aria-label=\"Premium Tasting\">\n\t\t\t<\/div>\n\n\t\t\t<div class=\"rcv-ev-card__overlay\">\n\t\t\t\t<div class=\"rcv-ev-card__body\">\n\t\t\t\t\t<h3 class=\"rcv-ev-card__name\">Premium Tasting<\/h3>\n\t\t\t\t\t<div class=\"rcv-ev-card__meta\">\n\t\t\t\t\t\t\t\t\t\t\t\t\t\t\t\t\t\t<span class=\"rcv-ev-card__price-badge\">&euro;20<\/span>\n\t\t\t\t\t\t\t\t\t\t\t\t\t\t\t\t\t\t\t<span class=\"rcv-ev-card__desc\">Ticket only includes access to the Museum of the Oldest Appellation in the World\u2019s tasting room, where the selected wine tastings will be presented.<\/span>\n\t\t\t\t\t\t\t\t\t\t\t<\/div>\n\t\t\t\t\t<button type=\"button\" class=\"rcv-ev-card__btn rcv-ev-card__btn--book\">\n\t\t\t\t\t\tSelecionar data\t\t\t\t\t<\/button>\n\t\t\t\t<\/div>\n\t\t\t<\/div>\n\n\t\t<\/div>\n\t\t\t\t\t<div class=\"rcv-ev-card\"\n\t\t     data-event-id=\"6\"\n\t\t     data-event-name=\"Prova Fundadores\"\n\t\t     data-min-price=\"25.00\"\n\t\t     data-popup-template=\"two-col\"\n\t\t     data-rest-base=\"https:\/\/museurealcompanhiavelha.pt\/en\/wp-json\/\"\n\t\t     data-nonce=\"672e93f6b1\"\n\t\t     data-add-to-cart=\"https:\/\/museurealcompanhiavelha.pt\/en\/cart\/\">\n\n\t\t\t<div class=\"rcv-ev-card__media\"\n\t\t\t     \t\t\t     style=\"background-image:url('https:\/\/museurealcompanhiavelha.pt\/wp-content\/uploads\/2026\/04\/Prova-Fundadores.jpg')\"\n\t\t\t     \t\t\t     role=\"img\"\n\t\t\t     aria-label=\"Founders Tasting\">\n\t\t\t<\/div>\n\n\t\t\t<div class=\"rcv-ev-card__overlay\">\n\t\t\t\t<div class=\"rcv-ev-card__body\">\n\t\t\t\t\t<h3 class=\"rcv-ev-card__name\">Founders Tasting<\/h3>\n\t\t\t\t\t<div class=\"rcv-ev-card__meta\">\n\t\t\t\t\t\t\t\t\t\t\t\t\t\t\t\t\t\t<span class=\"rcv-ev-card__price-badge\">&euro;25<\/span>\n\t\t\t\t\t\t\t\t\t\t\t\t\t\t\t\t\t\t\t<span class=\"rcv-ev-card__desc\">Ticket only includes access to the Museum of the Oldest Appellation in the World\u2019s tasting room, where the selected wine tastings will be presented.<\/span>\n\t\t\t\t\t\t\t\t\t\t\t<\/div>\n\t\t\t\t\t<button type=\"button\" class=\"rcv-ev-card__btn rcv-ev-card__btn--book\">\n\t\t\t\t\t\tSelecionar data\t\t\t\t\t<\/button>\n\t\t\t\t<\/div>\n\t\t\t<\/div>\n\n\t\t<\/div>\n\t\n<\/div>\n\n<\/div>\n\t\t\t\t\t\t<\/div>\n\t\t\t\t\t<\/div>\n\t\t<\/div>\n\t\t\t\t<div class=\"elementor-column elementor-col-50 elementor-top-column elementor-element elementor-element-452a222\" data-id=\"452a222\" data-element_type=\"column\" data-settings=\"{&quot;background_background&quot;:&quot;classic&quot;}\">\n\t\t\t<div class=\"elementor-widget-wrap elementor-element-populated\">\n\t\t\t\t\t\t<div class=\"elementor-element elementor-element-c3cae7b elementor-widget elementor-widget-global elementor-global-9202 elementor-widget-loquet-service-boxes-widget\" data-id=\"c3cae7b\" data-element_type=\"widget\" data-widget_type=\"loquet-service-boxes-widget.default\">\n\t\t\t\t<div class=\"elementor-widget-container\">\n\t\t\t\t\t<div class=\"gt-service-boxes gt-style-5 gt-light gt-align-left\"><div class=\"gt-grid gt-grid-1 gt-spacing-0\"><div class=\"gt-grid-col\"><div class=\"gt-item\"><div class=\"gt-left\"><div class=\"gt-image\"><\/div><\/div><div class=\"gt-right\"><div class=\"gt-title\">Schedules<\/div><div class=\"gt-content\"><p class=\"translation-block\"><strong>Open <\/strong>Tuesday to Saturday<br>between 10:30 am and 6:30 pm <span style=\"font-weight: 400\">(last admission - <\/span><b>6:00 pm<\/b><span style=\"font-weight: 400\">) <\/span><\/p>\n<p class=\"translation-block\"><span style=\"font-weight: 400\"> Sunday between 11:00 am and 1:00 pm and between 2:00 pm and 6:30 pm (last admission - <\/span><b>6:00 pm<\/b><span style=\"font-weight: 400\">).\u00a0<\/span><\/p>\n<p class=\"translation-block\"><b>Closed<\/b><span style=\"font-weight: 400\">  on Monday. And on December 25th and January 1st.<\/span><\/p>\n<\/div><\/div><\/div><\/div><\/div><\/div>\t\t\t\t<\/div>\n\t\t\t\t<\/div>\n\t\t\t\t<div class=\"elementor-element elementor-element-03afe81 elementor-widget-divider--view-line elementor-widget elementor-widget-divider\" data-id=\"03afe81\" data-element_type=\"widget\" data-widget_type=\"divider.default\">\n\t\t\t\t\t\t\t<div class=\"elementor-divider\">\n\t\t\t<span class=\"elementor-divider-separator\">\n\t\t\t\t\t\t<\/span>\n\t\t<\/div>\n\t\t\t\t\t\t<\/div>\n\t\t\t\t<div class=\"elementor-element elementor-element-da36312 elementor-widget elementor-widget-loquet-service-boxes-widget\" data-id=\"da36312\" data-element_type=\"widget\" data-widget_type=\"loquet-service-boxes-widget.default\">\n\t\t\t\t<div class=\"elementor-widget-container\">\n\t\t\t\t\t<div class=\"gt-service-boxes gt-style-5 gt-light gt-align-left\"><div class=\"gt-grid gt-grid-1 gt-spacing-0\"><div class=\"gt-grid-col\"><div class=\"gt-item\"><div class=\"gt-left\"><div class=\"gt-image\"><\/div><\/div><div class=\"gt-right\"><div class=\"gt-title\">Localisation<\/div><div class=\"gt-content\"><p>Alameda da Rua Serpa Pinto, 44b<br \/>Av. Ramos Pinto, no. 118<br \/>Vila Nova de Gaia<\/p>\n<\/div><\/div><\/div><\/div><\/div><\/div>\t\t\t\t<\/div>\n\t\t\t\t<\/div>\n\t\t\t\t\t<\/div>\n\t\t<\/div>\n\t\t\t\t\t<\/div>\n\t\t<\/section>\n\t\t\t\t<\/div>","protected":false},"excerpt":{"rendered":"<p>Bilhetes Experimente o Museu da 1\u00aa Demarca\u00e7\u00e3oBilhetes Exposi\u00e7\u00e3o Permanente Venha conhecer a hist\u00f3ria desta Companhia e a sua rela\u00e7\u00e3o indissoci\u00e1vel com a hist\u00f3ria do vinho&#8230;<\/p>","protected":false},"author":1,"featured_media":0,"parent":0,"menu_order":0,"comment_status":"closed","ping_status":"closed","template":"elementor_header_footer","meta":{"footnotes":""},"class_list":["post-8303","page","type-page","status-publish","hentry"],"_links":{"self":[{"href":"https:\/\/museurealcompanhiavelha.pt\/en\/wp-json\/wp\/v2\/pages\/8303","targetHints":{"allow":["GET"]}}],"collection":[{"href":"https:\/\/museurealcompanhiavelha.pt\/en\/wp-json\/wp\/v2\/pages"}],"about":[{"href":"https:\/\/museurealcompanhiavelha.pt\/en\/wp-json\/wp\/v2\/types\/page"}],"author":[{"embeddable":true,"href":"https:\/\/museurealcompanhiavelha.pt\/en\/wp-json\/wp\/v2\/users\/1"}],"replies":[{"embeddable":true,"href":"https:\/\/museurealcompanhiavelha.pt\/en\/wp-json\/wp\/v2\/comments?post=8303"}],"version-history":[{"count":31,"href":"https:\/\/museurealcompanhiavelha.pt\/en\/wp-json\/wp\/v2\/pages\/8303\/revisions"}],"predecessor-version":[{"id":9856,"href":"https:\/\/museurealcompanhiavelha.pt\/en\/wp-json\/wp\/v2\/pages\/8303\/revisions\/9856"}],"wp:attachment":[{"href":"https:\/\/museurealcompanhiavelha.pt\/en\/wp-json\/wp\/v2\/media?parent=8303"}],"curies":[{"name":"wp","href":"https:\/\/api.w.org\/{rel}","templated":true}]}}