{"id":9561,"date":"2026-03-25T15:26:36","date_gmt":"2026-03-25T15:26:36","guid":{"rendered":"https:\/\/museurealcompanhiavelha.pt\/?page_id=9561"},"modified":"2026-03-25T15:34:22","modified_gmt":"2026-03-25T15:34:22","slug":"termos-e-condicoes","status":"publish","type":"page","link":"https:\/\/museurealcompanhiavelha.pt\/en\/termos-e-condicoes\/","title":{"rendered":"Terms and Conditions"},"content":{"rendered":"<h1 class=\"wp-block-heading\"><strong>Terms and Conditions<\/strong><\/h1>\n\n\n\n<p><strong>Museu Real Companhia Velha<\/strong><\/p>\n\n\n\n<h2 class=\"wp-block-heading\"><strong>1. Purpose<\/strong><\/h2>\n\n\n\n<p>These terms govern the use of the website and the purchase of tickets and experiences associated with the Museum.<\/p>\n\n\n\n<hr class=\"wp-block-separator has-alpha-channel-opacity\"\/>\n\n\n\n<h2 class=\"wp-block-heading\"><strong>2. Access to the website<\/strong><\/h2>\n\n\n\n<p>The user undertakes to:<\/p>\n\n\n\n<p>Use the website lawfully<\/p>\n\n\n\n<p>Not upload unlawful content<\/p>\n\n\n\n<p>Not compromise the security of the system<\/p>\n\n\n\n<hr class=\"wp-block-separator has-alpha-channel-opacity\"\/>\n\n\n\n<h2 class=\"wp-block-heading\"><strong>3. Purchase of tickets<\/strong><\/h2>\n\n\n\n<p>The purchase is considered valid upon confirmation of payment.<\/p>\n\n\n\n<p>Tickets:<\/p>\n\n\n\n<p>Are personal and non-transferable, unless otherwise stated<\/p>\n\n\n\n<p>May be subject to availability<\/p>\n\n\n\n<p>Must be presented at the entrance<\/p>\n\n\n\n<hr class=\"wp-block-separator has-alpha-channel-opacity\"\/>\n\n\n\n<h2 class=\"wp-block-heading\"><strong>4. Cancellations and refunds<\/strong><\/h2>\n\n\n\n<p>Specific policies may apply:<\/p>\n\n\n\n<p>Changes due to museum operational reasons<\/p>\n\n\n\n<p>Impossibility due to force majeure<\/p>\n\n\n\n<p>Rules defined at the time of purchase<\/p>\n\n\n\n<hr class=\"wp-block-separator has-alpha-channel-opacity\"\/>\n\n\n\n<h2 class=\"wp-block-heading\"><strong>5. Opening hours and operations<\/strong><\/h2>\n\n\n\n<p>The museum may change opening hours or close temporarily for technical, operational or legal reasons.<\/p>\n\n\n\n<hr class=\"wp-block-separator has-alpha-channel-opacity\"\/>\n\n\n\n<h2 class=\"wp-block-heading\"><strong>6. Intellectual property<\/strong><\/h2>\n\n\n\n<p>All content on the website is the property of the Museum \/ Real Companhia Velha.<\/p>\n\n\n\n<p>Reproduction without authorisation is prohibited.<\/p>\n\n\n\n<hr class=\"wp-block-separator has-alpha-channel-opacity\"\/>\n\n\n\n<h2 class=\"wp-block-heading\"><strong>7. Liability<\/strong><\/h2>\n\n\n\n<p>The museum accepts no liability for:<\/p>\n\n\n\n<p>External technical faults<\/p>\n\n\n\n<p>Misuse of the website<\/p>\n\n\n\n<p>Indirect losses resulting from use<\/p>\n\n\n\n<hr class=\"wp-block-separator has-alpha-channel-opacity\"\/>\n\n\n\n<h2 class=\"wp-block-heading\"><strong>8. Data protection<\/strong><\/h2>\n\n\n\n<p>The rules of the Privacy Policy apply.<\/p>\n\n\n\n<hr class=\"wp-block-separator has-alpha-channel-opacity\"\/>\n\n\n\n<h2 class=\"wp-block-heading\"><strong>9. Applicable law<\/strong><\/h2>\n\n\n\n<p>Portuguese law.<\/p>\n\n\n\n<p>Competent court: Vila Nova de Gaia.<\/p>\n\n\n\n<hr class=\"wp-block-separator has-alpha-channel-opacity\"\/>\n\n\n\n<h2 class=\"wp-block-heading\"><strong>10. Contact details<\/strong><\/h2>\n\n\n\n<p>Email: geral@museurealcompanhiavelha.pt<\/p>\n\n\n\n<p>Telephone: +351 222 448 501<\/p>","protected":false},"excerpt":{"rendered":"<p>Termos e Condi\u00e7\u00f5es Museu Real Companhia Velha 1. Objeto Os presentes termos regulam a utiliza\u00e7\u00e3o do website e a compra de bilhetes e experi\u00eancias associadas&#8230;<\/p>","protected":false},"author":1,"featured_media":0,"parent":0,"menu_order":0,"comment_status":"closed","ping_status":"closed","template":"","meta":{"footnotes":""},"class_list":["post-9561","page","type-page","status-publish","hentry"],"_links":{"self":[{"href":"https:\/\/museurealcompanhiavelha.pt\/en\/wp-json\/wp\/v2\/pages\/9561","targetHints":{"allow":["GET"]}}],"collection":[{"href":"https:\/\/museurealcompanhiavelha.pt\/en\/wp-json\/wp\/v2\/pages"}],"about":[{"href":"https:\/\/museurealcompanhiavelha.pt\/en\/wp-json\/wp\/v2\/types\/page"}],"author":[{"embeddable":true,"href":"https:\/\/museurealcompanhiavelha.pt\/en\/wp-json\/wp\/v2\/users\/1"}],"replies":[{"embeddable":true,"href":"https:\/\/museurealcompanhiavelha.pt\/en\/wp-json\/wp\/v2\/comments?post=9561"}],"version-history":[{"count":2,"href":"https:\/\/museurealcompanhiavelha.pt\/en\/wp-json\/wp\/v2\/pages\/9561\/revisions"}],"predecessor-version":[{"id":9566,"href":"https:\/\/museurealcompanhiavelha.pt\/en\/wp-json\/wp\/v2\/pages\/9561\/revisions\/9566"}],"wp:attachment":[{"href":"https:\/\/museurealcompanhiavelha.pt\/en\/wp-json\/wp\/v2\/media?parent=9561"}],"curies":[{"name":"wp","href":"https:\/\/api.w.org\/{rel}","templated":true}]}}