{"id":8084,"date":"2025-12-11T16:15:07","date_gmt":"2025-12-11T16:15:07","guid":{"rendered":"https:\/\/museurealcompanhiavelha.pt\/?page_id=8084"},"modified":"2026-03-25T15:31:29","modified_gmt":"2026-03-25T15:31:29","slug":"peca-do-mes","status":"publish","type":"page","link":"https:\/\/museurealcompanhiavelha.pt\/es\/peca-do-mes\/","title":{"rendered":"Pieza del mes"},"content":{"rendered":"<div data-elementor-type=\"wp-page\" data-elementor-id=\"8084\" class=\"elementor elementor-8084\" data-elementor-post-type=\"page\">\n\t\t\t\t\t\t<section class=\"elementor-section elementor-top-section elementor-element elementor-element-e941ffb elementor-section-height-min-height elementor-section-stretched elementor-section-boxed elementor-section-height-default elementor-section-items-middle\" data-id=\"e941ffb\" data-element_type=\"section\" data-settings=\"{&quot;stretch_section&quot;:&quot;section-stretched&quot;,&quot;background_background&quot;:&quot;classic&quot;}\">\n\t\t\t\t\t\t\t<div class=\"elementor-background-overlay\"><\/div>\n\t\t\t\t\t\t\t<div class=\"elementor-container elementor-column-gap-no\">\n\t\t\t\t\t<div class=\"elementor-column elementor-col-100 elementor-top-column elementor-element elementor-element-698d45a\" data-id=\"698d45a\" data-element_type=\"column\">\n\t\t\t<div class=\"elementor-widget-wrap elementor-element-populated\">\n\t\t\t\t\t\t<div class=\"elementor-element elementor-element-89c0aa8 elementor-widget elementor-widget-heading\" data-id=\"89c0aa8\" data-element_type=\"widget\" data-widget_type=\"heading.default\">\n\t\t\t\t\t<h1 class=\"elementor-heading-title elementor-size-default\">Pieza del mes<\/h1>\t\t\t\t<\/div>\n\t\t\t\t\t<\/div>\n\t\t<\/div>\n\t\t\t\t\t<\/div>\n\t\t<\/section>\n\t\t\t\t<section class=\"elementor-section elementor-top-section elementor-element elementor-element-c99db23 elementor-section-stretched elementor-section-boxed elementor-section-height-default elementor-section-height-default\" data-id=\"c99db23\" data-element_type=\"section\" data-settings=\"{&quot;stretch_section&quot;:&quot;section-stretched&quot;,&quot;background_background&quot;:&quot;classic&quot;}\">\n\t\t\t\t\t\t<div class=\"elementor-container elementor-column-gap-no\">\n\t\t\t\t\t<div class=\"elementor-column elementor-col-50 elementor-top-column elementor-element elementor-element-b426e54\" data-id=\"b426e54\" data-element_type=\"column\">\n\t\t\t<div class=\"elementor-widget-wrap elementor-element-populated\">\n\t\t\t\t\t\t<div class=\"elementor-element elementor-element-8a4175e elementor-widget elementor-widget-image\" data-id=\"8a4175e\" data-element_type=\"widget\" data-widget_type=\"image.default\">\n\t\t\t\t\t\t\t\t\t\t\t\t\t\t\t<img fetchpriority=\"high\" decoding=\"async\" width=\"1400\" height=\"1400\" src=\"https:\/\/museurealcompanhiavelha.pt\/wp-content\/uploads\/2026\/01\/Cartela.jpg\" class=\"attachment-full size-full wp-image-9132\" alt=\"\" srcset=\"https:\/\/museurealcompanhiavelha.pt\/wp-content\/uploads\/2026\/01\/Cartela.jpg 1400w, https:\/\/museurealcompanhiavelha.pt\/wp-content\/uploads\/2026\/01\/Cartela-300x300.jpg 300w, https:\/\/museurealcompanhiavelha.pt\/wp-content\/uploads\/2026\/01\/Cartela-1024x1024.jpg 1024w, https:\/\/museurealcompanhiavelha.pt\/wp-content\/uploads\/2026\/01\/Cartela-150x150.jpg 150w, https:\/\/museurealcompanhiavelha.pt\/wp-content\/uploads\/2026\/01\/Cartela-768x768.jpg 768w, https:\/\/museurealcompanhiavelha.pt\/wp-content\/uploads\/2026\/01\/Cartela-12x12.jpg 12w, https:\/\/museurealcompanhiavelha.pt\/wp-content\/uploads\/2026\/01\/Cartela-100x100.jpg 100w, https:\/\/museurealcompanhiavelha.pt\/wp-content\/uploads\/2026\/01\/Cartela-350x350.jpg 350w, https:\/\/museurealcompanhiavelha.pt\/wp-content\/uploads\/2026\/01\/Cartela-650x650.jpg 650w, https:\/\/museurealcompanhiavelha.pt\/wp-content\/uploads\/2026\/01\/Cartela-500x500.jpg 500w, https:\/\/museurealcompanhiavelha.pt\/wp-content\/uploads\/2026\/01\/Cartela-415x415.jpg 415w, https:\/\/museurealcompanhiavelha.pt\/wp-content\/uploads\/2026\/01\/Cartela-250x250.jpg 250w, https:\/\/museurealcompanhiavelha.pt\/wp-content\/uploads\/2026\/01\/Cartela-600x600.jpg 600w\" sizes=\"(max-width: 1400px) 100vw, 1400px\" title=\"\">\t\t\t\t\t\t\t\t\t\t\t\t\t\t\t<\/div>\n\t\t\t\t\t<\/div>\n\t\t<\/div>\n\t\t\t\t<div class=\"elementor-column elementor-col-50 elementor-top-column elementor-element elementor-element-d7ee804\" data-id=\"d7ee804\" data-element_type=\"column\">\n\t\t\t<div class=\"elementor-widget-wrap elementor-element-populated\">\n\t\t\t\t\t\t<div class=\"elementor-element elementor-element-8db9457 elementor-widget elementor-widget-loquet-heading-widget\" data-id=\"8db9457\" data-element_type=\"widget\" data-widget_type=\"loquet-heading-widget.default\">\n\t\t\t\t<div class=\"elementor-widget-container\">\n\t\t\t\t\t<div class=\"gt-module-title gt-style-1 gt-align-left gt-light\"><div class=\"gt-sub-title\"><span>Pieza del mes - Enero<\/span><\/div><div class=\"gt-title\">Cartela<\/div><\/div>\t\t\t\t<\/div>\n\t\t\t\t<\/div>\n\t\t\t\t<div class=\"elementor-element elementor-element-4ad9267 elementor-widget elementor-widget-text-editor\" data-id=\"4ad9267\" data-element_type=\"widget\" data-widget_type=\"text-editor.default\">\n\t\t\t\t\t\t\t\t\t<p><span style=\"font-size: inherit;\">En el a\u00f1o en que la Real Companhia celebra su 270.\u00ba aniversario, hemos elegido un objeto con cierto simbolismo, ya que tambi\u00e9n representa la primera etapa de la empresa, cuando a\u00fan era una empresa majestuosa. Esta cartela en talla de madera dorada es contempor\u00e1nea de la fundaci\u00f3n de la Compa\u00f1\u00eda en el siglo XVIII. Al haber sido fundada por Real Decreto del rey Jos\u00e9 I de Portugal, varias piezas de su fase inicial ostentan las armas reales, s\u00edmbolo de su tutela regia. Esta pieza procede de la antigua Casa de la Compa\u00f1\u00eda, situada en Rua das Flores, en Oporto, lugar donde se estableci\u00f3 la primera sede de la empresa hasta 1961.<\/span><\/p><p>La cartela se expone as\u00ed en la tercera secci\u00f3n del recorrido expositivo del Museo de la 1.\u00aa Demarcaci\u00f3n. A trav\u00e9s de su narrativa, colecci\u00f3n y medios interactivos, este espacio pone de relieve los privilegios, obligaciones y estatutos de la que es la empresa m\u00e1s antigua de Portugal con actividad ininterrumpida en el pa\u00eds. Un periodo cronol\u00f3gico que abarca desde su fundaci\u00f3n en 1756 hasta 1834 (a\u00f1o en que pierde sus privilegios con la llegada del liberalismo a Portugal).<\/p>\t\t\t\t\t\t\t\t<\/div>\n\t\t\t\t\t<\/div>\n\t\t<\/div>\n\t\t\t\t\t<\/div>\n\t\t<\/section>\n\t\t\t\t<section class=\"elementor-section elementor-top-section elementor-element elementor-element-41be68c elementor-section-content-middle elementor-section-boxed elementor-section-height-default elementor-section-height-default\" data-id=\"41be68c\" data-element_type=\"section\" data-settings=\"{&quot;background_background&quot;:&quot;classic&quot;}\">\n\t\t\t\t\t\t<div class=\"elementor-container elementor-column-gap-no\">\n\t\t\t\t\t<div class=\"elementor-column elementor-col-50 elementor-top-column elementor-element elementor-element-3aceaa1\" data-id=\"3aceaa1\" data-element_type=\"column\">\n\t\t\t<div class=\"elementor-widget-wrap elementor-element-populated\">\n\t\t\t\t\t\t<div class=\"elementor-element elementor-element-927a78c elementor-widget elementor-widget-loquet-service-boxes-widget\" data-id=\"927a78c\" data-element_type=\"widget\" data-widget_type=\"loquet-service-boxes-widget.default\">\n\t\t\t\t<div class=\"elementor-widget-container\">\n\t\t\t\t\t<div class=\"gt-service-boxes gt-style-3 gt-light gt-align-left\"><div class=\"gt-grid gt-grid-2 gt-spacing-20\"><div class=\"gt-grid-col\"><div class=\"gt-sb-header\"><div class=\"gt-right\"><div class=\"gt-title\">Autor<\/div><\/div><\/div><div class=\"gt-content\"><div class=\"vc_col-sm-4 wpb_column column_container vc_column_container col no-extra-padding instance-2\" data-t-w-inherits=\"default\" data-shadow=\"none\" data-border-radius=\"none\" data-border-animation=\"\" data-border-animation-delay=\"\" data-border-width=\"none\" data-border-style=\"solid\" data-border-color=\"\" data-bg-cover=\"\" data-padding-pos=\"all\" data-has-bg-color=\"false\" data-bg-color=\"\" data-bg-opacity=\"1\" data-hover-bg=\"\" data-hover-bg-opacity=\"1\" data-animation=\"\" data-delay=\"0\">\n<div class=\"vc_column-inner\">\n<div class=\"wpb_wrapper\">\n<div class=\"wpb_text_column wpb_content_element\">\n<div class=\"wpb_wrapper\">\n<p>Desconocido<\/p>\n<\/div>\n<\/div>\n<\/div>\n<\/div>\n<\/div>\n<\/div><\/div><\/div><\/div>\t\t\t\t<\/div>\n\t\t\t\t<\/div>\n\t\t\t\t<div class=\"elementor-element elementor-element-97c9e60 elementor-widget elementor-widget-loquet-service-boxes-widget\" data-id=\"97c9e60\" data-element_type=\"widget\" data-widget_type=\"loquet-service-boxes-widget.default\">\n\t\t\t\t<div class=\"elementor-widget-container\">\n\t\t\t\t\t<div class=\"gt-service-boxes gt-style-3 gt-light gt-align-left\"><div class=\"gt-grid gt-grid-2 gt-spacing-20\"><div class=\"gt-grid-col\"><div class=\"gt-sb-header\"><div class=\"gt-right\"><div class=\"gt-title\">Material<\/div><\/div><\/div><div class=\"gt-content\"><div class=\"column-bg-overlay\">Madera tallada y policromada<\/div>\n<\/div><\/div><div class=\"gt-grid-col\"><div class=\"gt-sb-header\"><div class=\"gt-right\"><div class=\"gt-title\">Colecci\u00f3n<\/div><\/div><\/div><div class=\"gt-content\"><p>Real Companhia Velha<\/p>\n<\/div><\/div><\/div><\/div>\t\t\t\t<\/div>\n\t\t\t\t<\/div>\n\t\t\t\t<div class=\"elementor-element elementor-element-a485d1f elementor-widget elementor-widget-loquet-service-boxes-widget\" data-id=\"a485d1f\" data-element_type=\"widget\" data-widget_type=\"loquet-service-boxes-widget.default\">\n\t\t\t\t<div class=\"elementor-widget-container\">\n\t\t\t\t\t<div class=\"gt-service-boxes gt-style-3 gt-light gt-align-left\"><div class=\"gt-grid gt-grid-2 gt-spacing-20\"><div class=\"gt-grid-col\"><div class=\"gt-sb-header\"><div class=\"gt-right\"><div class=\"gt-title\">Dataci\u00f3n<\/div><\/div><\/div><div class=\"gt-content\"><div class=\"vc_col-sm-4 wpb_column column_container vc_column_container col no-extra-padding instance-2\" data-t-w-inherits=\"default\" data-shadow=\"none\" data-border-radius=\"none\" data-border-animation=\"\" data-border-animation-delay=\"\" data-border-width=\"none\" data-border-style=\"solid\" data-border-color=\"\" data-bg-cover=\"\" data-padding-pos=\"all\" data-has-bg-color=\"false\" data-bg-color=\"\" data-bg-opacity=\"1\" data-hover-bg=\"\" data-hover-bg-opacity=\"1\" data-animation=\"\" data-delay=\"0\">\n<div class=\"vc_column-inner\">\n<div class=\"wpb_wrapper\">\n<div class=\"wpb_text_column wpb_content_element\">\n<div class=\"wpb_wrapper\">\n<p>Siglo XVIII (?)<\/p>\n<\/div>\n<\/div>\n<\/div>\n<\/div>\n<\/div>\n<\/div><\/div><div class=\"gt-grid-col\"><div class=\"gt-sb-header\"><div class=\"gt-right\"><div class=\"gt-title\">Dimensiones<\/div><\/div><\/div><div class=\"gt-content\"><div class=\"vc_col-sm-4 wpb_column column_container vc_column_container col no-extra-padding instance-3\" data-t-w-inherits=\"default\" data-shadow=\"none\" data-border-radius=\"none\" data-border-animation=\"\" data-border-animation-delay=\"\" data-border-width=\"none\" data-border-style=\"solid\" data-border-color=\"\" data-bg-cover=\"\" data-padding-pos=\"all\" data-has-bg-color=\"false\" data-bg-color=\"\" data-bg-opacity=\"1\" data-hover-bg=\"\" data-hover-bg-opacity=\"1\" data-animation=\"\" data-delay=\"0\">\n<div class=\"vc_column-inner\">\n<div class=\"wpb_wrapper\">\n<div class=\"wpb_text_column wpb_content_element\">\n<div class=\"wpb_wrapper\">\n<p>Altura 55,5 cm x Longitud 78 cm x Anchura 11 cm<\/p>\n<\/div>\n<\/div>\n<\/div>\n<\/div>\n<\/div>\n<\/div><\/div><\/div><\/div>\t\t\t\t<\/div>\n\t\t\t\t<\/div>\n\t\t\t\t\t<\/div>\n\t\t<\/div>\n\t\t\t\t<div class=\"elementor-column elementor-col-50 elementor-top-column elementor-element elementor-element-dcd8483\" data-id=\"dcd8483\" data-element_type=\"column\">\n\t\t\t<div class=\"elementor-widget-wrap elementor-element-populated\">\n\t\t\t\t\t\t<div class=\"elementor-element elementor-element-aa351dd elementor-widget elementor-widget-text-editor\" data-id=\"aa351dd\" data-element_type=\"widget\" data-widget_type=\"text-editor.default\">\n\t\t\t\t\t\t\t\t\t<p>Cada mes, el Museo de la 1.\u00aa Demarcaci\u00f3n destaca una de las piezas de su exposici\u00f3n permanente. Le invitamos a descubrir la pieza del mes y a conocer m\u00e1s sobre nuestra historia.<\/p>\t\t\t\t\t\t\t\t<\/div>\n\t\t\t\t<div class=\"elementor-element elementor-element-c7cca5f elementor-widget elementor-widget-loquet-button-widget\" data-id=\"c7cca5f\" data-element_type=\"widget\" data-widget_type=\"loquet-button-widget.default\">\n\t\t\t\t<div class=\"elementor-widget-container\">\n\t\t\t\t\t<div class=\"gt-button gt-style-1 gt-light gt-align- gt-flex\"><a href=\"https:\/\/museurealcompanhiavelha.pt\/es\/pecas-do-mes\/\"><span>Ver anteriores<\/span><\/a><\/div>\t\t\t\t<\/div>\n\t\t\t\t<\/div>\n\t\t\t\t\t<\/div>\n\t\t<\/div>\n\t\t\t\t\t<\/div>\n\t\t<\/section>\n\t\t\t\t<\/div>","protected":false},"excerpt":{"rendered":"<p>Pe\u00e7a do M\u00cas Pe\u00e7a do m\u00eas \u2013 janeiroCartela No ano em que a Real Companhia celebrar\u00e1 o seu 270\u00ba anivers\u00e1rio, escolhemos um objeto com um&#8230;<\/p>","protected":false},"author":1,"featured_media":0,"parent":0,"menu_order":0,"comment_status":"closed","ping_status":"closed","template":"elementor_header_footer","meta":{"footnotes":""},"class_list":["post-8084","page","type-page","status-publish","hentry"],"_links":{"self":[{"href":"https:\/\/museurealcompanhiavelha.pt\/es\/wp-json\/wp\/v2\/pages\/8084","targetHints":{"allow":["GET"]}}],"collection":[{"href":"https:\/\/museurealcompanhiavelha.pt\/es\/wp-json\/wp\/v2\/pages"}],"about":[{"href":"https:\/\/museurealcompanhiavelha.pt\/es\/wp-json\/wp\/v2\/types\/page"}],"author":[{"embeddable":true,"href":"https:\/\/museurealcompanhiavelha.pt\/es\/wp-json\/wp\/v2\/users\/1"}],"replies":[{"embeddable":true,"href":"https:\/\/museurealcompanhiavelha.pt\/es\/wp-json\/wp\/v2\/comments?post=8084"}],"version-history":[{"count":52,"href":"https:\/\/museurealcompanhiavelha.pt\/es\/wp-json\/wp\/v2\/pages\/8084\/revisions"}],"predecessor-version":[{"id":9565,"href":"https:\/\/museurealcompanhiavelha.pt\/es\/wp-json\/wp\/v2\/pages\/8084\/revisions\/9565"}],"wp:attachment":[{"href":"https:\/\/museurealcompanhiavelha.pt\/es\/wp-json\/wp\/v2\/media?parent=8084"}],"curies":[{"name":"wp","href":"https:\/\/api.w.org\/{rel}","templated":true}]}}