{"id":8096,"date":"2025-12-11T16:27:19","date_gmt":"2025-12-11T16:27:19","guid":{"rendered":"https:\/\/museurealcompanhiavelha.pt\/?page_id=8096"},"modified":"2026-03-26T13:50:26","modified_gmt":"2026-03-26T13:50:26","slug":"museu","status":"publish","type":"page","link":"https:\/\/museurealcompanhiavelha.pt\/es\/museu\/","title":{"rendered":"Museo"},"content":{"rendered":"<div data-elementor-type=\"wp-page\" data-elementor-id=\"8096\" class=\"elementor elementor-8096\" data-elementor-post-type=\"page\">\n\t\t\t\t\t\t<section class=\"elementor-section elementor-top-section elementor-element elementor-element-e941ffb elementor-section-height-min-height elementor-section-stretched elementor-section-boxed elementor-section-height-default elementor-section-items-middle\" data-id=\"e941ffb\" data-element_type=\"section\" data-settings=\"{&quot;stretch_section&quot;:&quot;section-stretched&quot;,&quot;background_background&quot;:&quot;classic&quot;}\">\n\t\t\t\t\t\t\t<div class=\"elementor-background-overlay\"><\/div>\n\t\t\t\t\t\t\t<div class=\"elementor-container elementor-column-gap-no\">\n\t\t\t\t\t<div class=\"elementor-column elementor-col-100 elementor-top-column elementor-element elementor-element-698d45a\" data-id=\"698d45a\" data-element_type=\"column\">\n\t\t\t<div class=\"elementor-widget-wrap elementor-element-populated\">\n\t\t\t\t\t\t<div class=\"elementor-element elementor-element-89c0aa8 elementor-widget elementor-widget-heading\" data-id=\"89c0aa8\" data-element_type=\"widget\" data-widget_type=\"heading.default\">\n\t\t\t\t\t<h1 class=\"elementor-heading-title elementor-size-default\">Museo de la 1\u00aa Demarcaci\u00f3n<\/h1>\t\t\t\t<\/div>\n\t\t\t\t\t<\/div>\n\t\t<\/div>\n\t\t\t\t\t<\/div>\n\t\t<\/section>\n\t\t\t\t<section class=\"elementor-section elementor-top-section elementor-element elementor-element-a51c647 elementor-section-stretched elementor-section-boxed elementor-section-height-default elementor-section-height-default\" data-id=\"a51c647\" data-element_type=\"section\" data-settings=\"{&quot;stretch_section&quot;:&quot;section-stretched&quot;,&quot;background_background&quot;:&quot;classic&quot;}\">\n\t\t\t\t\t\t<div class=\"elementor-container elementor-column-gap-no\">\n\t\t\t\t\t<div class=\"elementor-column elementor-col-50 elementor-top-column elementor-element elementor-element-4698a10\" data-id=\"4698a10\" data-element_type=\"column\">\n\t\t\t<div class=\"elementor-widget-wrap elementor-element-populated\">\n\t\t\t\t\t\t<div class=\"elementor-element elementor-element-357ad5a elementor-widget elementor-widget-image\" data-id=\"357ad5a\" data-element_type=\"widget\" data-widget_type=\"image.default\">\n\t\t\t\t\t\t\t\t\t\t\t\t\t\t\t<img fetchpriority=\"high\" decoding=\"async\" width=\"1050\" height=\"1400\" src=\"https:\/\/museurealcompanhiavelha.pt\/wp-content\/uploads\/2025\/12\/missao.jpg\" class=\"attachment-full size-full wp-image-8115\" alt=\"\" srcset=\"https:\/\/museurealcompanhiavelha.pt\/wp-content\/uploads\/2025\/12\/missao.jpg 1050w, https:\/\/museurealcompanhiavelha.pt\/wp-content\/uploads\/2025\/12\/missao-225x300.jpg 225w, https:\/\/museurealcompanhiavelha.pt\/wp-content\/uploads\/2025\/12\/missao-768x1024.jpg 768w, https:\/\/museurealcompanhiavelha.pt\/wp-content\/uploads\/2025\/12\/missao-9x12.jpg 9w, https:\/\/museurealcompanhiavelha.pt\/wp-content\/uploads\/2025\/12\/missao-415x553.jpg 415w, https:\/\/museurealcompanhiavelha.pt\/wp-content\/uploads\/2025\/12\/missao-650x867.jpg 650w, https:\/\/museurealcompanhiavelha.pt\/wp-content\/uploads\/2025\/12\/missao-250x333.jpg 250w, https:\/\/museurealcompanhiavelha.pt\/wp-content\/uploads\/2025\/12\/missao-600x800.jpg 600w\" sizes=\"(max-width: 1050px) 100vw, 1050px\" title=\"\">\t\t\t\t\t\t\t\t\t\t\t\t\t\t\t<\/div>\n\t\t\t\t\t<\/div>\n\t\t<\/div>\n\t\t\t\t<div class=\"elementor-column elementor-col-50 elementor-top-column elementor-element elementor-element-0a831af\" data-id=\"0a831af\" data-element_type=\"column\">\n\t\t\t<div class=\"elementor-widget-wrap elementor-element-populated\">\n\t\t\t\t\t\t<div class=\"elementor-element elementor-element-c0ebe2c elementor-widget elementor-widget-loquet-heading-widget\" data-id=\"c0ebe2c\" data-element_type=\"widget\" data-widget_type=\"loquet-heading-widget.default\">\n\t\t\t\t<div class=\"elementor-widget-container\">\n\t\t\t\t\t<div class=\"gt-module-title gt-style-1 gt-align-left gt-light\"><div class=\"gt-sub-title\"><span>Nuestra<\/span><\/div><div class=\"gt-title\">Misi\u00f3n<\/div><\/div>\t\t\t\t<\/div>\n\t\t\t\t<\/div>\n\t\t\t\t<div class=\"elementor-element elementor-element-b9b96d0 elementor-widget elementor-widget-text-editor\" data-id=\"b9b96d0\" data-element_type=\"widget\" data-widget_type=\"text-editor.default\">\n\t\t\t\t\t\t\t\t\t<p>La misi\u00f3n del Museo de la Real Companhia Velha - 1.\u00aa Regi\u00f3n Demarcada y Regulada del Mundo, es compartir con el p\u00fablico general el valioso patrimonio documental y art\u00edstico reunido y conservado a lo largo de m\u00e1s de 260 a\u00f1os.<\/p><p>Estableci\u00e9ndose como identidad institucional, el Museo pretende promover y divulgar la historia y la cultura del Vino de Oporto que la Compa\u00f1\u00eda ayud\u00f3 a construir de forma magistral.<\/p>\t\t\t\t\t\t\t\t<\/div>\n\t\t\t\t\t<\/div>\n\t\t<\/div>\n\t\t\t\t\t<\/div>\n\t\t<\/section>\n\t\t\t\t<section class=\"elementor-section elementor-top-section elementor-element elementor-element-e29f4ce elementor-section-boxed elementor-section-height-default elementor-section-height-default\" data-id=\"e29f4ce\" data-element_type=\"section\" data-settings=\"{&quot;background_background&quot;:&quot;classic&quot;}\">\n\t\t\t\t\t\t<div class=\"elementor-container elementor-column-gap-no\">\n\t\t\t\t\t<div class=\"elementor-column elementor-col-50 elementor-top-column elementor-element elementor-element-a4e984e\" data-id=\"a4e984e\" data-element_type=\"column\">\n\t\t\t<div class=\"elementor-widget-wrap elementor-element-populated\">\n\t\t\t\t\t\t<div class=\"elementor-element elementor-element-14acc90 elementor-widget elementor-widget-loquet-heading-widget\" data-id=\"14acc90\" data-element_type=\"widget\" data-widget_type=\"loquet-heading-widget.default\">\n\t\t\t\t<div class=\"elementor-widget-container\">\n\t\t\t\t\t<div class=\"gt-module-title gt-style-1 gt-align-left gt-light\"><div class=\"gt-sub-title\"><span>Nuestros<\/span><\/div><div class=\"gt-title\">Objetivos<\/div><\/div>\t\t\t\t<\/div>\n\t\t\t\t<\/div>\n\t\t\t\t<div class=\"elementor-element elementor-element-c6cb350 elementor-widget elementor-widget-text-editor\" data-id=\"c6cb350\" data-element_type=\"widget\" data-widget_type=\"text-editor.default\">\n\t\t\t\t\t\t\t\t\t<p>El Museo de la 1.\u00aa Demarcaci\u00f3n tiene como objetivo realzar el valor de la colecci\u00f3n perteneciente a la Real Companhia Velha. En este sentido, nuestra labor se centra en la investigaci\u00f3n, incorporaci\u00f3n, inventario, documentaci\u00f3n, conservaci\u00f3n, interpretaci\u00f3n, exposici\u00f3n y divulgaci\u00f3n, con fines cient\u00edficos, educativos y recreativos, promoviendo el acceso regular del p\u00fablico a la colecci\u00f3n expuesta en el Museo.<br \/>Los objetivos que nos proponemos son los siguientes:<\/p>\t\t\t\t\t\t\t\t<\/div>\n\t\t\t\t<div class=\"elementor-element elementor-element-493fb21 elementor-widget elementor-widget-text-editor\" data-id=\"493fb21\" data-element_type=\"widget\" data-widget_type=\"text-editor.default\">\n\t\t\t\t\t\t\t\t\t<p>Identificar, inventariar, estudiar, salvaguardar, poner en valor y divulgar el patrimonio que conforma nuestra colecci\u00f3n. Dinamizar proyectos de investigaci\u00f3n y debate cient\u00edfico sobre diversos temas relacionados con la vocaci\u00f3n del Museo: la regi\u00f3n del Duero, el vino de Oporto y la historia de la Real Companhia Velha;<\/p>\t\t\t\t\t\t\t\t<\/div>\n\t\t\t\t<div class=\"elementor-element elementor-element-71185e4 elementor-widget elementor-widget-text-editor\" data-id=\"71185e4\" data-element_type=\"widget\" data-widget_type=\"text-editor.default\">\n\t\t\t\t\t\t\t\t\t<p>Hacer p\u00fablicos los resultados de estas investigaciones y debates, ya sea a trav\u00e9s de exposiciones o visitas guiadas, en forma de ediciones propias o mediante la participaci\u00f3n en publicaciones conjuntas, tanto a nivel de investigaci\u00f3n cient\u00edfica como a de su difusi\u00f3n y divulgaci\u00f3n;<\/p>\t\t\t\t\t\t\t\t<\/div>\n\t\t\t\t<div class=\"elementor-element elementor-element-b25f0c5 elementor-widget elementor-widget-text-editor\" data-id=\"b25f0c5\" data-element_type=\"widget\" data-widget_type=\"text-editor.default\">\n\t\t\t\t\t\t\t\t\t<p>Ampliar las colecciones del Museo de acuerdo con la pol\u00edtica de incorporaciones y con el programa museol\u00f3gico, ambos en fase de ejecuci\u00f3n;<\/p>\t\t\t\t\t\t\t\t<\/div>\n\t\t\t\t<div class=\"elementor-element elementor-element-d956566 elementor-widget elementor-widget-text-editor\" data-id=\"d956566\" data-element_type=\"widget\" data-widget_type=\"text-editor.default\">\n\t\t\t\t\t\t\t\t\t<p>Apoyar y colaborar con el trabajo desarrollado por instituciones culturales afines, con los organismos estatales que velan por el patrimonio cultural, con otros museos y entidades culturales nacionales e internacionales;<\/p>\t\t\t\t\t\t\t\t<\/div>\n\t\t\t\t<div class=\"elementor-element elementor-element-df8b00d elementor-widget elementor-widget-text-editor\" data-id=\"df8b00d\" data-element_type=\"widget\" data-widget_type=\"text-editor.default\">\n\t\t\t\t\t\t\t\t\t<p>Proponer el establecimiento de asociaciones con instituciones municipales, nacionales e internacionales que persiguen objetivos similares, as\u00ed como colaborar con centros educativos de todos los niveles;<\/p>\t\t\t\t\t\t\t\t<\/div>\n\t\t\t\t<div class=\"elementor-element elementor-element-383edf8 elementor-widget elementor-widget-text-editor\" data-id=\"383edf8\" data-element_type=\"widget\" data-widget_type=\"text-editor.default\">\n\t\t\t\t\t\t\t\t\t<p>Promover, a trav\u00e9s de un plan de actividades, un conjunto de actividades culturales diversificadas con vistas a fidelizar y atraer nuevos p\u00fablicos, asoci\u00e1ndose y colaborando con iniciativas externas relevantes para la vocaci\u00f3n del Museo;<\/p>\t\t\t\t\t\t\t\t<\/div>\n\t\t\t\t<div class=\"elementor-element elementor-element-b8fe259 elementor-widget elementor-widget-text-editor\" data-id=\"b8fe259\" data-element_type=\"widget\" data-widget_type=\"text-editor.default\">\n\t\t\t\t\t\t\t\t\t<p><span style=\"font-size: inherit;\">A trav\u00e9s de su Servicio Educativo, convertirse en un recurso educativo no formal y de desarrollo econ\u00f3mico y social.<\/span><\/p>\t\t\t\t\t\t\t\t<\/div>\n\t\t\t\t\t<\/div>\n\t\t<\/div>\n\t\t\t\t<div class=\"elementor-column elementor-col-50 elementor-top-column elementor-element elementor-element-137e16c\" data-id=\"137e16c\" data-element_type=\"column\">\n\t\t\t<div class=\"elementor-widget-wrap elementor-element-populated\">\n\t\t\t\t\t\t<div class=\"elementor-element elementor-element-c1facf3 elementor-widget elementor-widget-image\" data-id=\"c1facf3\" data-element_type=\"widget\" data-widget_type=\"image.default\">\n\t\t\t\t\t\t\t\t\t\t\t\t\t\t\t<img decoding=\"async\" width=\"933\" height=\"1400\" src=\"https:\/\/museurealcompanhiavelha.pt\/wp-content\/uploads\/2026\/01\/objetivos.jpg\" class=\"attachment-full size-full wp-image-9104\" alt=\"\" srcset=\"https:\/\/museurealcompanhiavelha.pt\/wp-content\/uploads\/2026\/01\/objetivos.jpg 933w, https:\/\/museurealcompanhiavelha.pt\/wp-content\/uploads\/2026\/01\/objetivos-200x300.jpg 200w, https:\/\/museurealcompanhiavelha.pt\/wp-content\/uploads\/2026\/01\/objetivos-682x1024.jpg 682w, https:\/\/museurealcompanhiavelha.pt\/wp-content\/uploads\/2026\/01\/objetivos-768x1152.jpg 768w, https:\/\/museurealcompanhiavelha.pt\/wp-content\/uploads\/2026\/01\/objetivos-8x12.jpg 8w, https:\/\/museurealcompanhiavelha.pt\/wp-content\/uploads\/2026\/01\/objetivos-415x623.jpg 415w, https:\/\/museurealcompanhiavelha.pt\/wp-content\/uploads\/2026\/01\/objetivos-650x975.jpg 650w, https:\/\/museurealcompanhiavelha.pt\/wp-content\/uploads\/2026\/01\/objetivos-250x375.jpg 250w, https:\/\/museurealcompanhiavelha.pt\/wp-content\/uploads\/2026\/01\/objetivos-600x900.jpg 600w\" sizes=\"(max-width: 933px) 100vw, 933px\" title=\"\">\t\t\t\t\t\t\t\t\t\t\t\t\t\t\t<\/div>\n\t\t\t\t\t<\/div>\n\t\t<\/div>\n\t\t\t\t\t<\/div>\n\t\t<\/section>\n\t\t\t\t<\/div>","protected":false},"excerpt":{"rendered":"<p>Museu da 1\u00aa Demarca\u00e7\u00e3o A nossaMiss\u00e3o O Museu da Real Companhia Velha \u2013 1\u00ba Regi\u00e3o Demarcada e Regulamentada do Mundo, tem por miss\u00e3o partilhar com&#8230;<\/p>","protected":false},"author":1,"featured_media":0,"parent":0,"menu_order":0,"comment_status":"closed","ping_status":"closed","template":"elementor_header_footer","meta":{"footnotes":""},"class_list":["post-8096","page","type-page","status-publish","hentry"],"_links":{"self":[{"href":"https:\/\/museurealcompanhiavelha.pt\/es\/wp-json\/wp\/v2\/pages\/8096","targetHints":{"allow":["GET"]}}],"collection":[{"href":"https:\/\/museurealcompanhiavelha.pt\/es\/wp-json\/wp\/v2\/pages"}],"about":[{"href":"https:\/\/museurealcompanhiavelha.pt\/es\/wp-json\/wp\/v2\/types\/page"}],"author":[{"embeddable":true,"href":"https:\/\/museurealcompanhiavelha.pt\/es\/wp-json\/wp\/v2\/users\/1"}],"replies":[{"embeddable":true,"href":"https:\/\/museurealcompanhiavelha.pt\/es\/wp-json\/wp\/v2\/comments?post=8096"}],"version-history":[{"count":58,"href":"https:\/\/museurealcompanhiavelha.pt\/es\/wp-json\/wp\/v2\/pages\/8096\/revisions"}],"predecessor-version":[{"id":9608,"href":"https:\/\/museurealcompanhiavelha.pt\/es\/wp-json\/wp\/v2\/pages\/8096\/revisions\/9608"}],"wp:attachment":[{"href":"https:\/\/museurealcompanhiavelha.pt\/es\/wp-json\/wp\/v2\/media?parent=8096"}],"curies":[{"name":"wp","href":"https:\/\/api.w.org\/{rel}","templated":true}]}}