{"id":8131,"date":"2025-12-11T18:56:38","date_gmt":"2025-12-11T18:56:38","guid":{"rendered":"https:\/\/museurealcompanhiavelha.pt\/?page_id=8131"},"modified":"2026-01-06T16:03:57","modified_gmt":"2026-01-06T16:03:57","slug":"real-companhia-velha","status":"publish","type":"page","link":"https:\/\/museurealcompanhiavelha.pt\/es\/real-companhia-velha\/","title":{"rendered":"Real Companhia Velha"},"content":{"rendered":"<div data-elementor-type=\"wp-page\" data-elementor-id=\"8131\" class=\"elementor elementor-8131\" data-elementor-post-type=\"page\">\n\t\t\t\t\t\t<section class=\"elementor-section elementor-top-section elementor-element elementor-element-e941ffb elementor-section-height-min-height elementor-section-stretched elementor-section-boxed elementor-section-height-default elementor-section-items-middle\" data-id=\"e941ffb\" data-element_type=\"section\" data-settings=\"{&quot;stretch_section&quot;:&quot;section-stretched&quot;,&quot;background_background&quot;:&quot;classic&quot;}\">\n\t\t\t\t\t\t\t<div class=\"elementor-background-overlay\"><\/div>\n\t\t\t\t\t\t\t<div class=\"elementor-container elementor-column-gap-no\">\n\t\t\t\t\t<div class=\"elementor-column elementor-col-100 elementor-top-column elementor-element elementor-element-698d45a\" data-id=\"698d45a\" data-element_type=\"column\">\n\t\t\t<div class=\"elementor-widget-wrap elementor-element-populated\">\n\t\t\t\t\t\t<div class=\"elementor-element elementor-element-89c0aa8 elementor-widget elementor-widget-heading\" data-id=\"89c0aa8\" data-element_type=\"widget\" data-widget_type=\"heading.default\">\n\t\t\t\t\t<h1 class=\"elementor-heading-title elementor-size-default\">Real Companhia Velha\n<\/h1>\t\t\t\t<\/div>\n\t\t\t\t\t<\/div>\n\t\t<\/div>\n\t\t\t\t\t<\/div>\n\t\t<\/section>\n\t\t\t\t<section class=\"elementor-section elementor-top-section elementor-element elementor-element-a51c647 elementor-section-stretched elementor-section-boxed elementor-section-height-default elementor-section-height-default\" data-id=\"a51c647\" data-element_type=\"section\" data-settings=\"{&quot;stretch_section&quot;:&quot;section-stretched&quot;,&quot;background_background&quot;:&quot;classic&quot;}\">\n\t\t\t\t\t\t<div class=\"elementor-container elementor-column-gap-no\">\n\t\t\t\t\t<div class=\"elementor-column elementor-col-50 elementor-top-column elementor-element elementor-element-4698a10\" data-id=\"4698a10\" data-element_type=\"column\">\n\t\t\t<div class=\"elementor-widget-wrap elementor-element-populated\">\n\t\t\t\t\t\t<div class=\"elementor-element elementor-element-83eeb8a elementor-widget elementor-widget-image\" data-id=\"83eeb8a\" data-element_type=\"widget\" data-widget_type=\"image.default\">\n\t\t\t\t\t\t\t\t\t\t\t\t\t\t\t<img fetchpriority=\"high\" decoding=\"async\" width=\"1400\" height=\"1400\" src=\"https:\/\/museurealcompanhiavelha.pt\/wp-content\/uploads\/2025\/11\/CECI7177-1.jpg\" class=\"attachment-full size-full wp-image-7315\" alt=\"\" srcset=\"https:\/\/museurealcompanhiavelha.pt\/wp-content\/uploads\/2025\/11\/CECI7177-1.jpg 1400w, https:\/\/museurealcompanhiavelha.pt\/wp-content\/uploads\/2025\/11\/CECI7177-1-300x300.jpg 300w, https:\/\/museurealcompanhiavelha.pt\/wp-content\/uploads\/2025\/11\/CECI7177-1-1024x1024.jpg 1024w, https:\/\/museurealcompanhiavelha.pt\/wp-content\/uploads\/2025\/11\/CECI7177-1-150x150.jpg 150w, https:\/\/museurealcompanhiavelha.pt\/wp-content\/uploads\/2025\/11\/CECI7177-1-768x768.jpg 768w, https:\/\/museurealcompanhiavelha.pt\/wp-content\/uploads\/2025\/11\/CECI7177-1-12x12.jpg 12w, https:\/\/museurealcompanhiavelha.pt\/wp-content\/uploads\/2025\/11\/CECI7177-1-100x100.jpg 100w, https:\/\/museurealcompanhiavelha.pt\/wp-content\/uploads\/2025\/11\/CECI7177-1-350x350.jpg 350w, https:\/\/museurealcompanhiavelha.pt\/wp-content\/uploads\/2025\/11\/CECI7177-1-650x650.jpg 650w, https:\/\/museurealcompanhiavelha.pt\/wp-content\/uploads\/2025\/11\/CECI7177-1-500x500.jpg 500w, https:\/\/museurealcompanhiavelha.pt\/wp-content\/uploads\/2025\/11\/CECI7177-1-415x415.jpg 415w, https:\/\/museurealcompanhiavelha.pt\/wp-content\/uploads\/2025\/11\/CECI7177-1-250x250.jpg 250w, https:\/\/museurealcompanhiavelha.pt\/wp-content\/uploads\/2025\/11\/CECI7177-1-600x600.jpg 600w\" sizes=\"(max-width: 1400px) 100vw, 1400px\" title=\"\">\t\t\t\t\t\t\t\t\t\t\t\t\t\t\t<\/div>\n\t\t\t\t\t<\/div>\n\t\t<\/div>\n\t\t\t\t<div class=\"elementor-column elementor-col-50 elementor-top-column elementor-element elementor-element-0a831af\" data-id=\"0a831af\" data-element_type=\"column\">\n\t\t\t<div class=\"elementor-widget-wrap elementor-element-populated\">\n\t\t\t\t\t\t<div class=\"elementor-element elementor-element-c0ebe2c elementor-widget elementor-widget-loquet-heading-widget\" data-id=\"c0ebe2c\" data-element_type=\"widget\" data-widget_type=\"loquet-heading-widget.default\">\n\t\t\t\t<div class=\"elementor-widget-container\">\n\t\t\t\t\t<div class=\"gt-module-title gt-style-1 gt-align-left gt-light\"><div class=\"gt-sub-title\"><span>M\u00e1s informaci\u00f3n<\/span><\/div><div class=\"gt-title\">Presentaci\u00f3n &amp; Historia<\/div><\/div>\t\t\t\t<\/div>\n\t\t\t\t<\/div>\n\t\t\t\t<div class=\"elementor-element elementor-element-b9b96d0 elementor-widget elementor-widget-text-editor\" data-id=\"b9b96d0\" data-element_type=\"widget\" data-widget_type=\"text-editor.default\">\n\t\t\t\t\t\t\t\t\t<p class=\"translation-block\">Creada por Real Decreto del rey Jos\u00e9 I de Portugal el 10 de septiembre de 1756, la <a href=\"https:\/\/realcompanhiavelha.pt\/\" target=\"_blank\" rel=\"noopener\">Real Companhia Velha<\/a> ha tenido una presencia secular y significativa en la historia del pa\u00eds, y m\u00e1s concretamente en la regi\u00f3n norte. Fue all\u00ed donde, hace m\u00e1s de 260 a\u00f1os, cre\u00f3, molde\u00f3, protegi\u00f3 y elev\u00f3 la Regi\u00f3n Demarcada del Duero, convirti\u00e9ndola en la primera Regi\u00f3n Vin\u00edcola Regulada del Mundo.<\/p><p>En el momento de su creaci\u00f3n, esta majestuosa Compa\u00f1\u00eda, dotada de privilegios y poderes p\u00fablicos, pose\u00eda su propia jurisdicci\u00f3n. Su origen obedeci\u00f3 a la situaci\u00f3n econ\u00f3mica y pol\u00edtica del pa\u00eds a mediados del siglo XVIII, en especial la crisis econ\u00f3mica relacionada con la exportaci\u00f3n del vino del Duero y la reorganizaci\u00f3n econ\u00f3mica y mercantil que impuls\u00f3 el Marqu\u00e9s de Pombal. La Companhia Geral da Agricultura das Vinhas do Alto Douro fue constituida por un grupo de accionistas compuesto por los hombres destacados de la ciudad de Oporto y los principales agricultores de la regi\u00f3n del Alto Douro. Su misi\u00f3n principal de regulaci\u00f3n se centraba en el comercio y en la calidad del vino procedente de la regi\u00f3n del Alto Duero.<\/p><p>A trav\u00e9s de nuestro Museo, podr\u00e1 conocer la historia de la empresa m\u00e1s antigua del pa\u00eds, con 269 a\u00f1os de actividad ininterrumpida. Su trayectoria ha estado marcada por grandes momentos de expansi\u00f3n y por la ejecuci\u00f3n de grandes obras p\u00fablicas, logrando superar todas las vicisitudes y obst\u00e1culos que se le presentaron a lo largo del camino. La Real Companhia Velha es una empresa orientada al futuro, pero orgullosa de su pasado, raz\u00f3n por la cual se cre\u00f3 el Museo de la 1.\u00aa Demarcaci\u00f3n para preservar y divulgar su historia.<\/p>\t\t\t\t\t\t\t\t<\/div>\n\t\t\t\t\t<\/div>\n\t\t<\/div>\n\t\t\t\t\t<\/div>\n\t\t<\/section>\n\t\t\t\t<\/div>","protected":false},"excerpt":{"rendered":"<p>Real Companhia Velha Saiba maisApresenta\u00e7\u00e3o &amp; Hist\u00f3ria A Real Companhia Velha institu\u00edda por Alvar\u00e1 R\u00e9gio de El-Rei D. Jos\u00e9 I, a 10 de Setembro de&#8230;<\/p>","protected":false},"author":1,"featured_media":0,"parent":0,"menu_order":0,"comment_status":"closed","ping_status":"closed","template":"elementor_header_footer","meta":{"footnotes":""},"class_list":["post-8131","page","type-page","status-publish","hentry"],"_links":{"self":[{"href":"https:\/\/museurealcompanhiavelha.pt\/es\/wp-json\/wp\/v2\/pages\/8131","targetHints":{"allow":["GET"]}}],"collection":[{"href":"https:\/\/museurealcompanhiavelha.pt\/es\/wp-json\/wp\/v2\/pages"}],"about":[{"href":"https:\/\/museurealcompanhiavelha.pt\/es\/wp-json\/wp\/v2\/types\/page"}],"author":[{"embeddable":true,"href":"https:\/\/museurealcompanhiavelha.pt\/es\/wp-json\/wp\/v2\/users\/1"}],"replies":[{"embeddable":true,"href":"https:\/\/museurealcompanhiavelha.pt\/es\/wp-json\/wp\/v2\/comments?post=8131"}],"version-history":[{"count":17,"href":"https:\/\/museurealcompanhiavelha.pt\/es\/wp-json\/wp\/v2\/pages\/8131\/revisions"}],"predecessor-version":[{"id":9181,"href":"https:\/\/museurealcompanhiavelha.pt\/es\/wp-json\/wp\/v2\/pages\/8131\/revisions\/9181"}],"wp:attachment":[{"href":"https:\/\/museurealcompanhiavelha.pt\/es\/wp-json\/wp\/v2\/media?parent=8131"}],"curies":[{"name":"wp","href":"https:\/\/api.w.org\/{rel}","templated":true}]}}