{"id":121,"date":"2021-09-11T22:21:37","date_gmt":"2021-09-11T22:21:37","guid":{"rendered":"https:\/\/demo.gloriathemes.com\/loquet\/demo\/?page_id=121"},"modified":"2026-04-07T14:35:22","modified_gmt":"2026-04-07T14:35:22","slug":"informacoes","status":"publish","type":"page","link":"https:\/\/museurealcompanhiavelha.pt\/fr\/informacoes\/","title":{"rendered":"Informations utiles"},"content":{"rendered":"<div data-elementor-type=\"wp-page\" data-elementor-id=\"121\" class=\"elementor elementor-121\" data-elementor-post-type=\"page\">\n\t\t\t\t\t\t<section class=\"elementor-section elementor-top-section elementor-element elementor-element-9df5a84 elementor-section-height-min-height elementor-section-stretched elementor-section-boxed elementor-section-height-default elementor-section-items-middle\" data-id=\"9df5a84\" data-element_type=\"section\" data-settings=\"{&quot;stretch_section&quot;:&quot;section-stretched&quot;,&quot;background_background&quot;:&quot;classic&quot;}\">\n\t\t\t\t\t\t\t<div class=\"elementor-background-overlay\"><\/div>\n\t\t\t\t\t\t\t<div class=\"elementor-container elementor-column-gap-no\">\n\t\t\t\t\t<div class=\"elementor-column elementor-col-100 elementor-top-column elementor-element elementor-element-ee0b01e\" data-id=\"ee0b01e\" data-element_type=\"column\">\n\t\t\t<div class=\"elementor-widget-wrap elementor-element-populated\">\n\t\t\t\t\t\t<div class=\"elementor-element elementor-element-f7d4b10 elementor-widget elementor-widget-heading\" data-id=\"f7d4b10\" data-element_type=\"widget\" data-widget_type=\"heading.default\">\n\t\t\t\t\t<h1 class=\"elementor-heading-title elementor-size-default\">Informations utiles<\/h1>\t\t\t\t<\/div>\n\t\t\t\t\t<\/div>\n\t\t<\/div>\n\t\t\t\t\t<\/div>\n\t\t<\/section>\n\t\t\t\t<section class=\"elementor-section elementor-top-section elementor-element elementor-element-1ccb917 elementor-section-stretched elementor-section-boxed elementor-section-height-default elementor-section-height-default\" data-id=\"1ccb917\" data-element_type=\"section\" data-settings=\"{&quot;stretch_section&quot;:&quot;section-stretched&quot;,&quot;background_background&quot;:&quot;classic&quot;}\">\n\t\t\t\t\t\t<div class=\"elementor-container elementor-column-gap-no\">\n\t\t\t\t\t<div class=\"elementor-column elementor-col-100 elementor-top-column elementor-element elementor-element-f928df9\" data-id=\"f928df9\" data-element_type=\"column\">\n\t\t\t<div class=\"elementor-widget-wrap elementor-element-populated\">\n\t\t\t\t\t\t<div class=\"elementor-element elementor-element-116bcbe elementor-widget elementor-widget-loquet-tabs-widget\" data-id=\"116bcbe\" data-element_type=\"widget\" data-widget_type=\"loquet-tabs-widget.default\">\n\t\t\t\t<div class=\"elementor-widget-container\">\n\t\t\t\t\t<div class=\"gt-tabs-wrapper gt-light gt-horizontal\"><div class=\"gt-tab-list\"><div class=\"gt-tabs gt-style-1 gt-light gt-align-center gt-horizontal\"><ul data-tabs id=\"tab-8241\"><li class=\"tabs-title is-active\"\"><a href=\"#tab-8241-panel-1\"><span>R\u00e8gles d'admission<\/span><\/a><\/li><li class=\"tabs-title\"><a href=\"#tab-8241-panel-2\"><span>Autres recommandations et informations<\/span><\/a><\/li><li class=\"tabs-title\"><a href=\"#tab-8241-panel-3\"><span>Accessibilit\u00e9<\/span><\/a><\/li><\/ul><\/div><\/div><div class=\"gt-tabs-content gt-fade-effect\" data-tabs-content=\"tab-8241\"><div class=\"gt-tabs-panel is-active\"\" id=\"tab-8241-panel-1\"><div class=\"elementor-element elementor-element-5349598 e-con-full e-flex e-con e-child\" data-id=\"5349598\" data-element_type=\"container\">\n<div class=\"elementor-element elementor-element-f5a6004 elementor-widget elementor-widget-text-editor\" data-id=\"f5a6004\" data-element_type=\"widget\" data-widget_type=\"text-editor.default\">\n<p><span style=\"font-weight: 400;\">Afin de pr\u00e9server les objets expos\u00e9s au Mus\u00e9e de la Plus Ancienne Appellation d\u2019Origine au Monde, il est interdit aux visiteurs de:<\/span><\/p>\n<\/div>\n<\/div>\n<div class=\"elementor-element elementor-element-f4fc89d e-con-full e-flex e-con e-child\" data-id=\"f4fc89d\" data-element_type=\"container\">\n<div class=\"elementor-element elementor-element-801edb1 elementor-widget elementor-widget-text-editor\" data-id=\"801edb1\" data-element_type=\"widget\" data-widget_type=\"text-editor.default\">\n<p class=\"translation-block\">Toucher les objets expos\u00e9s et les vitrines;<br>\nFumer;<br>\n Prendre des photos avec flash;<br>\nEntrer avec des animaux, \u00e0 l'exception des chiens guides d'aveugles;<br>\nManger et boire.<br><\/p>\n<\/div>\n<\/div>\n<\/div><div class=\"gt-tabs-panel\" id=\"tab-8241-panel-2\"><p><span style=\"font-weight: 400;\">Les enfants doivent toujours \u00eatre accompagn\u00e9s d'un adulte;<\/span><\/p>\n<p><span style=\"font-weight: 400;\">Les t\u00e9l\u00e9phones portables et autres appareils \u00e9lectroniques doivent \u00eatre mis en mode silencieux pendant la visite de l'exposition;<\/span><\/p>\n<p><span style=\"font-weight: 400;\">Au cours des visites guid\u00e9es, tous les membres du groupe doivent rester ensemble;<\/span><\/p>\n<p><span style=\"font-weight: 400;\">Les objets volumineux (sacs \u00e0 dos, parapluies, etc.) doivent \u00eatre d\u00e9pos\u00e9s au vestiaire, situ\u00e9 dans la zone de la billetterie\/accueil du Mus\u00e9e;<\/span><\/p>\n<p><span style=\"font-weight: 400;\">En cas d'accident, celui-ci doit \u00eatre imm\u00e9diatement signal\u00e9 \u00e0 un membre du personnel du Mus\u00e9e.<\/span><\/p>\n<\/div><div class=\"gt-tabs-panel\" id=\"tab-8241-panel-3\"><p><span style=\"font-weight: 400;\">Espaces de circulation larges;<\/span><\/p>\n<p><span style=\"font-weight: 400;\">Rampe d'acc\u00e8s au b\u00e2timent et ascenseur permettant d'acc\u00e9der au 1er \u00e9tage;<\/span><\/p>\n<p><span style=\"font-weight: 400;\">Pr\u00e9sentoirs et vitrines au design ergonomique;<\/span><\/p>\n<p><span style=\"font-weight: 400;\">Postes multim\u00e9dias et interactifs tout au long de l'exposition permanente;<\/span><\/p>\n<p><span style=\"font-weight: 400;\">Contenus de l'exposition traduits en anglais;<\/span><\/p>\n<p><span style=\"font-weight: 400;\">Brochures d'aide \u00e0 la visite de l'exposition, en plusieurs langues (PT\/EN\/ES\/FR au format num\u00e9rique);<\/span><\/p>\n<p><span style=\"font-weight: 400;\">Les visites guid\u00e9es sont disponibles en plusieurs langues et doivent \u00eatre r\u00e9serv\u00e9es 48 heures \u00e0 l'avance. Veuillez nous contacter par courriel pour planifier votre visite ou utiliser le formulaire de contact<\/span><\/p>\n<div class=\"gt-button gt-style-1 gt-inline-block\"><a href=\"https:\/\/museurealcompanhiavelha.pt\/fr\/contactos\/\">Formulaire de contact<\/a><\/div>\n<\/div><\/div><\/div>\t\t\t\t<\/div>\n\t\t\t\t<\/div>\n\t\t\t\t\t<\/div>\n\t\t<\/div>\n\t\t\t\t\t<\/div>\n\t\t<\/section>\n\t\t\t\t<\/div>","protected":false},"excerpt":{"rendered":"<p>Informations utiles<\/p>","protected":false},"author":1,"featured_media":0,"parent":0,"menu_order":0,"comment_status":"closed","ping_status":"closed","template":"","meta":{"footnotes":""},"class_list":["post-121","page","type-page","status-publish","hentry"],"_links":{"self":[{"href":"https:\/\/museurealcompanhiavelha.pt\/fr\/wp-json\/wp\/v2\/pages\/121","targetHints":{"allow":["GET"]}}],"collection":[{"href":"https:\/\/museurealcompanhiavelha.pt\/fr\/wp-json\/wp\/v2\/pages"}],"about":[{"href":"https:\/\/museurealcompanhiavelha.pt\/fr\/wp-json\/wp\/v2\/types\/page"}],"author":[{"embeddable":true,"href":"https:\/\/museurealcompanhiavelha.pt\/fr\/wp-json\/wp\/v2\/users\/1"}],"replies":[{"embeddable":true,"href":"https:\/\/museurealcompanhiavelha.pt\/fr\/wp-json\/wp\/v2\/comments?post=121"}],"version-history":[{"count":53,"href":"https:\/\/museurealcompanhiavelha.pt\/fr\/wp-json\/wp\/v2\/pages\/121\/revisions"}],"predecessor-version":[{"id":10238,"href":"https:\/\/museurealcompanhiavelha.pt\/fr\/wp-json\/wp\/v2\/pages\/121\/revisions\/10238"}],"wp:attachment":[{"href":"https:\/\/museurealcompanhiavelha.pt\/fr\/wp-json\/wp\/v2\/media?parent=121"}],"curies":[{"name":"wp","href":"https:\/\/api.w.org\/{rel}","templated":true}]}}