{"id":8084,"date":"2025-12-11T16:15:07","date_gmt":"2025-12-11T16:15:07","guid":{"rendered":"https:\/\/museurealcompanhiavelha.pt\/?page_id=8084"},"modified":"2026-03-25T15:31:29","modified_gmt":"2026-03-25T15:31:29","slug":"peca-do-mes","status":"publish","type":"page","link":"https:\/\/museurealcompanhiavelha.pt\/fr\/peca-do-mes\/","title":{"rendered":"Pi\u00e8ce du mois"},"content":{"rendered":"<div data-elementor-type=\"wp-page\" data-elementor-id=\"8084\" class=\"elementor elementor-8084\" data-elementor-post-type=\"page\">\n\t\t\t\t\t\t<section class=\"elementor-section elementor-top-section elementor-element elementor-element-e941ffb elementor-section-height-min-height elementor-section-stretched elementor-section-boxed elementor-section-height-default elementor-section-items-middle\" data-id=\"e941ffb\" data-element_type=\"section\" data-settings=\"{&quot;stretch_section&quot;:&quot;section-stretched&quot;,&quot;background_background&quot;:&quot;classic&quot;}\">\n\t\t\t\t\t\t\t<div class=\"elementor-background-overlay\"><\/div>\n\t\t\t\t\t\t\t<div class=\"elementor-container elementor-column-gap-no\">\n\t\t\t\t\t<div class=\"elementor-column elementor-col-100 elementor-top-column elementor-element elementor-element-698d45a\" data-id=\"698d45a\" data-element_type=\"column\">\n\t\t\t<div class=\"elementor-widget-wrap elementor-element-populated\">\n\t\t\t\t\t\t<div class=\"elementor-element elementor-element-89c0aa8 elementor-widget elementor-widget-heading\" data-id=\"89c0aa8\" data-element_type=\"widget\" data-widget_type=\"heading.default\">\n\t\t\t\t\t<h1 class=\"elementor-heading-title elementor-size-default\">Pi\u00e8ce du mois<\/h1>\t\t\t\t<\/div>\n\t\t\t\t\t<\/div>\n\t\t<\/div>\n\t\t\t\t\t<\/div>\n\t\t<\/section>\n\t\t\t\t<section class=\"elementor-section elementor-top-section elementor-element elementor-element-c99db23 elementor-section-stretched elementor-section-boxed elementor-section-height-default elementor-section-height-default\" data-id=\"c99db23\" data-element_type=\"section\" data-settings=\"{&quot;stretch_section&quot;:&quot;section-stretched&quot;,&quot;background_background&quot;:&quot;classic&quot;}\">\n\t\t\t\t\t\t<div class=\"elementor-container elementor-column-gap-no\">\n\t\t\t\t\t<div class=\"elementor-column elementor-col-50 elementor-top-column elementor-element elementor-element-b426e54\" data-id=\"b426e54\" data-element_type=\"column\">\n\t\t\t<div class=\"elementor-widget-wrap elementor-element-populated\">\n\t\t\t\t\t\t<div class=\"elementor-element elementor-element-8a4175e elementor-widget elementor-widget-image\" data-id=\"8a4175e\" data-element_type=\"widget\" data-widget_type=\"image.default\">\n\t\t\t\t\t\t\t\t\t\t\t\t\t\t\t<img fetchpriority=\"high\" decoding=\"async\" width=\"1400\" height=\"1400\" src=\"https:\/\/museurealcompanhiavelha.pt\/wp-content\/uploads\/2026\/01\/Cartela.jpg\" class=\"attachment-full size-full wp-image-9132\" alt=\"\" srcset=\"https:\/\/museurealcompanhiavelha.pt\/wp-content\/uploads\/2026\/01\/Cartela.jpg 1400w, https:\/\/museurealcompanhiavelha.pt\/wp-content\/uploads\/2026\/01\/Cartela-300x300.jpg 300w, https:\/\/museurealcompanhiavelha.pt\/wp-content\/uploads\/2026\/01\/Cartela-1024x1024.jpg 1024w, https:\/\/museurealcompanhiavelha.pt\/wp-content\/uploads\/2026\/01\/Cartela-150x150.jpg 150w, https:\/\/museurealcompanhiavelha.pt\/wp-content\/uploads\/2026\/01\/Cartela-768x768.jpg 768w, https:\/\/museurealcompanhiavelha.pt\/wp-content\/uploads\/2026\/01\/Cartela-12x12.jpg 12w, https:\/\/museurealcompanhiavelha.pt\/wp-content\/uploads\/2026\/01\/Cartela-100x100.jpg 100w, https:\/\/museurealcompanhiavelha.pt\/wp-content\/uploads\/2026\/01\/Cartela-350x350.jpg 350w, https:\/\/museurealcompanhiavelha.pt\/wp-content\/uploads\/2026\/01\/Cartela-650x650.jpg 650w, https:\/\/museurealcompanhiavelha.pt\/wp-content\/uploads\/2026\/01\/Cartela-500x500.jpg 500w, https:\/\/museurealcompanhiavelha.pt\/wp-content\/uploads\/2026\/01\/Cartela-415x415.jpg 415w, https:\/\/museurealcompanhiavelha.pt\/wp-content\/uploads\/2026\/01\/Cartela-250x250.jpg 250w, https:\/\/museurealcompanhiavelha.pt\/wp-content\/uploads\/2026\/01\/Cartela-600x600.jpg 600w\" sizes=\"(max-width: 1400px) 100vw, 1400px\" title=\"\">\t\t\t\t\t\t\t\t\t\t\t\t\t\t\t<\/div>\n\t\t\t\t\t<\/div>\n\t\t<\/div>\n\t\t\t\t<div class=\"elementor-column elementor-col-50 elementor-top-column elementor-element elementor-element-d7ee804\" data-id=\"d7ee804\" data-element_type=\"column\">\n\t\t\t<div class=\"elementor-widget-wrap elementor-element-populated\">\n\t\t\t\t\t\t<div class=\"elementor-element elementor-element-8db9457 elementor-widget elementor-widget-loquet-heading-widget\" data-id=\"8db9457\" data-element_type=\"widget\" data-widget_type=\"loquet-heading-widget.default\">\n\t\t\t\t<div class=\"elementor-widget-container\">\n\t\t\t\t\t<div class=\"gt-module-title gt-style-1 gt-align-left gt-light\"><div class=\"gt-sub-title\"><span>Pi\u00e8ce du mois - janvier<\/span><\/div><div class=\"gt-title\">Cartel<\/div><\/div>\t\t\t\t<\/div>\n\t\t\t\t<\/div>\n\t\t\t\t<div class=\"elementor-element elementor-element-4ad9267 elementor-widget elementor-widget-text-editor\" data-id=\"4ad9267\" data-element_type=\"widget\" data-widget_type=\"text-editor.default\">\n\t\t\t\t\t\t\t\t\t<p><span style=\"font-size: inherit;\">En ce ann\u00e9e o\u00f9 la Real Companhia c\u00e9l\u00e8bre son 270e anniversaire, nous avons choisi un objet dot\u00e9 d'une certaine symbolique puisqu'il repr\u00e9sente \u00e9galement la premi\u00e8re phase de l'entreprise en tant que compagnie plac\u00e9e sous l'autorit\u00e9 royale. Ce cartel en bois dor\u00e9 est contemporain de la fondation de la Compagnie au XVIIIe si\u00e8cle. La Compagnie ayant \u00e9t\u00e9 fond\u00e9e par une charte royale du roi Jos\u00e9 Ier, plusieurs pi\u00e8ces de sa phase initiale portent les armoiries royales, symbole de sa tutelle royale. Cette pi\u00e8ce provient de l'ancienne Casa da Companhia, situ\u00e9e dans la Rua das Flores \u00e0 Porto, o\u00f9 fut \u00e9tabli le premier si\u00e8ge social de l'entreprise jusqu'en 1961.<\/span><\/p><p>Le cartel est ainsi expos\u00e9 dans le troisi\u00e8me espace du parcours de l'exposition du Mus\u00e9e de la Plus Ancienne Appellation d\u2019Origine au Monde. \u00c0 travers son r\u00e9cit, ses archives et ses supports interactifs, cet espace met en valeur les privil\u00e8ges, les obligations et les statuts de la plus ancienne entreprise portugaise en activit\u00e9 ininterrompue dans le pays. La p\u00e9riode chronologique s'\u00e9tend de sa fondation en 1756 \u00e0 1834 (ann\u00e9e o\u00f9 elle a perdu ses privil\u00e8ges avec l'arriv\u00e9e du lib\u00e9ralisme au Portugal).<\/p>\t\t\t\t\t\t\t\t<\/div>\n\t\t\t\t\t<\/div>\n\t\t<\/div>\n\t\t\t\t\t<\/div>\n\t\t<\/section>\n\t\t\t\t<section class=\"elementor-section elementor-top-section elementor-element elementor-element-41be68c elementor-section-content-middle elementor-section-boxed elementor-section-height-default elementor-section-height-default\" data-id=\"41be68c\" data-element_type=\"section\" data-settings=\"{&quot;background_background&quot;:&quot;classic&quot;}\">\n\t\t\t\t\t\t<div class=\"elementor-container elementor-column-gap-no\">\n\t\t\t\t\t<div class=\"elementor-column elementor-col-50 elementor-top-column elementor-element elementor-element-3aceaa1\" data-id=\"3aceaa1\" data-element_type=\"column\">\n\t\t\t<div class=\"elementor-widget-wrap elementor-element-populated\">\n\t\t\t\t\t\t<div class=\"elementor-element elementor-element-927a78c elementor-widget elementor-widget-loquet-service-boxes-widget\" data-id=\"927a78c\" data-element_type=\"widget\" data-widget_type=\"loquet-service-boxes-widget.default\">\n\t\t\t\t<div class=\"elementor-widget-container\">\n\t\t\t\t\t<div class=\"gt-service-boxes gt-style-3 gt-light gt-align-left\"><div class=\"gt-grid gt-grid-2 gt-spacing-20\"><div class=\"gt-grid-col\"><div class=\"gt-sb-header\"><div class=\"gt-right\"><div class=\"gt-title\">Auteur<\/div><\/div><\/div><div class=\"gt-content\"><div class=\"vc_col-sm-4 wpb_column column_container vc_column_container col no-extra-padding instance-2\" data-t-w-inherits=\"default\" data-shadow=\"none\" data-border-radius=\"none\" data-border-animation=\"\" data-border-animation-delay=\"\" data-border-width=\"none\" data-border-style=\"solid\" data-border-color=\"\" data-bg-cover=\"\" data-padding-pos=\"all\" data-has-bg-color=\"false\" data-bg-color=\"\" data-bg-opacity=\"1\" data-hover-bg=\"\" data-hover-bg-opacity=\"1\" data-animation=\"\" data-delay=\"0\">\n<div class=\"vc_column-inner\">\n<div class=\"wpb_wrapper\">\n<div class=\"wpb_text_column wpb_content_element\">\n<div class=\"wpb_wrapper\">\n<p>Inconnu<\/p>\n<\/div>\n<\/div>\n<\/div>\n<\/div>\n<\/div>\n<\/div><\/div><\/div><\/div>\t\t\t\t<\/div>\n\t\t\t\t<\/div>\n\t\t\t\t<div class=\"elementor-element elementor-element-97c9e60 elementor-widget elementor-widget-loquet-service-boxes-widget\" data-id=\"97c9e60\" data-element_type=\"widget\" data-widget_type=\"loquet-service-boxes-widget.default\">\n\t\t\t\t<div class=\"elementor-widget-container\">\n\t\t\t\t\t<div class=\"gt-service-boxes gt-style-3 gt-light gt-align-left\"><div class=\"gt-grid gt-grid-2 gt-spacing-20\"><div class=\"gt-grid-col\"><div class=\"gt-sb-header\"><div class=\"gt-right\"><div class=\"gt-title\">Mat\u00e9riel<\/div><\/div><\/div><div class=\"gt-content\"><div class=\"column-bg-overlay\">Bois sculpt\u00e9 et polychrome<\/div>\n<\/div><\/div><div class=\"gt-grid-col\"><div class=\"gt-sb-header\"><div class=\"gt-right\"><div class=\"gt-title\">Collection<\/div><\/div><\/div><div class=\"gt-content\"><p>Real Companhia Velha<\/p>\n<\/div><\/div><\/div><\/div>\t\t\t\t<\/div>\n\t\t\t\t<\/div>\n\t\t\t\t<div class=\"elementor-element elementor-element-a485d1f elementor-widget elementor-widget-loquet-service-boxes-widget\" data-id=\"a485d1f\" data-element_type=\"widget\" data-widget_type=\"loquet-service-boxes-widget.default\">\n\t\t\t\t<div class=\"elementor-widget-container\">\n\t\t\t\t\t<div class=\"gt-service-boxes gt-style-3 gt-light gt-align-left\"><div class=\"gt-grid gt-grid-2 gt-spacing-20\"><div class=\"gt-grid-col\"><div class=\"gt-sb-header\"><div class=\"gt-right\"><div class=\"gt-title\">Datation<\/div><\/div><\/div><div class=\"gt-content\"><div class=\"vc_col-sm-4 wpb_column column_container vc_column_container col no-extra-padding instance-2\" data-t-w-inherits=\"default\" data-shadow=\"none\" data-border-radius=\"none\" data-border-animation=\"\" data-border-animation-delay=\"\" data-border-width=\"none\" data-border-style=\"solid\" data-border-color=\"\" data-bg-cover=\"\" data-padding-pos=\"all\" data-has-bg-color=\"false\" data-bg-color=\"\" data-bg-opacity=\"1\" data-hover-bg=\"\" data-hover-bg-opacity=\"1\" data-animation=\"\" data-delay=\"0\">\n<div class=\"vc_column-inner\">\n<div class=\"wpb_wrapper\">\n<div class=\"wpb_text_column wpb_content_element\">\n<div class=\"wpb_wrapper\">\n<p>XVIIIe si\u00e8cle (?)<\/p>\n<\/div>\n<\/div>\n<\/div>\n<\/div>\n<\/div>\n<\/div><\/div><div class=\"gt-grid-col\"><div class=\"gt-sb-header\"><div class=\"gt-right\"><div class=\"gt-title\">Dimensions<\/div><\/div><\/div><div class=\"gt-content\"><div class=\"vc_col-sm-4 wpb_column column_container vc_column_container col no-extra-padding instance-3\" data-t-w-inherits=\"default\" data-shadow=\"none\" data-border-radius=\"none\" data-border-animation=\"\" data-border-animation-delay=\"\" data-border-width=\"none\" data-border-style=\"solid\" data-border-color=\"\" data-bg-cover=\"\" data-padding-pos=\"all\" data-has-bg-color=\"false\" data-bg-color=\"\" data-bg-opacity=\"1\" data-hover-bg=\"\" data-hover-bg-opacity=\"1\" data-animation=\"\" data-delay=\"0\">\n<div class=\"vc_column-inner\">\n<div class=\"wpb_wrapper\">\n<div class=\"wpb_text_column wpb_content_element\">\n<div class=\"wpb_wrapper\">\n<p>Hauteur 55,5 cm x Longueur 78 cm x Largeur 11 cm<\/p>\n<\/div>\n<\/div>\n<\/div>\n<\/div>\n<\/div>\n<\/div><\/div><\/div><\/div>\t\t\t\t<\/div>\n\t\t\t\t<\/div>\n\t\t\t\t\t<\/div>\n\t\t<\/div>\n\t\t\t\t<div class=\"elementor-column elementor-col-50 elementor-top-column elementor-element elementor-element-dcd8483\" data-id=\"dcd8483\" data-element_type=\"column\">\n\t\t\t<div class=\"elementor-widget-wrap elementor-element-populated\">\n\t\t\t\t\t\t<div class=\"elementor-element elementor-element-aa351dd elementor-widget elementor-widget-text-editor\" data-id=\"aa351dd\" data-element_type=\"widget\" data-widget_type=\"text-editor.default\">\n\t\t\t\t\t\t\t\t\t<p>Chaque mois, le Mus\u00e9e de la Plus Ancienne Appellation d\u2019Origine au Monde met en valeur l'une des pi\u00e8ces de l'exposition permanente. Venez d\u00e9couvrir la pi\u00e8ce du mois et apprenez-en plus sur notre Histoire.<\/p>\t\t\t\t\t\t\t\t<\/div>\n\t\t\t\t<div class=\"elementor-element elementor-element-c7cca5f elementor-widget elementor-widget-loquet-button-widget\" data-id=\"c7cca5f\" data-element_type=\"widget\" data-widget_type=\"loquet-button-widget.default\">\n\t\t\t\t<div class=\"elementor-widget-container\">\n\t\t\t\t\t<div class=\"gt-button gt-style-1 gt-light gt-align- gt-flex\"><a href=\"https:\/\/museurealcompanhiavelha.pt\/fr\/pecas-do-mes\/\"><span>Voir les pr\u00e9c\u00e9dents<\/span><\/a><\/div>\t\t\t\t<\/div>\n\t\t\t\t<\/div>\n\t\t\t\t\t<\/div>\n\t\t<\/div>\n\t\t\t\t\t<\/div>\n\t\t<\/section>\n\t\t\t\t<\/div>","protected":false},"excerpt":{"rendered":"<p>Pe\u00e7a do M\u00cas Pe\u00e7a do m\u00eas \u2013 janeiroCartela No ano em que a Real Companhia celebrar\u00e1 o seu 270\u00ba anivers\u00e1rio, escolhemos um objeto com um&#8230;<\/p>","protected":false},"author":1,"featured_media":0,"parent":0,"menu_order":0,"comment_status":"closed","ping_status":"closed","template":"elementor_header_footer","meta":{"footnotes":""},"class_list":["post-8084","page","type-page","status-publish","hentry"],"_links":{"self":[{"href":"https:\/\/museurealcompanhiavelha.pt\/fr\/wp-json\/wp\/v2\/pages\/8084","targetHints":{"allow":["GET"]}}],"collection":[{"href":"https:\/\/museurealcompanhiavelha.pt\/fr\/wp-json\/wp\/v2\/pages"}],"about":[{"href":"https:\/\/museurealcompanhiavelha.pt\/fr\/wp-json\/wp\/v2\/types\/page"}],"author":[{"embeddable":true,"href":"https:\/\/museurealcompanhiavelha.pt\/fr\/wp-json\/wp\/v2\/users\/1"}],"replies":[{"embeddable":true,"href":"https:\/\/museurealcompanhiavelha.pt\/fr\/wp-json\/wp\/v2\/comments?post=8084"}],"version-history":[{"count":52,"href":"https:\/\/museurealcompanhiavelha.pt\/fr\/wp-json\/wp\/v2\/pages\/8084\/revisions"}],"predecessor-version":[{"id":9565,"href":"https:\/\/museurealcompanhiavelha.pt\/fr\/wp-json\/wp\/v2\/pages\/8084\/revisions\/9565"}],"wp:attachment":[{"href":"https:\/\/museurealcompanhiavelha.pt\/fr\/wp-json\/wp\/v2\/media?parent=8084"}],"curies":[{"name":"wp","href":"https:\/\/api.w.org\/{rel}","templated":true}]}}