{"id":8131,"date":"2025-12-11T18:56:38","date_gmt":"2025-12-11T18:56:38","guid":{"rendered":"https:\/\/museurealcompanhiavelha.pt\/?page_id=8131"},"modified":"2026-01-06T16:03:57","modified_gmt":"2026-01-06T16:03:57","slug":"real-companhia-velha","status":"publish","type":"page","link":"https:\/\/museurealcompanhiavelha.pt\/fr\/real-companhia-velha\/","title":{"rendered":"Real Companhia Velha"},"content":{"rendered":"<div data-elementor-type=\"wp-page\" data-elementor-id=\"8131\" class=\"elementor elementor-8131\" data-elementor-post-type=\"page\">\n\t\t\t\t\t\t<section class=\"elementor-section elementor-top-section elementor-element elementor-element-e941ffb elementor-section-height-min-height elementor-section-stretched elementor-section-boxed elementor-section-height-default elementor-section-items-middle\" data-id=\"e941ffb\" data-element_type=\"section\" data-settings=\"{&quot;stretch_section&quot;:&quot;section-stretched&quot;,&quot;background_background&quot;:&quot;classic&quot;}\">\n\t\t\t\t\t\t\t<div class=\"elementor-background-overlay\"><\/div>\n\t\t\t\t\t\t\t<div class=\"elementor-container elementor-column-gap-no\">\n\t\t\t\t\t<div class=\"elementor-column elementor-col-100 elementor-top-column elementor-element elementor-element-698d45a\" data-id=\"698d45a\" data-element_type=\"column\">\n\t\t\t<div class=\"elementor-widget-wrap elementor-element-populated\">\n\t\t\t\t\t\t<div class=\"elementor-element elementor-element-89c0aa8 elementor-widget elementor-widget-heading\" data-id=\"89c0aa8\" data-element_type=\"widget\" data-widget_type=\"heading.default\">\n\t\t\t\t\t<h1 class=\"elementor-heading-title elementor-size-default\">Real Companhia Velha\n<\/h1>\t\t\t\t<\/div>\n\t\t\t\t\t<\/div>\n\t\t<\/div>\n\t\t\t\t\t<\/div>\n\t\t<\/section>\n\t\t\t\t<section class=\"elementor-section elementor-top-section elementor-element elementor-element-a51c647 elementor-section-stretched elementor-section-boxed elementor-section-height-default elementor-section-height-default\" data-id=\"a51c647\" data-element_type=\"section\" data-settings=\"{&quot;stretch_section&quot;:&quot;section-stretched&quot;,&quot;background_background&quot;:&quot;classic&quot;}\">\n\t\t\t\t\t\t<div class=\"elementor-container elementor-column-gap-no\">\n\t\t\t\t\t<div class=\"elementor-column elementor-col-50 elementor-top-column elementor-element elementor-element-4698a10\" data-id=\"4698a10\" data-element_type=\"column\">\n\t\t\t<div class=\"elementor-widget-wrap elementor-element-populated\">\n\t\t\t\t\t\t<div class=\"elementor-element elementor-element-83eeb8a elementor-widget elementor-widget-image\" data-id=\"83eeb8a\" data-element_type=\"widget\" data-widget_type=\"image.default\">\n\t\t\t\t\t\t\t\t\t\t\t\t\t\t\t<img fetchpriority=\"high\" decoding=\"async\" width=\"1400\" height=\"1400\" src=\"https:\/\/museurealcompanhiavelha.pt\/wp-content\/uploads\/2025\/11\/CECI7177-1.jpg\" class=\"attachment-full size-full wp-image-7315\" alt=\"\" srcset=\"https:\/\/museurealcompanhiavelha.pt\/wp-content\/uploads\/2025\/11\/CECI7177-1.jpg 1400w, https:\/\/museurealcompanhiavelha.pt\/wp-content\/uploads\/2025\/11\/CECI7177-1-300x300.jpg 300w, https:\/\/museurealcompanhiavelha.pt\/wp-content\/uploads\/2025\/11\/CECI7177-1-1024x1024.jpg 1024w, https:\/\/museurealcompanhiavelha.pt\/wp-content\/uploads\/2025\/11\/CECI7177-1-150x150.jpg 150w, https:\/\/museurealcompanhiavelha.pt\/wp-content\/uploads\/2025\/11\/CECI7177-1-768x768.jpg 768w, https:\/\/museurealcompanhiavelha.pt\/wp-content\/uploads\/2025\/11\/CECI7177-1-12x12.jpg 12w, https:\/\/museurealcompanhiavelha.pt\/wp-content\/uploads\/2025\/11\/CECI7177-1-100x100.jpg 100w, https:\/\/museurealcompanhiavelha.pt\/wp-content\/uploads\/2025\/11\/CECI7177-1-350x350.jpg 350w, https:\/\/museurealcompanhiavelha.pt\/wp-content\/uploads\/2025\/11\/CECI7177-1-650x650.jpg 650w, https:\/\/museurealcompanhiavelha.pt\/wp-content\/uploads\/2025\/11\/CECI7177-1-500x500.jpg 500w, https:\/\/museurealcompanhiavelha.pt\/wp-content\/uploads\/2025\/11\/CECI7177-1-415x415.jpg 415w, https:\/\/museurealcompanhiavelha.pt\/wp-content\/uploads\/2025\/11\/CECI7177-1-250x250.jpg 250w, https:\/\/museurealcompanhiavelha.pt\/wp-content\/uploads\/2025\/11\/CECI7177-1-600x600.jpg 600w\" sizes=\"(max-width: 1400px) 100vw, 1400px\" title=\"\">\t\t\t\t\t\t\t\t\t\t\t\t\t\t\t<\/div>\n\t\t\t\t\t<\/div>\n\t\t<\/div>\n\t\t\t\t<div class=\"elementor-column elementor-col-50 elementor-top-column elementor-element elementor-element-0a831af\" data-id=\"0a831af\" data-element_type=\"column\">\n\t\t\t<div class=\"elementor-widget-wrap elementor-element-populated\">\n\t\t\t\t\t\t<div class=\"elementor-element elementor-element-c0ebe2c elementor-widget elementor-widget-loquet-heading-widget\" data-id=\"c0ebe2c\" data-element_type=\"widget\" data-widget_type=\"loquet-heading-widget.default\">\n\t\t\t\t<div class=\"elementor-widget-container\">\n\t\t\t\t\t<div class=\"gt-module-title gt-style-1 gt-align-left gt-light\"><div class=\"gt-sub-title\"><span>En savoir plus<\/span><\/div><div class=\"gt-title\">Pr\u00e9sentation &amp; Histoire<\/div><\/div>\t\t\t\t<\/div>\n\t\t\t\t<\/div>\n\t\t\t\t<div class=\"elementor-element elementor-element-b9b96d0 elementor-widget elementor-widget-text-editor\" data-id=\"b9b96d0\" data-element_type=\"widget\" data-widget_type=\"text-editor.default\">\n\t\t\t\t\t\t\t\t\t<p class=\"translation-block\">Fond\u00e9e par la Charte royale du roi Jos\u00e9 Ier le 10 septembre 1756, la <a href=\"https:\/\/realcompanhiavelha.pt\/\" target=\"_blank\" rel=\"noopener\">Real Companhia Velha<\/a> jouit d'une pr\u00e9sence s\u00e9culaire et marquante dans l'histoire du pays, et plus particuli\u00e8rement dans la r\u00e9gion Nord. C'est l\u00e0, il y a plus de 260 ans, qu'elle a cr\u00e9\u00e9, fa\u00e7onn\u00e9, prot\u00e9g\u00e9 et \u00e9lev\u00e9 la R\u00e9gion d\u00e9limit\u00e9e du Douro et en a ainsi fait la premi\u00e8re r\u00e9gion viticole r\u00e9glement\u00e9e au monde.<\/p><p>Au moment de sa cr\u00e9ation, cette Compagnie majestueuse, dot\u00e9e de privil\u00e8ges et de pouvoirs publics, disposait de sa propre juridiction. Son origine est li\u00e9e \u00e0 la situation \u00e9conomique et politique du pays au milieu du XVIII\u1d49 si\u00e8cle, notamment la crise \u00e9conomique li\u00e9e \u00e0 l'exportation du vin du Douro, ainsi que la r\u00e9organisation \u00e9conomique et commerciale men\u00e9e par le marquis de Pombal. La Companhia Geral da Agricultura das Vinhas do Alto Douro a \u00e9t\u00e9 cr\u00e9\u00e9e par un groupe d'actionnaires compos\u00e9 des Notables de la ville de Porto et des principaux agriculteurs de la r\u00e9gion de l\u2019Alto-Douro. Sa mission premi\u00e8re \u00e9tait de r\u00e9glementer le commerce et la qualit\u00e9 du vin de la r\u00e9gion de l\u2019Alto-Douro.<\/p><p>Gr\u00e2ce \u00e0 notre Mus\u00e9e, vous pourrez d\u00e9couvrir l'histoire de la plus ancienne entreprise du pays, forte de 269 ans d'activit\u00e9 ininterrompue. Son parcours a \u00e9t\u00e9 marqu\u00e9 par de grands moments d'expansion et par la r\u00e9alisation de grands travaux publics et, tout au long de son parcours, elle est parvenue \u00e0 surmonter toutes les vicissitudes et les obstacles qu'elle a rencontr\u00e9s. La Real Companhia Velha est une entreprise tourn\u00e9e vers l'avenir, mais fi\u00e8re de son pass\u00e9. C'est dans cette optique, afin de pr\u00e9server et de faire conna\u00eetre son histoire, qu'elle a cr\u00e9\u00e9 le Mus\u00e9e de la Plus Ancienne Appellation d\u2019Origine au Monde.<\/p>\t\t\t\t\t\t\t\t<\/div>\n\t\t\t\t\t<\/div>\n\t\t<\/div>\n\t\t\t\t\t<\/div>\n\t\t<\/section>\n\t\t\t\t<\/div>","protected":false},"excerpt":{"rendered":"<p>Real Companhia Velha Saiba maisApresenta\u00e7\u00e3o &amp; Hist\u00f3ria A Real Companhia Velha institu\u00edda por Alvar\u00e1 R\u00e9gio de El-Rei D. Jos\u00e9 I, a 10 de Setembro de&#8230;<\/p>","protected":false},"author":1,"featured_media":0,"parent":0,"menu_order":0,"comment_status":"closed","ping_status":"closed","template":"elementor_header_footer","meta":{"footnotes":""},"class_list":["post-8131","page","type-page","status-publish","hentry"],"_links":{"self":[{"href":"https:\/\/museurealcompanhiavelha.pt\/fr\/wp-json\/wp\/v2\/pages\/8131","targetHints":{"allow":["GET"]}}],"collection":[{"href":"https:\/\/museurealcompanhiavelha.pt\/fr\/wp-json\/wp\/v2\/pages"}],"about":[{"href":"https:\/\/museurealcompanhiavelha.pt\/fr\/wp-json\/wp\/v2\/types\/page"}],"author":[{"embeddable":true,"href":"https:\/\/museurealcompanhiavelha.pt\/fr\/wp-json\/wp\/v2\/users\/1"}],"replies":[{"embeddable":true,"href":"https:\/\/museurealcompanhiavelha.pt\/fr\/wp-json\/wp\/v2\/comments?post=8131"}],"version-history":[{"count":17,"href":"https:\/\/museurealcompanhiavelha.pt\/fr\/wp-json\/wp\/v2\/pages\/8131\/revisions"}],"predecessor-version":[{"id":9181,"href":"https:\/\/museurealcompanhiavelha.pt\/fr\/wp-json\/wp\/v2\/pages\/8131\/revisions\/9181"}],"wp:attachment":[{"href":"https:\/\/museurealcompanhiavelha.pt\/fr\/wp-json\/wp\/v2\/media?parent=8131"}],"curies":[{"name":"wp","href":"https:\/\/api.w.org\/{rel}","templated":true}]}}