{"id":121,"date":"2021-09-11T22:21:37","date_gmt":"2021-09-11T22:21:37","guid":{"rendered":"https:\/\/demo.gloriathemes.com\/loquet\/demo\/?page_id=121"},"modified":"2026-04-07T14:35:22","modified_gmt":"2026-04-07T14:35:22","slug":"informacoes","status":"publish","type":"page","link":"https:\/\/museurealcompanhiavelha.pt\/pt\/informacoes\/","title":{"rendered":"Informa\u00e7\u00f5es \u00dateis"},"content":{"rendered":"\t\t<div data-elementor-type=\"wp-page\" data-elementor-id=\"121\" class=\"elementor elementor-121\" data-elementor-post-type=\"page\">\n\t\t\t\t\t\t<section class=\"elementor-section elementor-top-section elementor-element elementor-element-9df5a84 elementor-section-height-min-height elementor-section-stretched elementor-section-boxed elementor-section-height-default elementor-section-items-middle\" data-id=\"9df5a84\" data-element_type=\"section\" data-settings=\"{&quot;stretch_section&quot;:&quot;section-stretched&quot;,&quot;background_background&quot;:&quot;classic&quot;}\">\n\t\t\t\t\t\t\t<div class=\"elementor-background-overlay\"><\/div>\n\t\t\t\t\t\t\t<div class=\"elementor-container elementor-column-gap-no\">\n\t\t\t\t\t<div class=\"elementor-column elementor-col-100 elementor-top-column elementor-element elementor-element-ee0b01e\" data-id=\"ee0b01e\" data-element_type=\"column\">\n\t\t\t<div class=\"elementor-widget-wrap elementor-element-populated\">\n\t\t\t\t\t\t<div class=\"elementor-element elementor-element-f7d4b10 elementor-widget elementor-widget-heading\" data-id=\"f7d4b10\" data-element_type=\"widget\" data-widget_type=\"heading.default\">\n\t\t\t\t\t<h1 class=\"elementor-heading-title elementor-size-default\">Informa\u00e7\u00f5es \u00dateis<\/h1>\t\t\t\t<\/div>\n\t\t\t\t\t<\/div>\n\t\t<\/div>\n\t\t\t\t\t<\/div>\n\t\t<\/section>\n\t\t\t\t<section class=\"elementor-section elementor-top-section elementor-element elementor-element-1ccb917 elementor-section-stretched elementor-section-boxed elementor-section-height-default elementor-section-height-default\" data-id=\"1ccb917\" data-element_type=\"section\" data-settings=\"{&quot;stretch_section&quot;:&quot;section-stretched&quot;,&quot;background_background&quot;:&quot;classic&quot;}\">\n\t\t\t\t\t\t<div class=\"elementor-container elementor-column-gap-no\">\n\t\t\t\t\t<div class=\"elementor-column elementor-col-100 elementor-top-column elementor-element elementor-element-f928df9\" data-id=\"f928df9\" data-element_type=\"column\">\n\t\t\t<div class=\"elementor-widget-wrap elementor-element-populated\">\n\t\t\t\t\t\t<div class=\"elementor-element elementor-element-116bcbe elementor-widget elementor-widget-loquet-tabs-widget\" data-id=\"116bcbe\" data-element_type=\"widget\" data-widget_type=\"loquet-tabs-widget.default\">\n\t\t\t\t<div class=\"elementor-widget-container\">\n\t\t\t\t\t<div class=\"gt-tabs-wrapper gt-light gt-horizontal\"><div class=\"gt-tab-list\"><div class=\"gt-tabs gt-style-1 gt-light gt-align-center gt-horizontal\"><ul data-tabs id=\"tab-9241\"><li class=\"tabs-title is-active\"\"><a href=\"#tab-9241-panel-1\"><span>Regras de admiss\u00e3o<\/span><\/a><\/li><li class=\"tabs-title\"><a href=\"#tab-9241-panel-2\"><span>Outras recomenda\u00e7\u00f5es e informa\u00e7\u00f5es<\/span><\/a><\/li><li class=\"tabs-title\"><a href=\"#tab-9241-panel-3\"><span>Acessibilidade<\/span><\/a><\/li><\/ul><\/div><\/div><div class=\"gt-tabs-content gt-fade-effect\" data-tabs-content=\"tab-9241\"><div class=\"gt-tabs-panel is-active\"\" id=\"tab-9241-panel-1\"><div class=\"elementor-element elementor-element-5349598 e-con-full e-flex e-con e-child\" data-id=\"5349598\" data-element_type=\"container\">\n<div class=\"elementor-element elementor-element-f5a6004 elementor-widget elementor-widget-text-editor\" data-id=\"f5a6004\" data-element_type=\"widget\" data-widget_type=\"text-editor.default\">\n<p><span style=\"font-weight: 400;\">Tendo em considera\u00e7\u00e3o a preserva\u00e7\u00e3o do esp\u00f3lio em exposi\u00e7\u00e3o no Museu da 1\u00aa Demarca\u00e7\u00e3o, o visitante n\u00e3o pode:<\/span><\/p>\n<\/div>\n<\/div>\n<div class=\"elementor-element elementor-element-f4fc89d e-con-full e-flex e-con e-child\" data-id=\"f4fc89d\" data-element_type=\"container\">\n<div class=\"elementor-element elementor-element-801edb1 elementor-widget elementor-widget-text-editor\" data-id=\"801edb1\" data-element_type=\"widget\" data-widget_type=\"text-editor.default\">\n<p>Tocar nas pe\u00e7as e vitrinas;<br \/>Fumar;<br \/>Fotografar com flash;<br \/>Entrar com animais, exceto c\u00e3es-guia;<br \/>Comer e beber.<\/p>\n<\/div>\n<\/div>\n<\/div><div class=\"gt-tabs-panel\" id=\"tab-9241-panel-2\"><p><span style=\"font-weight: 400;\">As crian\u00e7as devem estar sempre acompanhadas por adultos;<\/span><\/p>\n<p><span style=\"font-weight: 400;\">Solicita-se que os telem\u00f3veis e outros equipamentos eletr\u00f3nicos estejam em sil\u00eancio durante a visita \u00e0 exposi\u00e7\u00e3o;<\/span><\/p>\n<p><span style=\"font-weight: 400;\">No decurso das visitas guiadas, todos os membros do grupo devem permanecer juntos;<\/span><\/p>\n<p><span style=\"font-weight: 400;\">Os objetos de grande dimens\u00e3o (mochilas, guarda-chuvas, entre outros) devem ser depositados no bengaleiro, que se encontra na \u00e1rea da bilheteira\/rece\u00e7\u00e3o do Museu;<\/span><\/p>\n<p><span style=\"font-weight: 400;\">Em caso de acidente, o mesmo dever\u00e1 ser comunicado de imediato a um elemento do staff do Museu.<\/span><\/p>\n<\/div><div class=\"gt-tabs-panel\" id=\"tab-9241-panel-3\"><p><span style=\"font-weight: 400;\">Espa\u00e7os de circula\u00e7\u00e3o amplos;<\/span><\/p>\n<p><span style=\"font-weight: 400;\">Rampa de acesso ao edif\u00edcio (provisoriamente indispon\u00edvel) e elevador de acesso ao 1\u00ba piso;<\/span><\/p>\n<p><span style=\"font-weight: 400;\">Expositores e vitrinas com desenho ergon\u00f3mico;<\/span><\/p>\n<p><span style=\"font-weight: 400;\">Postos multim\u00e9dia e interativos ao longo da exposi\u00e7\u00e3o permanente;<\/span><\/p>\n<p><span style=\"font-weight: 400;\">Conte\u00fados expositivos traduzidos para ingl\u00eas;<\/span><\/p>\n<p><span style=\"font-weight: 400;\">Desdobr\u00e1vel de apoio \u00e0 visita da exposi\u00e7\u00e3o, em v\u00e1rias l\u00ednguas (PT\/EN\/ES\/FR em formato digital);<\/span><\/p>\n<p><span style=\"font-weight: 400;\">Visitas guiadas dispon\u00edveis em diversos idiomas mediante marca\u00e7\u00e3o pr\u00e9via com 48h de anteced\u00eancia. Contacte-nos via email para o seu agendamento, ou utilize o formul\u00e1rio de contacto<\/span><\/p>\n<div class=\"gt-button gt-style-1 gt-inline-block\"><a href=\"https:\/\/museurealcompanhiavelha.pt\/contactos\/\">Formul\u00e1rio de Contacto<\/a><\/div>\n<\/div><\/div><\/div>\t\t\t\t<\/div>\n\t\t\t\t<\/div>\n\t\t\t\t\t<\/div>\n\t\t<\/div>\n\t\t\t\t\t<\/div>\n\t\t<\/section>\n\t\t\t\t<\/div>\n\t\t","protected":false},"excerpt":{"rendered":"<p>Informa\u00e7\u00f5es \u00dateis<\/p>\n","protected":false},"author":1,"featured_media":0,"parent":0,"menu_order":0,"comment_status":"closed","ping_status":"closed","template":"","meta":{"footnotes":""},"class_list":["post-121","page","type-page","status-publish","hentry"],"_links":{"self":[{"href":"https:\/\/museurealcompanhiavelha.pt\/pt\/wp-json\/wp\/v2\/pages\/121","targetHints":{"allow":["GET"]}}],"collection":[{"href":"https:\/\/museurealcompanhiavelha.pt\/pt\/wp-json\/wp\/v2\/pages"}],"about":[{"href":"https:\/\/museurealcompanhiavelha.pt\/pt\/wp-json\/wp\/v2\/types\/page"}],"author":[{"embeddable":true,"href":"https:\/\/museurealcompanhiavelha.pt\/pt\/wp-json\/wp\/v2\/users\/1"}],"replies":[{"embeddable":true,"href":"https:\/\/museurealcompanhiavelha.pt\/pt\/wp-json\/wp\/v2\/comments?post=121"}],"version-history":[{"count":53,"href":"https:\/\/museurealcompanhiavelha.pt\/pt\/wp-json\/wp\/v2\/pages\/121\/revisions"}],"predecessor-version":[{"id":10238,"href":"https:\/\/museurealcompanhiavelha.pt\/pt\/wp-json\/wp\/v2\/pages\/121\/revisions\/10238"}],"wp:attachment":[{"href":"https:\/\/museurealcompanhiavelha.pt\/pt\/wp-json\/wp\/v2\/media?parent=121"}],"curies":[{"name":"wp","href":"https:\/\/api.w.org\/{rel}","templated":true}]}}