{"id":8096,"date":"2025-12-11T16:27:19","date_gmt":"2025-12-11T16:27:19","guid":{"rendered":"https:\/\/museurealcompanhiavelha.pt\/?page_id=8096"},"modified":"2026-03-26T13:50:26","modified_gmt":"2026-03-26T13:50:26","slug":"museu","status":"publish","type":"page","link":"https:\/\/museurealcompanhiavelha.pt\/pt\/museu\/","title":{"rendered":"Museu"},"content":{"rendered":"\t\t<div data-elementor-type=\"wp-page\" data-elementor-id=\"8096\" class=\"elementor elementor-8096\" data-elementor-post-type=\"page\">\n\t\t\t\t\t\t<section class=\"elementor-section elementor-top-section elementor-element elementor-element-e941ffb elementor-section-height-min-height elementor-section-stretched elementor-section-boxed elementor-section-height-default elementor-section-items-middle\" data-id=\"e941ffb\" data-element_type=\"section\" data-settings=\"{&quot;stretch_section&quot;:&quot;section-stretched&quot;,&quot;background_background&quot;:&quot;classic&quot;}\">\n\t\t\t\t\t\t\t<div class=\"elementor-background-overlay\"><\/div>\n\t\t\t\t\t\t\t<div class=\"elementor-container elementor-column-gap-no\">\n\t\t\t\t\t<div class=\"elementor-column elementor-col-100 elementor-top-column elementor-element elementor-element-698d45a\" data-id=\"698d45a\" data-element_type=\"column\">\n\t\t\t<div class=\"elementor-widget-wrap elementor-element-populated\">\n\t\t\t\t\t\t<div class=\"elementor-element elementor-element-89c0aa8 elementor-widget elementor-widget-heading\" data-id=\"89c0aa8\" data-element_type=\"widget\" data-widget_type=\"heading.default\">\n\t\t\t\t\t<h1 class=\"elementor-heading-title elementor-size-default\">Museu da 1\u00aa Demarca\u00e7\u00e3o<\/h1>\t\t\t\t<\/div>\n\t\t\t\t\t<\/div>\n\t\t<\/div>\n\t\t\t\t\t<\/div>\n\t\t<\/section>\n\t\t\t\t<section class=\"elementor-section elementor-top-section elementor-element elementor-element-a51c647 elementor-section-stretched elementor-section-boxed elementor-section-height-default elementor-section-height-default\" data-id=\"a51c647\" data-element_type=\"section\" data-settings=\"{&quot;stretch_section&quot;:&quot;section-stretched&quot;,&quot;background_background&quot;:&quot;classic&quot;}\">\n\t\t\t\t\t\t<div class=\"elementor-container elementor-column-gap-no\">\n\t\t\t\t\t<div class=\"elementor-column elementor-col-50 elementor-top-column elementor-element elementor-element-4698a10\" data-id=\"4698a10\" data-element_type=\"column\">\n\t\t\t<div class=\"elementor-widget-wrap elementor-element-populated\">\n\t\t\t\t\t\t<div class=\"elementor-element elementor-element-357ad5a elementor-widget elementor-widget-image\" data-id=\"357ad5a\" data-element_type=\"widget\" data-widget_type=\"image.default\">\n\t\t\t\t\t\t\t\t\t\t\t\t\t\t\t<img fetchpriority=\"high\" decoding=\"async\" width=\"1050\" height=\"1400\" src=\"https:\/\/museurealcompanhiavelha.pt\/wp-content\/uploads\/2025\/12\/missao.jpg\" class=\"attachment-full size-full wp-image-8115\" alt=\"\" srcset=\"https:\/\/museurealcompanhiavelha.pt\/wp-content\/uploads\/2025\/12\/missao.jpg 1050w, https:\/\/museurealcompanhiavelha.pt\/wp-content\/uploads\/2025\/12\/missao-225x300.jpg 225w, https:\/\/museurealcompanhiavelha.pt\/wp-content\/uploads\/2025\/12\/missao-768x1024.jpg 768w, https:\/\/museurealcompanhiavelha.pt\/wp-content\/uploads\/2025\/12\/missao-9x12.jpg 9w, https:\/\/museurealcompanhiavelha.pt\/wp-content\/uploads\/2025\/12\/missao-415x553.jpg 415w, https:\/\/museurealcompanhiavelha.pt\/wp-content\/uploads\/2025\/12\/missao-650x867.jpg 650w, https:\/\/museurealcompanhiavelha.pt\/wp-content\/uploads\/2025\/12\/missao-250x333.jpg 250w, https:\/\/museurealcompanhiavelha.pt\/wp-content\/uploads\/2025\/12\/missao-600x800.jpg 600w\" sizes=\"(max-width: 1050px) 100vw, 1050px\" title=\"\">\t\t\t\t\t\t\t\t\t\t\t\t\t\t\t<\/div>\n\t\t\t\t\t<\/div>\n\t\t<\/div>\n\t\t\t\t<div class=\"elementor-column elementor-col-50 elementor-top-column elementor-element elementor-element-0a831af\" data-id=\"0a831af\" data-element_type=\"column\">\n\t\t\t<div class=\"elementor-widget-wrap elementor-element-populated\">\n\t\t\t\t\t\t<div class=\"elementor-element elementor-element-c0ebe2c elementor-widget elementor-widget-loquet-heading-widget\" data-id=\"c0ebe2c\" data-element_type=\"widget\" data-widget_type=\"loquet-heading-widget.default\">\n\t\t\t\t<div class=\"elementor-widget-container\">\n\t\t\t\t\t<div class=\"gt-module-title gt-style-1 gt-align-left gt-light\"><div class=\"gt-sub-title\"><span>A nossa<\/span><\/div><div class=\"gt-title\">Miss\u00e3o<\/div><\/div>\t\t\t\t<\/div>\n\t\t\t\t<\/div>\n\t\t\t\t<div class=\"elementor-element elementor-element-b9b96d0 elementor-widget elementor-widget-text-editor\" data-id=\"b9b96d0\" data-element_type=\"widget\" data-widget_type=\"text-editor.default\">\n\t\t\t\t\t\t\t\t\t<p>O Museu da Real Companhia Velha \u2013 1\u00ba Regi\u00e3o Demarcada e Regulamentada do Mundo, tem por miss\u00e3o partilhar com o grande p\u00fablico o precioso esp\u00f3lio documental e art\u00edstico, reunido e preservado ao longo de mais de 260 anos.<\/p><p>Estabelecendo-se como uma identidade institucional, o Museu pretende promover e divulgar a hist\u00f3ria e a cultura do Vinho do Porto que de forma matricial a Companhia ajudou a construir.<\/p>\t\t\t\t\t\t\t\t<\/div>\n\t\t\t\t\t<\/div>\n\t\t<\/div>\n\t\t\t\t\t<\/div>\n\t\t<\/section>\n\t\t\t\t<section class=\"elementor-section elementor-top-section elementor-element elementor-element-e29f4ce elementor-section-boxed elementor-section-height-default elementor-section-height-default\" data-id=\"e29f4ce\" data-element_type=\"section\" data-settings=\"{&quot;background_background&quot;:&quot;classic&quot;}\">\n\t\t\t\t\t\t<div class=\"elementor-container elementor-column-gap-no\">\n\t\t\t\t\t<div class=\"elementor-column elementor-col-50 elementor-top-column elementor-element elementor-element-a4e984e\" data-id=\"a4e984e\" data-element_type=\"column\">\n\t\t\t<div class=\"elementor-widget-wrap elementor-element-populated\">\n\t\t\t\t\t\t<div class=\"elementor-element elementor-element-14acc90 elementor-widget elementor-widget-loquet-heading-widget\" data-id=\"14acc90\" data-element_type=\"widget\" data-widget_type=\"loquet-heading-widget.default\">\n\t\t\t\t<div class=\"elementor-widget-container\">\n\t\t\t\t\t<div class=\"gt-module-title gt-style-1 gt-align-left gt-light\"><div class=\"gt-sub-title\"><span>Os nossos<\/span><\/div><div class=\"gt-title\">Objetivos<\/div><\/div>\t\t\t\t<\/div>\n\t\t\t\t<\/div>\n\t\t\t\t<div class=\"elementor-element elementor-element-c6cb350 elementor-widget elementor-widget-text-editor\" data-id=\"c6cb350\" data-element_type=\"widget\" data-widget_type=\"text-editor.default\">\n\t\t\t\t\t\t\t\t\t<p>O Museu da 1\u00aa Demarca\u00e7\u00e3o, tem como intuito a valoriza\u00e7\u00e3o do acervo, pertencente \u00e0 Real Companhia Velha. Neste sentido, a nossa atua\u00e7\u00e3o foca-se na investiga\u00e7\u00e3o, incorpora\u00e7\u00e3o, invent\u00e1rio, documenta\u00e7\u00e3o, conserva\u00e7\u00e3o, interpreta\u00e7\u00e3o, exposi\u00e7\u00e3o e divulga\u00e7\u00e3o, com fins cient\u00edficos, educativos e l\u00fadicos, ao promover o acesso regular do p\u00fablico ao esp\u00f3lio em exposi\u00e7\u00e3o no Museu.<br \/>Os objetivos a que nos propomos s\u00e3o os seguintes:<\/p>\t\t\t\t\t\t\t\t<\/div>\n\t\t\t\t<div class=\"elementor-element elementor-element-493fb21 elementor-widget elementor-widget-text-editor\" data-id=\"493fb21\" data-element_type=\"widget\" data-widget_type=\"text-editor.default\">\n\t\t\t\t\t\t\t\t\t<p>Identificar, inventariar, estudar, salvaguardar, valorizar e divulgar o patrim\u00f3nio que integra o nosso acervo. Dinamizando projetos de investiga\u00e7\u00e3o e debate cient\u00edfico sobre diversas tem\u00e1ticas de acordo com a voca\u00e7\u00e3o do Museu: a regi\u00e3o do Douro, o vinho do Porto e a hist\u00f3ria da Real Companhia Velha;<\/p>\t\t\t\t\t\t\t\t<\/div>\n\t\t\t\t<div class=\"elementor-element elementor-element-71185e4 elementor-widget elementor-widget-text-editor\" data-id=\"71185e4\" data-element_type=\"widget\" data-widget_type=\"text-editor.default\">\n\t\t\t\t\t\t\t\t\t<p>Tornar p\u00fablicos os resultados dessa investiga\u00e7\u00e3o e debate, quer atrav\u00e9s de exposi\u00e7\u00f5es, e\/ou visitas guiadas, quer sob a forma de edi\u00e7\u00f5es pr\u00f3prias ou pela participa\u00e7\u00e3o em publica\u00e7\u00f5es conjuntas, tanto ao n\u00edvel da investiga\u00e7\u00e3o cient\u00edfica, como da sua divulga\u00e7\u00e3o e publicita\u00e7\u00e3o;<\/p>\t\t\t\t\t\t\t\t<\/div>\n\t\t\t\t<div class=\"elementor-element elementor-element-b25f0c5 elementor-widget elementor-widget-text-editor\" data-id=\"b25f0c5\" data-element_type=\"widget\" data-widget_type=\"text-editor.default\">\n\t\t\t\t\t\t\t\t\t<p>Ampliar as cole\u00e7\u00f5es do Museu de acordo com a pol\u00edtica de incorpora\u00e7\u00f5es e com o programa museol\u00f3gico, ambos em implementa\u00e7\u00e3o;<\/p>\t\t\t\t\t\t\t\t<\/div>\n\t\t\t\t<div class=\"elementor-element elementor-element-d956566 elementor-widget elementor-widget-text-editor\" data-id=\"d956566\" data-element_type=\"widget\" data-widget_type=\"text-editor.default\">\n\t\t\t\t\t\t\t\t\t<p>Apoiar e colaborar no trabalho desenvolvido por institui\u00e7\u00f5es culturais afins, com os organismos do Estado que superintendem o patrim\u00f3nio cultural, com outros museus e com outras entidades culturais, nacionais e internacionais;<\/p>\t\t\t\t\t\t\t\t<\/div>\n\t\t\t\t<div class=\"elementor-element elementor-element-df8b00d elementor-widget elementor-widget-text-editor\" data-id=\"df8b00d\" data-element_type=\"widget\" data-widget_type=\"text-editor.default\">\n\t\t\t\t\t\t\t\t\t<p>Propor o estabelecimento de parcerias com institui\u00e7\u00f5es municipais, nacionais e internacionais que visem id\u00eanticos objetivos, colaborando tamb\u00e9m com os estabelecimentos de todos os n\u00edveis de ensino;<\/p>\t\t\t\t\t\t\t\t<\/div>\n\t\t\t\t<div class=\"elementor-element elementor-element-383edf8 elementor-widget elementor-widget-text-editor\" data-id=\"383edf8\" data-element_type=\"widget\" data-widget_type=\"text-editor.default\">\n\t\t\t\t\t\t\t\t\t<p>Promover atrav\u00e9s de um plano de atividades, um conjunto de atividades culturais diversificadas com vista \u00e0 fideliza\u00e7\u00e3o e capta\u00e7\u00e3o de novos p\u00fablicos, associando-se e colaborando com iniciativas externas, que sejam pertinentes de acordo com a voca\u00e7\u00e3o do Museu;<\/p>\t\t\t\t\t\t\t\t<\/div>\n\t\t\t\t<div class=\"elementor-element elementor-element-b8fe259 elementor-widget elementor-widget-text-editor\" data-id=\"b8fe259\" data-element_type=\"widget\" data-widget_type=\"text-editor.default\">\n\t\t\t\t\t\t\t\t\t<p><span style=\"font-size: inherit;\">Constituir-se atrav\u00e9s do Servi\u00e7o Educativo, como um recurso educativo n\u00e3o formal, econ\u00f3mico e social de desenvolvimento.<\/span><\/p>\t\t\t\t\t\t\t\t<\/div>\n\t\t\t\t\t<\/div>\n\t\t<\/div>\n\t\t\t\t<div class=\"elementor-column elementor-col-50 elementor-top-column elementor-element elementor-element-137e16c\" data-id=\"137e16c\" data-element_type=\"column\">\n\t\t\t<div class=\"elementor-widget-wrap elementor-element-populated\">\n\t\t\t\t\t\t<div class=\"elementor-element elementor-element-c1facf3 elementor-widget elementor-widget-image\" data-id=\"c1facf3\" data-element_type=\"widget\" data-widget_type=\"image.default\">\n\t\t\t\t\t\t\t\t\t\t\t\t\t\t\t<img decoding=\"async\" width=\"933\" height=\"1400\" src=\"https:\/\/museurealcompanhiavelha.pt\/wp-content\/uploads\/2026\/01\/objetivos.jpg\" class=\"attachment-full size-full wp-image-9104\" alt=\"\" srcset=\"https:\/\/museurealcompanhiavelha.pt\/wp-content\/uploads\/2026\/01\/objetivos.jpg 933w, https:\/\/museurealcompanhiavelha.pt\/wp-content\/uploads\/2026\/01\/objetivos-200x300.jpg 200w, https:\/\/museurealcompanhiavelha.pt\/wp-content\/uploads\/2026\/01\/objetivos-682x1024.jpg 682w, https:\/\/museurealcompanhiavelha.pt\/wp-content\/uploads\/2026\/01\/objetivos-768x1152.jpg 768w, https:\/\/museurealcompanhiavelha.pt\/wp-content\/uploads\/2026\/01\/objetivos-8x12.jpg 8w, https:\/\/museurealcompanhiavelha.pt\/wp-content\/uploads\/2026\/01\/objetivos-415x623.jpg 415w, https:\/\/museurealcompanhiavelha.pt\/wp-content\/uploads\/2026\/01\/objetivos-650x975.jpg 650w, https:\/\/museurealcompanhiavelha.pt\/wp-content\/uploads\/2026\/01\/objetivos-250x375.jpg 250w, https:\/\/museurealcompanhiavelha.pt\/wp-content\/uploads\/2026\/01\/objetivos-600x900.jpg 600w\" sizes=\"(max-width: 933px) 100vw, 933px\" title=\"\">\t\t\t\t\t\t\t\t\t\t\t\t\t\t\t<\/div>\n\t\t\t\t\t<\/div>\n\t\t<\/div>\n\t\t\t\t\t<\/div>\n\t\t<\/section>\n\t\t\t\t<\/div>\n\t\t","protected":false},"excerpt":{"rendered":"<p>Museu da 1\u00aa Demarca\u00e7\u00e3o A nossaMiss\u00e3o O Museu da Real Companhia Velha \u2013 1\u00ba Regi\u00e3o Demarcada e Regulamentada do Mundo, tem por miss\u00e3o partilhar com&#8230;<\/p>\n","protected":false},"author":1,"featured_media":0,"parent":0,"menu_order":0,"comment_status":"closed","ping_status":"closed","template":"elementor_header_footer","meta":{"footnotes":""},"class_list":["post-8096","page","type-page","status-publish","hentry"],"_links":{"self":[{"href":"https:\/\/museurealcompanhiavelha.pt\/pt\/wp-json\/wp\/v2\/pages\/8096","targetHints":{"allow":["GET"]}}],"collection":[{"href":"https:\/\/museurealcompanhiavelha.pt\/pt\/wp-json\/wp\/v2\/pages"}],"about":[{"href":"https:\/\/museurealcompanhiavelha.pt\/pt\/wp-json\/wp\/v2\/types\/page"}],"author":[{"embeddable":true,"href":"https:\/\/museurealcompanhiavelha.pt\/pt\/wp-json\/wp\/v2\/users\/1"}],"replies":[{"embeddable":true,"href":"https:\/\/museurealcompanhiavelha.pt\/pt\/wp-json\/wp\/v2\/comments?post=8096"}],"version-history":[{"count":58,"href":"https:\/\/museurealcompanhiavelha.pt\/pt\/wp-json\/wp\/v2\/pages\/8096\/revisions"}],"predecessor-version":[{"id":9608,"href":"https:\/\/museurealcompanhiavelha.pt\/pt\/wp-json\/wp\/v2\/pages\/8096\/revisions\/9608"}],"wp:attachment":[{"href":"https:\/\/museurealcompanhiavelha.pt\/pt\/wp-json\/wp\/v2\/media?parent=8096"}],"curies":[{"name":"wp","href":"https:\/\/api.w.org\/{rel}","templated":true}]}}