{"id":8131,"date":"2025-12-11T18:56:38","date_gmt":"2025-12-11T18:56:38","guid":{"rendered":"https:\/\/museurealcompanhiavelha.pt\/?page_id=8131"},"modified":"2026-01-06T16:03:57","modified_gmt":"2026-01-06T16:03:57","slug":"real-companhia-velha","status":"publish","type":"page","link":"https:\/\/museurealcompanhiavelha.pt\/pt\/real-companhia-velha\/","title":{"rendered":"Real Companhia Velha"},"content":{"rendered":"\t\t<div data-elementor-type=\"wp-page\" data-elementor-id=\"8131\" class=\"elementor elementor-8131\" data-elementor-post-type=\"page\">\n\t\t\t\t\t\t<section class=\"elementor-section elementor-top-section elementor-element elementor-element-e941ffb elementor-section-height-min-height elementor-section-stretched elementor-section-boxed elementor-section-height-default elementor-section-items-middle\" data-id=\"e941ffb\" data-element_type=\"section\" data-settings=\"{&quot;stretch_section&quot;:&quot;section-stretched&quot;,&quot;background_background&quot;:&quot;classic&quot;}\">\n\t\t\t\t\t\t\t<div class=\"elementor-background-overlay\"><\/div>\n\t\t\t\t\t\t\t<div class=\"elementor-container elementor-column-gap-no\">\n\t\t\t\t\t<div class=\"elementor-column elementor-col-100 elementor-top-column elementor-element elementor-element-698d45a\" data-id=\"698d45a\" data-element_type=\"column\">\n\t\t\t<div class=\"elementor-widget-wrap elementor-element-populated\">\n\t\t\t\t\t\t<div class=\"elementor-element elementor-element-89c0aa8 elementor-widget elementor-widget-heading\" data-id=\"89c0aa8\" data-element_type=\"widget\" data-widget_type=\"heading.default\">\n\t\t\t\t\t<h1 class=\"elementor-heading-title elementor-size-default\">Real Companhia Velha\n<\/h1>\t\t\t\t<\/div>\n\t\t\t\t\t<\/div>\n\t\t<\/div>\n\t\t\t\t\t<\/div>\n\t\t<\/section>\n\t\t\t\t<section class=\"elementor-section elementor-top-section elementor-element elementor-element-a51c647 elementor-section-stretched elementor-section-boxed elementor-section-height-default elementor-section-height-default\" data-id=\"a51c647\" data-element_type=\"section\" data-settings=\"{&quot;stretch_section&quot;:&quot;section-stretched&quot;,&quot;background_background&quot;:&quot;classic&quot;}\">\n\t\t\t\t\t\t<div class=\"elementor-container elementor-column-gap-no\">\n\t\t\t\t\t<div class=\"elementor-column elementor-col-50 elementor-top-column elementor-element elementor-element-4698a10\" data-id=\"4698a10\" data-element_type=\"column\">\n\t\t\t<div class=\"elementor-widget-wrap elementor-element-populated\">\n\t\t\t\t\t\t<div class=\"elementor-element elementor-element-83eeb8a elementor-widget elementor-widget-image\" data-id=\"83eeb8a\" data-element_type=\"widget\" data-widget_type=\"image.default\">\n\t\t\t\t\t\t\t\t\t\t\t\t\t\t\t<img fetchpriority=\"high\" decoding=\"async\" width=\"1400\" height=\"1400\" src=\"https:\/\/museurealcompanhiavelha.pt\/wp-content\/uploads\/2025\/11\/CECI7177-1.jpg\" class=\"attachment-full size-full wp-image-7315\" alt=\"\" srcset=\"https:\/\/museurealcompanhiavelha.pt\/wp-content\/uploads\/2025\/11\/CECI7177-1.jpg 1400w, https:\/\/museurealcompanhiavelha.pt\/wp-content\/uploads\/2025\/11\/CECI7177-1-300x300.jpg 300w, https:\/\/museurealcompanhiavelha.pt\/wp-content\/uploads\/2025\/11\/CECI7177-1-1024x1024.jpg 1024w, https:\/\/museurealcompanhiavelha.pt\/wp-content\/uploads\/2025\/11\/CECI7177-1-150x150.jpg 150w, https:\/\/museurealcompanhiavelha.pt\/wp-content\/uploads\/2025\/11\/CECI7177-1-768x768.jpg 768w, https:\/\/museurealcompanhiavelha.pt\/wp-content\/uploads\/2025\/11\/CECI7177-1-12x12.jpg 12w, https:\/\/museurealcompanhiavelha.pt\/wp-content\/uploads\/2025\/11\/CECI7177-1-100x100.jpg 100w, https:\/\/museurealcompanhiavelha.pt\/wp-content\/uploads\/2025\/11\/CECI7177-1-350x350.jpg 350w, https:\/\/museurealcompanhiavelha.pt\/wp-content\/uploads\/2025\/11\/CECI7177-1-650x650.jpg 650w, https:\/\/museurealcompanhiavelha.pt\/wp-content\/uploads\/2025\/11\/CECI7177-1-500x500.jpg 500w, https:\/\/museurealcompanhiavelha.pt\/wp-content\/uploads\/2025\/11\/CECI7177-1-415x415.jpg 415w, https:\/\/museurealcompanhiavelha.pt\/wp-content\/uploads\/2025\/11\/CECI7177-1-250x250.jpg 250w, https:\/\/museurealcompanhiavelha.pt\/wp-content\/uploads\/2025\/11\/CECI7177-1-600x600.jpg 600w\" sizes=\"(max-width: 1400px) 100vw, 1400px\" title=\"\">\t\t\t\t\t\t\t\t\t\t\t\t\t\t\t<\/div>\n\t\t\t\t\t<\/div>\n\t\t<\/div>\n\t\t\t\t<div class=\"elementor-column elementor-col-50 elementor-top-column elementor-element elementor-element-0a831af\" data-id=\"0a831af\" data-element_type=\"column\">\n\t\t\t<div class=\"elementor-widget-wrap elementor-element-populated\">\n\t\t\t\t\t\t<div class=\"elementor-element elementor-element-c0ebe2c elementor-widget elementor-widget-loquet-heading-widget\" data-id=\"c0ebe2c\" data-element_type=\"widget\" data-widget_type=\"loquet-heading-widget.default\">\n\t\t\t\t<div class=\"elementor-widget-container\">\n\t\t\t\t\t<div class=\"gt-module-title gt-style-1 gt-align-left gt-light\"><div class=\"gt-sub-title\"><span>Saiba mais<\/span><\/div><div class=\"gt-title\">Apresenta\u00e7\u00e3o &amp; Hist\u00f3ria<\/div><\/div>\t\t\t\t<\/div>\n\t\t\t\t<\/div>\n\t\t\t\t<div class=\"elementor-element elementor-element-b9b96d0 elementor-widget elementor-widget-text-editor\" data-id=\"b9b96d0\" data-element_type=\"widget\" data-widget_type=\"text-editor.default\">\n\t\t\t\t\t\t\t\t\t<p>A <a href=\"https:\/\/realcompanhiavelha.pt\/\" target=\"_blank\" rel=\"noopener\">Real Companhia Velha<\/a> institu\u00edda por Alvar\u00e1 R\u00e9gio de El-Rei D. Jos\u00e9 I, a 10 de Setembro de 1756, det\u00e9m uma presen\u00e7a secular e marcante na hist\u00f3ria do pa\u00eds e concretamente, na regi\u00e3o Norte. Pois foi a\u00ed, que h\u00e1 mais de 260 anos criou, moldou, protegeu e elevou a Regi\u00e3o Demarcada do Douro, tornando-a assim, na primeira Regi\u00e3o Vin\u00edcola Regulamentada do Mundo.<\/p><p>Aquando do seu estabelecimento, esta Companhia de cariz majest\u00e1tico e repleta de privil\u00e9gios e poderes p\u00fablicos, possu\u00eda a sua pr\u00f3pria jurisdi\u00e7\u00e3o. A sua origem teve como base a conjuntura econ\u00f3mica e pol\u00edtica do pa\u00eds em meados do s\u00e9culo XVIII. Nomeadamente a crise econ\u00f3mica relacionada com a exporta\u00e7\u00e3o do vinho do Douro, assim como a reorganiza\u00e7\u00e3o econ\u00f3mica e mercantil levada a cabo pelo Marqu\u00eas de Pombal. A Companhia Geral da Agricultura das Vinhas do Alto Douro foi constitu\u00edda por um conjunto de acionistas compostos pelos Homens Bons da cidade do Porto e pelos principais agricultores da regi\u00e3o do Alto Douro. A sua miss\u00e3o primordial de regulamenta\u00e7\u00e3o reca\u00eda sobre o com\u00e9rcio e sobre a qualidade do vinho proveniente da regi\u00e3o Alto Duriense.<\/p><p>Atrav\u00e9s do nosso Museu, poder\u00e1 ficar a conhecer a hist\u00f3ria da mais antiga empresa do pa\u00eds, com 269 anos de atividade ininterrupta. O seu percurso ficou marcado por grandes momentos de expans\u00e3o e pela execu\u00e7\u00e3o de grandes obras p\u00fablicas, conseguindo ao longo do seu trajeto, superar todas as vicissitudes e obst\u00e1culos que se impuseram. A Real Companhia Velha \u00e9 uma empresa focada no futuro, contudo orgulhosa do seu passado, e \u00e9 assim que com o intuito preservar e divulgar a sua hist\u00f3ria, \u00e9 institu\u00eddo o Museu da 1\u00aa Demarca\u00e7\u00e3o.<\/p>\t\t\t\t\t\t\t\t<\/div>\n\t\t\t\t\t<\/div>\n\t\t<\/div>\n\t\t\t\t\t<\/div>\n\t\t<\/section>\n\t\t\t\t<\/div>\n\t\t","protected":false},"excerpt":{"rendered":"<p>Real Companhia Velha Saiba maisApresenta\u00e7\u00e3o &amp; Hist\u00f3ria A Real Companhia Velha institu\u00edda por Alvar\u00e1 R\u00e9gio de El-Rei D. Jos\u00e9 I, a 10 de Setembro de&#8230;<\/p>\n","protected":false},"author":1,"featured_media":0,"parent":0,"menu_order":0,"comment_status":"closed","ping_status":"closed","template":"elementor_header_footer","meta":{"footnotes":""},"class_list":["post-8131","page","type-page","status-publish","hentry"],"_links":{"self":[{"href":"https:\/\/museurealcompanhiavelha.pt\/pt\/wp-json\/wp\/v2\/pages\/8131","targetHints":{"allow":["GET"]}}],"collection":[{"href":"https:\/\/museurealcompanhiavelha.pt\/pt\/wp-json\/wp\/v2\/pages"}],"about":[{"href":"https:\/\/museurealcompanhiavelha.pt\/pt\/wp-json\/wp\/v2\/types\/page"}],"author":[{"embeddable":true,"href":"https:\/\/museurealcompanhiavelha.pt\/pt\/wp-json\/wp\/v2\/users\/1"}],"replies":[{"embeddable":true,"href":"https:\/\/museurealcompanhiavelha.pt\/pt\/wp-json\/wp\/v2\/comments?post=8131"}],"version-history":[{"count":17,"href":"https:\/\/museurealcompanhiavelha.pt\/pt\/wp-json\/wp\/v2\/pages\/8131\/revisions"}],"predecessor-version":[{"id":9181,"href":"https:\/\/museurealcompanhiavelha.pt\/pt\/wp-json\/wp\/v2\/pages\/8131\/revisions\/9181"}],"wp:attachment":[{"href":"https:\/\/museurealcompanhiavelha.pt\/pt\/wp-json\/wp\/v2\/media?parent=8131"}],"curies":[{"name":"wp","href":"https:\/\/api.w.org\/{rel}","templated":true}]}}